{"id":519,"date":"2018-03-19T12:40:27","date_gmt":"2018-03-19T12:40:27","guid":{"rendered":"https:\/\/www.campingdebocht.nl\/?page_id=519"},"modified":"2023-08-13T12:06:46","modified_gmt":"2023-08-13T12:06:46","slug":"chalets","status":"publish","type":"page","link":"https:\/\/www.campingdebocht.nl\/de\/chalets\/","title":{"rendered":"Chalets"},"content":{"rendered":"<h1>Ein Chalet auf Camping De Bocht mieten<\/h1>\n<p>Wenn Sie ein Chalet auf Camping De Bocht mieten, werden Sie einen herrlichen, erholsamen Urlaub geniessen. Camping De Bocht hat sich auf die Vermietung von Chalets spezialisiert und vermietet einige wundersch\u00f6ne Chalets, sowohl einfache als auch sehr luxuri\u00f6se Chalets. Manche Chalets eignen sich f\u00fcr zwei Personen, manche f\u00fcr die gesamte Familie! In einem Chalet auf Camping De Bocht werden Sie zweifellos die Zeit Ihres Lebens haben. Kurzum: Wenn Sie ein sch\u00f6nes Chalet mieten m\u00f6chten, sind Sie bei Camping de Bocht an der richtigen Adresse.<\/p>\n<p><img loading=\"lazy\" decoding=\"async\" class=\"alignnone size-medium wp-image-634\" src=\"https:\/\/www.campingdebocht.nl\/wp-content\/uploads\/2018\/07\/Chalet-nr-6-Web-300x225.jpg\" alt=\"Chalet nummer 6 - Camping De Bocht Oirschot\" width=\"600\" height=\"450\" srcset=\"https:\/\/www.campingdebocht.nl\/wp-content\/uploads\/2018\/07\/Chalet-nr-6-Web-300x225.jpg 300w, https:\/\/www.campingdebocht.nl\/wp-content\/uploads\/2018\/07\/Chalet-nr-6-Web-768x576.jpg 768w, https:\/\/www.campingdebocht.nl\/wp-content\/uploads\/2018\/07\/Chalet-nr-6-Web.jpg 1000w\" sizes=\"auto, (max-width: 600px) 100vw, 600px\" \/><\/p>\n<p>Das Standard-Chalet verf\u00fcgt \u00fcber ein Wohnzimmer mit M\u00f6beln, Fernseher und Heizung. K\u00fcche mit Gasherd, Abzugshaube, K\u00fchlschrank mit Gefrierfach, T\u00f6pfen, Pfannen, Kaffeemaschine, Schnellkocher, Tellern und Besteck. Ein oder zwei Schlafzimmer mit einem Doppelbett und zwei Einzelbetten f\u00fcr die Kinder (je nach Chalet-Typ kann dies auch ein Etagenbett oder ein Einzelbett sein). Badezimmer mit Waschbecken, Dusche und Toilette. Jedes Chalet verf\u00fcgt \u00fcber einen Schuppen f\u00fcr Ihre Fahrr\u00e4der und eine Terrasse mit Gartenm\u00f6beln. Rauchen ist Verboten in unsere Chalets.<\/p>\n<p>Das Luxus-Chalet ist wie das Standard-Chalet, verf\u00fcgt jedoch \u00fcber eine Luxus-K\u00fcche (K\u00fchl-Gefrier-Kombination) und eine Mikrowelle. Die Kinderzimmer haben gr\u00f6\u00dfere Betten und das Badezimmer ist gr\u00f6sser als in den Standard-Chalets.<\/p>\n<p>Unsere Comfort Chalets sind gleich wie die Luxus-Chalets, aber mit Geschirrsp\u00fcler. Die Comfort Plus Chalets verf\u00fcgen sogar \u00fcber Fu\u00dfbodenheizung und breitere Betten.<\/p>\n<h2>Chalet Mietpreise<\/h2>\n<p>Die Miete eines Chalets beinhaltet alle Kosten (Gas, Wasser, Strom und Internet), jedoch ohne Kurtaxe. Wenn Sie auf die Nummer eines Chalets klicken, sehen Sie ein vergr\u00f6ssertes Bild des Chalets. Nachfolgend finden Sie eine \u00dcbersicht der Mietpreise f\u00fcr Chalets. Die Preise gelten pro Woche von Samstag 15:00 Uhr bis zum darauffolgenden Samstag 10:00 Uhr.<\/p>\n","protected":false},"excerpt":{"rendered":"<p>Ein Chalet auf Camping De Bocht mieten Wenn Sie ein Chalet auf Camping De Bocht mieten, werden Sie einen herrlichen, erholsamen Urlaub geniessen. Camping De Bocht hat sich auf die Vermietung von Chalets spezialisiert und vermietet einige wundersch\u00f6ne Chalets, sowohl einfache als auch sehr luxuri\u00f6se Chalets. Manche Chalets eignen sich f\u00fcr zwei Personen, manche f\u00fcr [&hellip;]<\/p>\n","protected":false},"author":1,"featured_media":0,"parent":0,"menu_order":30,"comment_status":"closed","ping_status":"closed","template":"","meta":{"_acf_changed":false,"footnotes":""},"class_list":["post-519","page","type-page","status-publish","hentry"],"acf":[],"yoast_head":"<!-- This site is optimized with the Yoast SEO plugin v27.5 - https:\/\/yoast.com\/product\/yoast-seo-wordpress\/ -->\n<title>Chalet huren? Voor chalet huur moet je bij Camping De Bocht zijn!<\/title>\n<meta name=\"description\" content=\"Voor de huur van chalets kun je terecht op camping de Bocht. Kijk op onze pagina voor het huren van een sfeervol chalet. Wij hebben chalets te huur in allerlei prijsklassen. Denk aan standaard chalets. luxe chalets, comfort chalets en nog veel meer. Ga nu naar de pagina en bekijk het aanbod.\" \/>\n<meta name=\"robots\" content=\"index, follow, max-snippet:-1, max-image-preview:large, max-video-preview:-1\" \/>\n<link rel=\"canonical\" href=\"https:\/\/www.campingdebocht.nl\/de\/chalets\/\" \/>\n<meta property=\"og:locale\" content=\"de_DE\" \/>\n<meta property=\"og:type\" content=\"article\" \/>\n<meta property=\"og:title\" content=\"Chalet huren? Voor chalet huur moet je bij Camping De Bocht zijn!\" \/>\n<meta property=\"og:description\" content=\"Voor de huur van chalets kun je terecht op camping de Bocht. Kijk op onze pagina voor het huren van een sfeervol chalet. Wij hebben chalets te huur in allerlei prijsklassen. Denk aan standaard chalets. luxe chalets, comfort chalets en nog veel meer. Ga nu naar de pagina en bekijk het aanbod.\" \/>\n<meta property=\"og:url\" content=\"https:\/\/www.campingdebocht.nl\/de\/chalets\/\" \/>\n<meta property=\"og:site_name\" content=\"Camping De Bocht\" \/>\n<meta property=\"article:publisher\" content=\"https:\/\/www.facebook.com\/DeBocht\/\" \/>\n<meta property=\"article:modified_time\" content=\"2023-08-13T12:06:46+00:00\" \/>\n<meta property=\"og:image\" content=\"https:\/\/www.campingdebocht.nl\/wp-content\/uploads\/2018\/07\/Chalet-nr-6-Web-300x225.jpg\" \/>\n<meta name=\"twitter:card\" content=\"summary_large_image\" \/>\n<script type=\"application\/ld+json\" class=\"yoast-schema-graph\">{\"@context\":\"https:\\\/\\\/schema.org\",\"@graph\":[{\"@type\":\"WebPage\",\"@id\":\"https:\\\/\\\/www.campingdebocht.nl\\\/de\\\/chalets\\\/\",\"url\":\"https:\\\/\\\/www.campingdebocht.nl\\\/de\\\/chalets\\\/\",\"name\":\"Chalet huren? Voor chalet huur moet je bij Camping De Bocht zijn!\",\"isPartOf\":{\"@id\":\"https:\\\/\\\/www.campingdebocht.nl\\\/#website\"},\"primaryImageOfPage\":{\"@id\":\"https:\\\/\\\/www.campingdebocht.nl\\\/de\\\/chalets\\\/#primaryimage\"},\"image\":{\"@id\":\"https:\\\/\\\/www.campingdebocht.nl\\\/de\\\/chalets\\\/#primaryimage\"},\"thumbnailUrl\":\"https:\\\/\\\/www.campingdebocht.nl\\\/wp-content\\\/uploads\\\/2018\\\/07\\\/Chalet-nr-6-Web-300x225.jpg\",\"datePublished\":\"2018-03-19T12:40:27+00:00\",\"dateModified\":\"2023-08-13T12:06:46+00:00\",\"description\":\"Voor de huur van chalets kun je terecht op camping de Bocht. Kijk op onze pagina voor het huren van een sfeervol chalet. Wij hebben chalets te huur in allerlei prijsklassen. Denk aan standaard chalets. luxe chalets, comfort chalets en nog veel meer. Ga nu naar de pagina en bekijk het aanbod.\",\"breadcrumb\":{\"@id\":\"https:\\\/\\\/www.campingdebocht.nl\\\/de\\\/chalets\\\/#breadcrumb\"},\"inLanguage\":\"de\",\"potentialAction\":[{\"@type\":\"ReadAction\",\"target\":[\"https:\\\/\\\/www.campingdebocht.nl\\\/de\\\/chalets\\\/\"]}]},{\"@type\":\"ImageObject\",\"inLanguage\":\"de\",\"@id\":\"https:\\\/\\\/www.campingdebocht.nl\\\/de\\\/chalets\\\/#primaryimage\",\"url\":\"https:\\\/\\\/www.campingdebocht.nl\\\/wp-content\\\/uploads\\\/2018\\\/07\\\/Chalet-nr-6-Web-300x225.jpg\",\"contentUrl\":\"https:\\\/\\\/www.campingdebocht.nl\\\/wp-content\\\/uploads\\\/2018\\\/07\\\/Chalet-nr-6-Web-300x225.jpg\"},{\"@type\":\"BreadcrumbList\",\"@id\":\"https:\\\/\\\/www.campingdebocht.nl\\\/de\\\/chalets\\\/#breadcrumb\",\"itemListElement\":[{\"@type\":\"ListItem\",\"position\":1,\"name\":\"Home\",\"item\":\"https:\\\/\\\/www.campingdebocht.nl\\\/de\\\/\"},{\"@type\":\"ListItem\",\"position\":2,\"name\":\"Chalets\"}]},{\"@type\":\"WebSite\",\"@id\":\"https:\\\/\\\/www.campingdebocht.nl\\\/#website\",\"url\":\"https:\\\/\\\/www.campingdebocht.nl\\\/\",\"name\":\"Camping De Bocht\",\"description\":\"\",\"publisher\":{\"@id\":\"https:\\\/\\\/www.campingdebocht.nl\\\/#organization\"},\"potentialAction\":[{\"@type\":\"SearchAction\",\"target\":{\"@type\":\"EntryPoint\",\"urlTemplate\":\"https:\\\/\\\/www.campingdebocht.nl\\\/?s={search_term_string}\"},\"query-input\":{\"@type\":\"PropertyValueSpecification\",\"valueRequired\":true,\"valueName\":\"search_term_string\"}}],\"inLanguage\":\"de\"},{\"@type\":\"Organization\",\"@id\":\"https:\\\/\\\/www.campingdebocht.nl\\\/#organization\",\"name\":\"Camping De Bocht\",\"url\":\"https:\\\/\\\/www.campingdebocht.nl\\\/\",\"logo\":{\"@type\":\"ImageObject\",\"inLanguage\":\"de\",\"@id\":\"https:\\\/\\\/www.campingdebocht.nl\\\/#\\\/schema\\\/logo\\\/image\\\/\",\"url\":\"https:\\\/\\\/www.campingdebocht.nl\\\/wp-content\\\/uploads\\\/2018\\\/03\\\/logo.png\",\"contentUrl\":\"https:\\\/\\\/www.campingdebocht.nl\\\/wp-content\\\/uploads\\\/2018\\\/03\\\/logo.png\",\"width\":160,\"height\":101,\"caption\":\"Camping De Bocht\"},\"image\":{\"@id\":\"https:\\\/\\\/www.campingdebocht.nl\\\/#\\\/schema\\\/logo\\\/image\\\/\"},\"sameAs\":[\"https:\\\/\\\/www.facebook.com\\\/DeBocht\\\/\",\"https:\\\/\\\/www.youtube.com\\\/channel\\\/UCGfdDFj8qB5BdynzAA8AD7Q\"]}]}<\/script>\n<!-- \/ Yoast SEO plugin. -->","yoast_head_json":{"title":"Chalet huren? Voor chalet huur moet je bij Camping De Bocht zijn!","description":"Voor de huur van chalets kun je terecht op camping de Bocht. Kijk op onze pagina voor het huren van een sfeervol chalet. Wij hebben chalets te huur in allerlei prijsklassen. Denk aan standaard chalets. luxe chalets, comfort chalets en nog veel meer. Ga nu naar de pagina en bekijk het aanbod.","robots":{"index":"index","follow":"follow","max-snippet":"max-snippet:-1","max-image-preview":"max-image-preview:large","max-video-preview":"max-video-preview:-1"},"canonical":"https:\/\/www.campingdebocht.nl\/de\/chalets\/","og_locale":"de_DE","og_type":"article","og_title":"Chalet huren? Voor chalet huur moet je bij Camping De Bocht zijn!","og_description":"Voor de huur van chalets kun je terecht op camping de Bocht. Kijk op onze pagina voor het huren van een sfeervol chalet. Wij hebben chalets te huur in allerlei prijsklassen. Denk aan standaard chalets. luxe chalets, comfort chalets en nog veel meer. Ga nu naar de pagina en bekijk het aanbod.","og_url":"https:\/\/www.campingdebocht.nl\/de\/chalets\/","og_site_name":"Camping De Bocht","article_publisher":"https:\/\/www.facebook.com\/DeBocht\/","article_modified_time":"2023-08-13T12:06:46+00:00","og_image":[{"url":"https:\/\/www.campingdebocht.nl\/wp-content\/uploads\/2018\/07\/Chalet-nr-6-Web-300x225.jpg","type":"","width":"","height":""}],"twitter_card":"summary_large_image","schema":{"@context":"https:\/\/schema.org","@graph":[{"@type":"WebPage","@id":"https:\/\/www.campingdebocht.nl\/de\/chalets\/","url":"https:\/\/www.campingdebocht.nl\/de\/chalets\/","name":"Chalet huren? Voor chalet huur moet je bij Camping De Bocht zijn!","isPartOf":{"@id":"https:\/\/www.campingdebocht.nl\/#website"},"primaryImageOfPage":{"@id":"https:\/\/www.campingdebocht.nl\/de\/chalets\/#primaryimage"},"image":{"@id":"https:\/\/www.campingdebocht.nl\/de\/chalets\/#primaryimage"},"thumbnailUrl":"https:\/\/www.campingdebocht.nl\/wp-content\/uploads\/2018\/07\/Chalet-nr-6-Web-300x225.jpg","datePublished":"2018-03-19T12:40:27+00:00","dateModified":"2023-08-13T12:06:46+00:00","description":"Voor de huur van chalets kun je terecht op camping de Bocht. Kijk op onze pagina voor het huren van een sfeervol chalet. Wij hebben chalets te huur in allerlei prijsklassen. Denk aan standaard chalets. luxe chalets, comfort chalets en nog veel meer. Ga nu naar de pagina en bekijk het aanbod.","breadcrumb":{"@id":"https:\/\/www.campingdebocht.nl\/de\/chalets\/#breadcrumb"},"inLanguage":"de","potentialAction":[{"@type":"ReadAction","target":["https:\/\/www.campingdebocht.nl\/de\/chalets\/"]}]},{"@type":"ImageObject","inLanguage":"de","@id":"https:\/\/www.campingdebocht.nl\/de\/chalets\/#primaryimage","url":"https:\/\/www.campingdebocht.nl\/wp-content\/uploads\/2018\/07\/Chalet-nr-6-Web-300x225.jpg","contentUrl":"https:\/\/www.campingdebocht.nl\/wp-content\/uploads\/2018\/07\/Chalet-nr-6-Web-300x225.jpg"},{"@type":"BreadcrumbList","@id":"https:\/\/www.campingdebocht.nl\/de\/chalets\/#breadcrumb","itemListElement":[{"@type":"ListItem","position":1,"name":"Home","item":"https:\/\/www.campingdebocht.nl\/de\/"},{"@type":"ListItem","position":2,"name":"Chalets"}]},{"@type":"WebSite","@id":"https:\/\/www.campingdebocht.nl\/#website","url":"https:\/\/www.campingdebocht.nl\/","name":"Camping De Bocht","description":"","publisher":{"@id":"https:\/\/www.campingdebocht.nl\/#organization"},"potentialAction":[{"@type":"SearchAction","target":{"@type":"EntryPoint","urlTemplate":"https:\/\/www.campingdebocht.nl\/?s={search_term_string}"},"query-input":{"@type":"PropertyValueSpecification","valueRequired":true,"valueName":"search_term_string"}}],"inLanguage":"de"},{"@type":"Organization","@id":"https:\/\/www.campingdebocht.nl\/#organization","name":"Camping De Bocht","url":"https:\/\/www.campingdebocht.nl\/","logo":{"@type":"ImageObject","inLanguage":"de","@id":"https:\/\/www.campingdebocht.nl\/#\/schema\/logo\/image\/","url":"https:\/\/www.campingdebocht.nl\/wp-content\/uploads\/2018\/03\/logo.png","contentUrl":"https:\/\/www.campingdebocht.nl\/wp-content\/uploads\/2018\/03\/logo.png","width":160,"height":101,"caption":"Camping De Bocht"},"image":{"@id":"https:\/\/www.campingdebocht.nl\/#\/schema\/logo\/image\/"},"sameAs":["https:\/\/www.facebook.com\/DeBocht\/","https:\/\/www.youtube.com\/channel\/UCGfdDFj8qB5BdynzAA8AD7Q"]}]}},"_links":{"self":[{"href":"https:\/\/www.campingdebocht.nl\/de\/wp-json\/wp\/v2\/pages\/519","targetHints":{"allow":["GET"]}}],"collection":[{"href":"https:\/\/www.campingdebocht.nl\/de\/wp-json\/wp\/v2\/pages"}],"about":[{"href":"https:\/\/www.campingdebocht.nl\/de\/wp-json\/wp\/v2\/types\/page"}],"author":[{"embeddable":true,"href":"https:\/\/www.campingdebocht.nl\/de\/wp-json\/wp\/v2\/users\/1"}],"replies":[{"embeddable":true,"href":"https:\/\/www.campingdebocht.nl\/de\/wp-json\/wp\/v2\/comments?post=519"}],"version-history":[{"count":25,"href":"https:\/\/www.campingdebocht.nl\/de\/wp-json\/wp\/v2\/pages\/519\/revisions"}],"predecessor-version":[{"id":2465,"href":"https:\/\/www.campingdebocht.nl\/de\/wp-json\/wp\/v2\/pages\/519\/revisions\/2465"}],"wp:attachment":[{"href":"https:\/\/www.campingdebocht.nl\/de\/wp-json\/wp\/v2\/media?parent=519"}],"curies":[{"name":"wp","href":"https:\/\/api.w.org\/{rel}","templated":true}]}}