{"id":1599,"date":"2021-01-21T18:14:58","date_gmt":"2021-01-21T18:14:58","guid":{"rendered":"https:\/\/www.campingdebocht.nl\/?page_id=1599"},"modified":"2021-02-08T14:13:01","modified_gmt":"2021-02-08T14:13:01","slug":"datenschutzerklaerung","status":"publish","type":"page","link":"https:\/\/www.campingdebocht.nl\/de\/datenschutzerklaerung\/","title":{"rendered":"Datenschutzerkl\u00e4rung"},"content":{"rendered":"<h1><strong>Datenschutzerkl\u00e4rung Camping De Bocht<\/strong><\/h1>\n<p>Diese Datenschutzerkl\u00e4rung soll einen Einblick in den Umgang von Camping De Bocht mit der Privatsph\u00e4re von Kunden, Interessenten und Besuchern geben. Camping De Bocht befindet sich in Oirschot und ist in der Handelskammer unter Nummer 17043524 eingetragen. Mit dieser Datenschutzerkl\u00e4rung und die getroffenen Ma\u00dfnahmen entsprechen wir den Bestimmungen des DSGVO-Datenschutzgesetzes (<u><a href=\"https:\/\/autoriteitpersoonsgegevens.nl\/nl\/onderwerpen\/avg-europese-privacywetgeving\">Datenschutz-Grundverordnung<\/a><\/u>).<\/p>\n<h2><strong>Welche personenbezogene Daten wir sammeln und warum<\/strong><\/h2>\n<p><strong>Kundendaten<\/strong><br \/>\nWir sammeln die notwendigen Daten von Kunden, um unsere Dienstleistungen erbringen zu k\u00f6nnen. Diese Daten bestehen aus Name, Adressendaten, E-Mail Adresse, Geburtsdatum und Nummernschild des Fahrzeugs. Diese Daten werden f\u00fcr die Steuerbeh\u00f6rden verwendet und das Nummernschild f\u00fcr die Bedienung der Schranke.<\/p>\n<p><strong>Eingebettete Inhalte von anderen Websites<\/strong><br \/>\nAuf den Seiten dieser Website k\u00f6nnen eingebettete Inhalte angezeigt werden, zum Beispiel YouTube und Google Maps. Eingebettete Inhalte von anderen Websites verhalten sich genauso , als w\u00fcrde der Besucher diese Website besuchen. Die Websites sammeln m\u00f6glicherweise Daten \u00fcber Sie, verwenden Cookies und \u00fcberwachen Ihre Interaktion mit eingebetteten Inhalten, einschlie\u00dflich der Interaktion mit eingebetteten Inhalten, wenn Sie ein Account haben und auf dieser Website angemeldet sind.<\/p>\n<p><strong>Besucherstatistiken<\/strong><\/p>\n<p>Campingdebocht.nl verwendet Google Analytics um die Statistiken der Besucher zu \u00fcberwachen. Wir haben die Daten die von Google Analytics gespeichert werden anonymisiert (Anonymize IP), indem wir das letzte Oktett der IP-Adresse Ihres Besuches entfernt haben. Wir haben die Datenfreigabe mit Google Analytics f\u00fcr Campingdebocht.nl\u00a0 deaktiviert und keine anderen Google-Dienste werden in Kombination mit den Google Analytics Cookies verwendet. Mit Google wurden eine Prozessorvereinbarung geschlossen, in der festgelegt wird, wie Google mit den Daten von Besuchern umgeht. Dies sieht vor, dass Google nur als Verarbeiter bei der Verarbeitung der personenbezogenen Daten unserer Website-Besucher fungiert.<\/p>\n<h2><strong>Mit wem wir Ihre Daten teilen<\/strong><\/h2>\n<p>Wir werden die personenbezogenen Daten, die wir von unseren Kunden erhalten, so wenig m\u00f6glich an Dritte weitergeben. Die Gemeinde, die Polizei und die Steuerbeh\u00f6rden k\u00f6nnen diese Informationen anfordern.<\/p>\n<h2><strong>Wie lange wie Ihre Daten aufbewahren<\/strong><\/h2>\n<p>Personenbezogene Daten werden nicht unn\u00f6tig lange aufbewahrt. Nur f\u00fcr die Steuerbeh\u00f6rden werden sie 7 Jahre aufbewahrt.<\/p>\n<p>Die Aufbewahrungsfrist f\u00fcr die (anonymisierten) Daten die \u00fcber Google Analytics gesammelt werden, betr\u00e4gt 26 Monate.<\/p>\n<h2><strong>Welche Rechte haben Sie in Bezug auf Ihre Daten<\/strong><\/h2>\n<p>Sie sind berechtigt Ihre personenbezogenen Daten anzuzeigen, zu korrigieren oder zu l\u00f6schen. Senden Sie eine E-Mail mit dieser Anfrage an: <u><a href=\"mailto:info@campingdebocht.nl\">info@campingdebocht.nl<\/a><\/u>.<\/p>\n<h2><strong>Wie wir Ihre Daten sichern<\/strong><\/h2>\n<p>Bei Camping De Bocht verwenden wir eine verschl\u00fcsselte SSL-Verbindung auf unserer Website, um zu verhindern, dass Besucherdaten geleckt wird.<\/p>\n<p>Im Bereich der Datenspeicherung verwenden wir Antivirensoftware und unsere Website ist gegen Datendiebstahl gesichert um Hacks zu verhindern.<\/p>\n<p>Unsere Website wurde von Delta IT bearbeitet, um den Datenschutzgesetzen der DSGVO zu entsprechen.<\/p>\n","protected":false},"excerpt":{"rendered":"<p>Datenschutzerkl\u00e4rung Camping De Bocht Diese Datenschutzerkl\u00e4rung soll einen Einblick in den Umgang von Camping De Bocht mit der Privatsph\u00e4re von Kunden, Interessenten und Besuchern geben. Camping De Bocht befindet sich in Oirschot und ist in der Handelskammer unter Nummer 17043524 eingetragen. Mit dieser Datenschutzerkl\u00e4rung und die getroffenen Ma\u00dfnahmen entsprechen wir den Bestimmungen des DSGVO-Datenschutzgesetzes (Datenschutz-Grundverordnung). [&hellip;]<\/p>\n","protected":false},"author":1,"featured_media":0,"parent":0,"menu_order":260,"comment_status":"closed","ping_status":"closed","template":"","meta":{"_acf_changed":false,"footnotes":""},"class_list":["post-1599","page","type-page","status-publish","hentry"],"acf":[],"yoast_head":"<!-- This site is optimized with the Yoast SEO plugin v27.5 - https:\/\/yoast.com\/product\/yoast-seo-wordpress\/ -->\n<title>Datenschutzerkl\u00e4rung - Camping De Bocht<\/title>\n<meta name=\"robots\" content=\"index, follow, max-snippet:-1, max-image-preview:large, max-video-preview:-1\" \/>\n<link rel=\"canonical\" href=\"https:\/\/www.campingdebocht.nl\/de\/datenschutzerklaerung\/\" \/>\n<meta property=\"og:locale\" content=\"de_DE\" \/>\n<meta property=\"og:type\" content=\"article\" \/>\n<meta property=\"og:title\" content=\"Datenschutzerkl\u00e4rung - Camping De Bocht\" \/>\n<meta property=\"og:description\" content=\"Datenschutzerkl\u00e4rung Camping De Bocht Diese Datenschutzerkl\u00e4rung soll einen Einblick in den Umgang von Camping De Bocht mit der Privatsph\u00e4re von Kunden, Interessenten und Besuchern geben. Camping De Bocht befindet sich in Oirschot und ist in der Handelskammer unter Nummer 17043524 eingetragen. Mit dieser Datenschutzerkl\u00e4rung und die getroffenen Ma\u00dfnahmen entsprechen wir den Bestimmungen des DSGVO-Datenschutzgesetzes (Datenschutz-Grundverordnung). [&hellip;]\" \/>\n<meta property=\"og:url\" content=\"https:\/\/www.campingdebocht.nl\/de\/datenschutzerklaerung\/\" \/>\n<meta property=\"og:site_name\" content=\"Camping De Bocht\" \/>\n<meta property=\"article:publisher\" content=\"https:\/\/www.facebook.com\/DeBocht\/\" \/>\n<meta property=\"article:modified_time\" content=\"2021-02-08T14:13:01+00:00\" \/>\n<meta property=\"og:image\" content=\"https:\/\/www.campingdebocht.nl\/wp-content\/uploads\/2018\/12\/camping-de-bocht-social.png\" \/>\n\t<meta property=\"og:image:width\" content=\"1200\" \/>\n\t<meta property=\"og:image:height\" content=\"630\" \/>\n\t<meta property=\"og:image:type\" content=\"image\/png\" \/>\n<meta name=\"twitter:card\" content=\"summary_large_image\" \/>\n<script type=\"application\/ld+json\" class=\"yoast-schema-graph\">{\"@context\":\"https:\\\/\\\/schema.org\",\"@graph\":[{\"@type\":\"WebPage\",\"@id\":\"https:\\\/\\\/www.campingdebocht.nl\\\/de\\\/datenschutzerklaerung\\\/\",\"url\":\"https:\\\/\\\/www.campingdebocht.nl\\\/de\\\/datenschutzerklaerung\\\/\",\"name\":\"Datenschutzerkl\u00e4rung - Camping De Bocht\",\"isPartOf\":{\"@id\":\"https:\\\/\\\/www.campingdebocht.nl\\\/#website\"},\"datePublished\":\"2021-01-21T18:14:58+00:00\",\"dateModified\":\"2021-02-08T14:13:01+00:00\",\"breadcrumb\":{\"@id\":\"https:\\\/\\\/www.campingdebocht.nl\\\/de\\\/datenschutzerklaerung\\\/#breadcrumb\"},\"inLanguage\":\"de\",\"potentialAction\":[{\"@type\":\"ReadAction\",\"target\":[\"https:\\\/\\\/www.campingdebocht.nl\\\/de\\\/datenschutzerklaerung\\\/\"]}]},{\"@type\":\"BreadcrumbList\",\"@id\":\"https:\\\/\\\/www.campingdebocht.nl\\\/de\\\/datenschutzerklaerung\\\/#breadcrumb\",\"itemListElement\":[{\"@type\":\"ListItem\",\"position\":1,\"name\":\"Home\",\"item\":\"https:\\\/\\\/www.campingdebocht.nl\\\/de\\\/\"},{\"@type\":\"ListItem\",\"position\":2,\"name\":\"Datenschutzerkl\u00e4rung\"}]},{\"@type\":\"WebSite\",\"@id\":\"https:\\\/\\\/www.campingdebocht.nl\\\/#website\",\"url\":\"https:\\\/\\\/www.campingdebocht.nl\\\/\",\"name\":\"Camping De Bocht\",\"description\":\"\",\"publisher\":{\"@id\":\"https:\\\/\\\/www.campingdebocht.nl\\\/#organization\"},\"potentialAction\":[{\"@type\":\"SearchAction\",\"target\":{\"@type\":\"EntryPoint\",\"urlTemplate\":\"https:\\\/\\\/www.campingdebocht.nl\\\/?s={search_term_string}\"},\"query-input\":{\"@type\":\"PropertyValueSpecification\",\"valueRequired\":true,\"valueName\":\"search_term_string\"}}],\"inLanguage\":\"de\"},{\"@type\":\"Organization\",\"@id\":\"https:\\\/\\\/www.campingdebocht.nl\\\/#organization\",\"name\":\"Camping De Bocht\",\"url\":\"https:\\\/\\\/www.campingdebocht.nl\\\/\",\"logo\":{\"@type\":\"ImageObject\",\"inLanguage\":\"de\",\"@id\":\"https:\\\/\\\/www.campingdebocht.nl\\\/#\\\/schema\\\/logo\\\/image\\\/\",\"url\":\"https:\\\/\\\/www.campingdebocht.nl\\\/wp-content\\\/uploads\\\/2018\\\/03\\\/logo.png\",\"contentUrl\":\"https:\\\/\\\/www.campingdebocht.nl\\\/wp-content\\\/uploads\\\/2018\\\/03\\\/logo.png\",\"width\":160,\"height\":101,\"caption\":\"Camping De Bocht\"},\"image\":{\"@id\":\"https:\\\/\\\/www.campingdebocht.nl\\\/#\\\/schema\\\/logo\\\/image\\\/\"},\"sameAs\":[\"https:\\\/\\\/www.facebook.com\\\/DeBocht\\\/\",\"https:\\\/\\\/www.youtube.com\\\/channel\\\/UCGfdDFj8qB5BdynzAA8AD7Q\"]}]}<\/script>\n<!-- \/ Yoast SEO plugin. -->","yoast_head_json":{"title":"Datenschutzerkl\u00e4rung - Camping De Bocht","robots":{"index":"index","follow":"follow","max-snippet":"max-snippet:-1","max-image-preview":"max-image-preview:large","max-video-preview":"max-video-preview:-1"},"canonical":"https:\/\/www.campingdebocht.nl\/de\/datenschutzerklaerung\/","og_locale":"de_DE","og_type":"article","og_title":"Datenschutzerkl\u00e4rung - Camping De Bocht","og_description":"Datenschutzerkl\u00e4rung Camping De Bocht Diese Datenschutzerkl\u00e4rung soll einen Einblick in den Umgang von Camping De Bocht mit der Privatsph\u00e4re von Kunden, Interessenten und Besuchern geben. Camping De Bocht befindet sich in Oirschot und ist in der Handelskammer unter Nummer 17043524 eingetragen. Mit dieser Datenschutzerkl\u00e4rung und die getroffenen Ma\u00dfnahmen entsprechen wir den Bestimmungen des DSGVO-Datenschutzgesetzes (Datenschutz-Grundverordnung). [&hellip;]","og_url":"https:\/\/www.campingdebocht.nl\/de\/datenschutzerklaerung\/","og_site_name":"Camping De Bocht","article_publisher":"https:\/\/www.facebook.com\/DeBocht\/","article_modified_time":"2021-02-08T14:13:01+00:00","og_image":[{"width":1200,"height":630,"url":"https:\/\/www.campingdebocht.nl\/wp-content\/uploads\/2018\/12\/camping-de-bocht-social.png","type":"image\/png"}],"twitter_card":"summary_large_image","schema":{"@context":"https:\/\/schema.org","@graph":[{"@type":"WebPage","@id":"https:\/\/www.campingdebocht.nl\/de\/datenschutzerklaerung\/","url":"https:\/\/www.campingdebocht.nl\/de\/datenschutzerklaerung\/","name":"Datenschutzerkl\u00e4rung - Camping De Bocht","isPartOf":{"@id":"https:\/\/www.campingdebocht.nl\/#website"},"datePublished":"2021-01-21T18:14:58+00:00","dateModified":"2021-02-08T14:13:01+00:00","breadcrumb":{"@id":"https:\/\/www.campingdebocht.nl\/de\/datenschutzerklaerung\/#breadcrumb"},"inLanguage":"de","potentialAction":[{"@type":"ReadAction","target":["https:\/\/www.campingdebocht.nl\/de\/datenschutzerklaerung\/"]}]},{"@type":"BreadcrumbList","@id":"https:\/\/www.campingdebocht.nl\/de\/datenschutzerklaerung\/#breadcrumb","itemListElement":[{"@type":"ListItem","position":1,"name":"Home","item":"https:\/\/www.campingdebocht.nl\/de\/"},{"@type":"ListItem","position":2,"name":"Datenschutzerkl\u00e4rung"}]},{"@type":"WebSite","@id":"https:\/\/www.campingdebocht.nl\/#website","url":"https:\/\/www.campingdebocht.nl\/","name":"Camping De Bocht","description":"","publisher":{"@id":"https:\/\/www.campingdebocht.nl\/#organization"},"potentialAction":[{"@type":"SearchAction","target":{"@type":"EntryPoint","urlTemplate":"https:\/\/www.campingdebocht.nl\/?s={search_term_string}"},"query-input":{"@type":"PropertyValueSpecification","valueRequired":true,"valueName":"search_term_string"}}],"inLanguage":"de"},{"@type":"Organization","@id":"https:\/\/www.campingdebocht.nl\/#organization","name":"Camping De Bocht","url":"https:\/\/www.campingdebocht.nl\/","logo":{"@type":"ImageObject","inLanguage":"de","@id":"https:\/\/www.campingdebocht.nl\/#\/schema\/logo\/image\/","url":"https:\/\/www.campingdebocht.nl\/wp-content\/uploads\/2018\/03\/logo.png","contentUrl":"https:\/\/www.campingdebocht.nl\/wp-content\/uploads\/2018\/03\/logo.png","width":160,"height":101,"caption":"Camping De Bocht"},"image":{"@id":"https:\/\/www.campingdebocht.nl\/#\/schema\/logo\/image\/"},"sameAs":["https:\/\/www.facebook.com\/DeBocht\/","https:\/\/www.youtube.com\/channel\/UCGfdDFj8qB5BdynzAA8AD7Q"]}]}},"_links":{"self":[{"href":"https:\/\/www.campingdebocht.nl\/de\/wp-json\/wp\/v2\/pages\/1599","targetHints":{"allow":["GET"]}}],"collection":[{"href":"https:\/\/www.campingdebocht.nl\/de\/wp-json\/wp\/v2\/pages"}],"about":[{"href":"https:\/\/www.campingdebocht.nl\/de\/wp-json\/wp\/v2\/types\/page"}],"author":[{"embeddable":true,"href":"https:\/\/www.campingdebocht.nl\/de\/wp-json\/wp\/v2\/users\/1"}],"replies":[{"embeddable":true,"href":"https:\/\/www.campingdebocht.nl\/de\/wp-json\/wp\/v2\/comments?post=1599"}],"version-history":[{"count":3,"href":"https:\/\/www.campingdebocht.nl\/de\/wp-json\/wp\/v2\/pages\/1599\/revisions"}],"predecessor-version":[{"id":1671,"href":"https:\/\/www.campingdebocht.nl\/de\/wp-json\/wp\/v2\/pages\/1599\/revisions\/1671"}],"wp:attachment":[{"href":"https:\/\/www.campingdebocht.nl\/de\/wp-json\/wp\/v2\/media?parent=1599"}],"curies":[{"name":"wp","href":"https:\/\/api.w.org\/{rel}","templated":true}]}}