{"id":1597,"date":"2021-01-21T18:05:30","date_gmt":"2021-01-21T18:05:30","guid":{"rendered":"https:\/\/www.campingdebocht.nl\/?page_id=1597"},"modified":"2021-01-21T19:24:16","modified_gmt":"2021-01-21T19:24:16","slug":"disclaimer","status":"publish","type":"page","link":"https:\/\/www.campingdebocht.nl\/de\/disclaimer\/","title":{"rendered":"Disclaimer"},"content":{"rendered":"<h1>Disclaimer<\/h1>\n<p>Der Disclaimer erl\u00e4utert die Rechte und Verpflichtungen des Website-Besuchers und des Website-Eigent\u00fcmers.<\/p>\n<p>In diesem Disclaimer gelten folgende Definitionen: Der Eigent\u00fcmer: Der Eigent\u00fcmer der Website, Verwendung: alle denkbaren Handlungen; Sie: der Benutzer (Besucher) der Website; Inhalt: alle auf der Website vorhandenen Inhalte;<\/p>\n<p>Nachfolgendes ist anwendbar auf die Seite, die Sie derzeit auf unserer Website anzeigen.<\/p>\n<p>Indem Sie diese Seite nutzen, stimmen Sie dem Disclaimer automatisch zu. Der Inhalt wurde vom Eigent\u00fcmer und Website Designer mit gr\u00f6\u00dfter Sorgfalt zusammengestellt, der Eigent\u00fcmer \u00fcbernimmt jedoch keinerlei Haftung f\u00fcr m\u00f6gliche Ungenauigkeiten. Der Eigent\u00fcmer haftet nicht f\u00fcr den Inhalt der mit dieser Website verkn\u00fcpften Dateien. Die unbefugte oder uneigentliche Verwendung des Inhalts oder von Teilen davon verletzt Rechte des geistigen Eigentums. Die Erlaubnis, den angezeigten Inhalt oder von Teilen davon an anderen \u00f6ffentlich zug\u00e4nglichen Stellen zu verwenden, muss schriftlich beantragt werden. Ohne diese schriftliche Erlaubnis k\u00f6nnen Sie keinen Inhalt oder Teile dieser Website verwenden.<\/p>\n<p>Haben Sie Fragen zum Disclaimer<br \/>\nNehmen Sie dann <a href=\"https:\/\/www.campingdebocht.nl\/de\/kontakt\/\">Kontakt<\/a> mit uns auf<\/p>\n","protected":false},"excerpt":{"rendered":"<p>Disclaimer Der Disclaimer erl\u00e4utert die Rechte und Verpflichtungen des Website-Besuchers und des Website-Eigent\u00fcmers. In diesem Disclaimer gelten folgende Definitionen: Der Eigent\u00fcmer: Der Eigent\u00fcmer der Website, Verwendung: alle denkbaren Handlungen; Sie: der Benutzer (Besucher) der Website; Inhalt: alle auf der Website vorhandenen Inhalte; Nachfolgendes ist anwendbar auf die Seite, die Sie derzeit auf unserer Website anzeigen. [&hellip;]<\/p>\n","protected":false},"author":1,"featured_media":0,"parent":0,"menu_order":250,"comment_status":"closed","ping_status":"closed","template":"","meta":{"_acf_changed":false,"footnotes":""},"class_list":["post-1597","page","type-page","status-publish","hentry"],"acf":[],"yoast_head":"<!-- This site is optimized with the Yoast SEO plugin v27.5 - https:\/\/yoast.com\/product\/yoast-seo-wordpress\/ -->\n<title>Disclaimer - Camping De Bocht<\/title>\n<meta name=\"robots\" content=\"index, follow, max-snippet:-1, max-image-preview:large, max-video-preview:-1\" \/>\n<link rel=\"canonical\" href=\"https:\/\/www.campingdebocht.nl\/de\/disclaimer\/\" \/>\n<meta property=\"og:locale\" content=\"de_DE\" \/>\n<meta property=\"og:type\" content=\"article\" \/>\n<meta property=\"og:title\" content=\"Disclaimer - Camping De Bocht\" \/>\n<meta property=\"og:description\" content=\"Disclaimer Der Disclaimer erl\u00e4utert die Rechte und Verpflichtungen des Website-Besuchers und des Website-Eigent\u00fcmers. In diesem Disclaimer gelten folgende Definitionen: Der Eigent\u00fcmer: Der Eigent\u00fcmer der Website, Verwendung: alle denkbaren Handlungen; Sie: der Benutzer (Besucher) der Website; Inhalt: alle auf der Website vorhandenen Inhalte; Nachfolgendes ist anwendbar auf die Seite, die Sie derzeit auf unserer Website anzeigen. [&hellip;]\" \/>\n<meta property=\"og:url\" content=\"https:\/\/www.campingdebocht.nl\/de\/disclaimer\/\" \/>\n<meta property=\"og:site_name\" content=\"Camping De Bocht\" \/>\n<meta property=\"article:publisher\" content=\"https:\/\/www.facebook.com\/DeBocht\/\" \/>\n<meta property=\"article:modified_time\" content=\"2021-01-21T19:24:16+00:00\" \/>\n<meta property=\"og:image\" content=\"https:\/\/www.campingdebocht.nl\/wp-content\/uploads\/2018\/12\/camping-de-bocht-social.png\" \/>\n\t<meta property=\"og:image:width\" content=\"1200\" \/>\n\t<meta property=\"og:image:height\" content=\"630\" \/>\n\t<meta property=\"og:image:type\" content=\"image\/png\" \/>\n<meta name=\"twitter:card\" content=\"summary_large_image\" \/>\n<script type=\"application\/ld+json\" class=\"yoast-schema-graph\">{\"@context\":\"https:\\\/\\\/schema.org\",\"@graph\":[{\"@type\":\"WebPage\",\"@id\":\"https:\\\/\\\/www.campingdebocht.nl\\\/de\\\/disclaimer\\\/\",\"url\":\"https:\\\/\\\/www.campingdebocht.nl\\\/de\\\/disclaimer\\\/\",\"name\":\"Disclaimer - Camping De Bocht\",\"isPartOf\":{\"@id\":\"https:\\\/\\\/www.campingdebocht.nl\\\/#website\"},\"datePublished\":\"2021-01-21T18:05:30+00:00\",\"dateModified\":\"2021-01-21T19:24:16+00:00\",\"breadcrumb\":{\"@id\":\"https:\\\/\\\/www.campingdebocht.nl\\\/de\\\/disclaimer\\\/#breadcrumb\"},\"inLanguage\":\"de\",\"potentialAction\":[{\"@type\":\"ReadAction\",\"target\":[\"https:\\\/\\\/www.campingdebocht.nl\\\/de\\\/disclaimer\\\/\"]}]},{\"@type\":\"BreadcrumbList\",\"@id\":\"https:\\\/\\\/www.campingdebocht.nl\\\/de\\\/disclaimer\\\/#breadcrumb\",\"itemListElement\":[{\"@type\":\"ListItem\",\"position\":1,\"name\":\"Home\",\"item\":\"https:\\\/\\\/www.campingdebocht.nl\\\/de\\\/\"},{\"@type\":\"ListItem\",\"position\":2,\"name\":\"Disclaimer\"}]},{\"@type\":\"WebSite\",\"@id\":\"https:\\\/\\\/www.campingdebocht.nl\\\/#website\",\"url\":\"https:\\\/\\\/www.campingdebocht.nl\\\/\",\"name\":\"Camping De Bocht\",\"description\":\"\",\"publisher\":{\"@id\":\"https:\\\/\\\/www.campingdebocht.nl\\\/#organization\"},\"potentialAction\":[{\"@type\":\"SearchAction\",\"target\":{\"@type\":\"EntryPoint\",\"urlTemplate\":\"https:\\\/\\\/www.campingdebocht.nl\\\/?s={search_term_string}\"},\"query-input\":{\"@type\":\"PropertyValueSpecification\",\"valueRequired\":true,\"valueName\":\"search_term_string\"}}],\"inLanguage\":\"de\"},{\"@type\":\"Organization\",\"@id\":\"https:\\\/\\\/www.campingdebocht.nl\\\/#organization\",\"name\":\"Camping De Bocht\",\"url\":\"https:\\\/\\\/www.campingdebocht.nl\\\/\",\"logo\":{\"@type\":\"ImageObject\",\"inLanguage\":\"de\",\"@id\":\"https:\\\/\\\/www.campingdebocht.nl\\\/#\\\/schema\\\/logo\\\/image\\\/\",\"url\":\"https:\\\/\\\/www.campingdebocht.nl\\\/wp-content\\\/uploads\\\/2018\\\/03\\\/logo.png\",\"contentUrl\":\"https:\\\/\\\/www.campingdebocht.nl\\\/wp-content\\\/uploads\\\/2018\\\/03\\\/logo.png\",\"width\":160,\"height\":101,\"caption\":\"Camping De Bocht\"},\"image\":{\"@id\":\"https:\\\/\\\/www.campingdebocht.nl\\\/#\\\/schema\\\/logo\\\/image\\\/\"},\"sameAs\":[\"https:\\\/\\\/www.facebook.com\\\/DeBocht\\\/\",\"https:\\\/\\\/www.youtube.com\\\/channel\\\/UCGfdDFj8qB5BdynzAA8AD7Q\"]}]}<\/script>\n<!-- \/ Yoast SEO plugin. -->","yoast_head_json":{"title":"Disclaimer - Camping De Bocht","robots":{"index":"index","follow":"follow","max-snippet":"max-snippet:-1","max-image-preview":"max-image-preview:large","max-video-preview":"max-video-preview:-1"},"canonical":"https:\/\/www.campingdebocht.nl\/de\/disclaimer\/","og_locale":"de_DE","og_type":"article","og_title":"Disclaimer - Camping De Bocht","og_description":"Disclaimer Der Disclaimer erl\u00e4utert die Rechte und Verpflichtungen des Website-Besuchers und des Website-Eigent\u00fcmers. In diesem Disclaimer gelten folgende Definitionen: Der Eigent\u00fcmer: Der Eigent\u00fcmer der Website, Verwendung: alle denkbaren Handlungen; Sie: der Benutzer (Besucher) der Website; Inhalt: alle auf der Website vorhandenen Inhalte; Nachfolgendes ist anwendbar auf die Seite, die Sie derzeit auf unserer Website anzeigen. [&hellip;]","og_url":"https:\/\/www.campingdebocht.nl\/de\/disclaimer\/","og_site_name":"Camping De Bocht","article_publisher":"https:\/\/www.facebook.com\/DeBocht\/","article_modified_time":"2021-01-21T19:24:16+00:00","og_image":[{"width":1200,"height":630,"url":"https:\/\/www.campingdebocht.nl\/wp-content\/uploads\/2018\/12\/camping-de-bocht-social.png","type":"image\/png"}],"twitter_card":"summary_large_image","schema":{"@context":"https:\/\/schema.org","@graph":[{"@type":"WebPage","@id":"https:\/\/www.campingdebocht.nl\/de\/disclaimer\/","url":"https:\/\/www.campingdebocht.nl\/de\/disclaimer\/","name":"Disclaimer - Camping De Bocht","isPartOf":{"@id":"https:\/\/www.campingdebocht.nl\/#website"},"datePublished":"2021-01-21T18:05:30+00:00","dateModified":"2021-01-21T19:24:16+00:00","breadcrumb":{"@id":"https:\/\/www.campingdebocht.nl\/de\/disclaimer\/#breadcrumb"},"inLanguage":"de","potentialAction":[{"@type":"ReadAction","target":["https:\/\/www.campingdebocht.nl\/de\/disclaimer\/"]}]},{"@type":"BreadcrumbList","@id":"https:\/\/www.campingdebocht.nl\/de\/disclaimer\/#breadcrumb","itemListElement":[{"@type":"ListItem","position":1,"name":"Home","item":"https:\/\/www.campingdebocht.nl\/de\/"},{"@type":"ListItem","position":2,"name":"Disclaimer"}]},{"@type":"WebSite","@id":"https:\/\/www.campingdebocht.nl\/#website","url":"https:\/\/www.campingdebocht.nl\/","name":"Camping De Bocht","description":"","publisher":{"@id":"https:\/\/www.campingdebocht.nl\/#organization"},"potentialAction":[{"@type":"SearchAction","target":{"@type":"EntryPoint","urlTemplate":"https:\/\/www.campingdebocht.nl\/?s={search_term_string}"},"query-input":{"@type":"PropertyValueSpecification","valueRequired":true,"valueName":"search_term_string"}}],"inLanguage":"de"},{"@type":"Organization","@id":"https:\/\/www.campingdebocht.nl\/#organization","name":"Camping De Bocht","url":"https:\/\/www.campingdebocht.nl\/","logo":{"@type":"ImageObject","inLanguage":"de","@id":"https:\/\/www.campingdebocht.nl\/#\/schema\/logo\/image\/","url":"https:\/\/www.campingdebocht.nl\/wp-content\/uploads\/2018\/03\/logo.png","contentUrl":"https:\/\/www.campingdebocht.nl\/wp-content\/uploads\/2018\/03\/logo.png","width":160,"height":101,"caption":"Camping De Bocht"},"image":{"@id":"https:\/\/www.campingdebocht.nl\/#\/schema\/logo\/image\/"},"sameAs":["https:\/\/www.facebook.com\/DeBocht\/","https:\/\/www.youtube.com\/channel\/UCGfdDFj8qB5BdynzAA8AD7Q"]}]}},"_links":{"self":[{"href":"https:\/\/www.campingdebocht.nl\/de\/wp-json\/wp\/v2\/pages\/1597","targetHints":{"allow":["GET"]}}],"collection":[{"href":"https:\/\/www.campingdebocht.nl\/de\/wp-json\/wp\/v2\/pages"}],"about":[{"href":"https:\/\/www.campingdebocht.nl\/de\/wp-json\/wp\/v2\/types\/page"}],"author":[{"embeddable":true,"href":"https:\/\/www.campingdebocht.nl\/de\/wp-json\/wp\/v2\/users\/1"}],"replies":[{"embeddable":true,"href":"https:\/\/www.campingdebocht.nl\/de\/wp-json\/wp\/v2\/comments?post=1597"}],"version-history":[{"count":3,"href":"https:\/\/www.campingdebocht.nl\/de\/wp-json\/wp\/v2\/pages\/1597\/revisions"}],"predecessor-version":[{"id":1643,"href":"https:\/\/www.campingdebocht.nl\/de\/wp-json\/wp\/v2\/pages\/1597\/revisions\/1643"}],"wp:attachment":[{"href":"https:\/\/www.campingdebocht.nl\/de\/wp-json\/wp\/v2\/media?parent=1597"}],"curies":[{"name":"wp","href":"https:\/\/api.w.org\/{rel}","templated":true}]}}