{"id":1595,"date":"2021-01-21T18:02:25","date_gmt":"2021-01-21T18:02:25","guid":{"rendered":"https:\/\/www.campingdebocht.nl\/?page_id=1595"},"modified":"2021-01-21T19:02:13","modified_gmt":"2021-01-21T19:02:13","slug":"wohnwagen-mieten","status":"publish","type":"page","link":"https:\/\/www.campingdebocht.nl\/de\/wohnwagen-mieten\/","title":{"rendered":"Wohnwagen mieten"},"content":{"rendered":"<h1>Wohnwagen mieten<\/h1>\n<p>Sie m\u00f6chten Ihr Zelt oder Ihren Caravan nicht mitbringen? Vielleicht w\u00e4re es eine gute Idee, einen Wohnwagen oder ein Chalet zu mieten. Ein Wohnwagen am Campingplatz garantiert einen unbeschwerten und erholsamen Urlaub in der Provinz Brabant. Die Vermietung von Wohnwagen ist ja eine der Spezialit\u00e4ten von Camping De Bocht.<\/p>\n<h2><strong>Wohnwagen auf Camping De Bocht mieten<\/strong><\/h2>\n<p>Bei uns k\u00f6nnen Sie einen einfachen oder einen luxuri\u00f6sen Wohnwagen mieten. Wir bieten komplett ausgestattete, bequeme Wohnwagen in verschiedenen Preisklassen.<\/p>\n<p>Sie k\u00f6nnen unsere Chalets und Wohnwagen auch vor\u00fcbergehend als Wohnraum mieten. Auf der n\u00e4chsten Seite k\u00f6nnen Sie mehr \u00fcber die Bedingungen und Preise lesen: <a href=\"https:\/\/www.campingdebocht.nl\/de\/voruebergehend-mieten\/\">Vor\u00fcbergehend ein Wohnwagen als Wohnraum mieten<\/a>.<\/p>\n<p><strong><a href=\"https:\/\/www.campingdebocht.nl\/de\/chalets\/\">Mietpreise f\u00fcr Wohnwagen und Chalets anzeigen<\/a><\/strong><\/p>\n<p><img loading=\"lazy\" decoding=\"async\" class=\"alignnone size-full wp-image-639\" title=\"Stacaravan huren?\" src=\"https:\/\/www.campingdebocht.nl\/wp-content\/uploads\/2018\/07\/Chalet-nr-37-2-Web.jpg\" alt=\"Stacaravan te huur\" width=\"500\" height=\"375\" srcset=\"https:\/\/www.campingdebocht.nl\/wp-content\/uploads\/2018\/07\/Chalet-nr-37-2-Web.jpg 1000w, https:\/\/www.campingdebocht.nl\/wp-content\/uploads\/2018\/07\/Chalet-nr-37-2-Web-300x225.jpg 300w, https:\/\/www.campingdebocht.nl\/wp-content\/uploads\/2018\/07\/Chalet-nr-37-2-Web-768x576.jpg 768w\" sizes=\"auto, (max-width: 500px) 100vw, 500px\" \/><\/p>\n<p>Bedingungen Miete Wohnwagen<\/p>\n<p>Die Mietperiode f\u00fcr einen Wohnwagen beginnt am Samstag um 14:30 an bis zum n\u00e4chsten Samstag 10:30 Uhr. Bett-\/K\u00fcchenw\u00e4sche sind nicht im Preis inbegriffen und m\u00fcssen Sie selbst mitbringen.<\/p>\n<ul>\n<li>Sie m\u00fcssen den Wohnwagen sauber hinterlassen<\/li>\n<li>Haustiere sind nicht erlaubt<\/li>\n<\/ul>\n<h2>Umgebung Camping De Bocht<\/h2>\n<p>Vom Camping De Bocht aus k\u00f6nnen Sie die gesamte Umgebung von Oirschot sehen. Die <a href=\"https:\/\/www.campingdebocht.nl\/de\/umgebung\/\">Erholung in Brabant<\/a> ist auf einem hohen Niveau, so dass Ihnen hier nichts fehlt. Sie k\u00f6nnen vom Campingplatz aus Rad fahren oder zu Fu\u00df zu einigen frei zug\u00e4nglichen Nachl\u00e4sse, wie der Campina-Heide, Landgoed Heerebeek, Landgoed&#8217;s-Heerenvijvers und De Baest gehen. Zus\u00e4tzlich sind Campingarrangements erh\u00e4ltlich.<\/p>\n<p>Au\u00dfer der wundersch\u00f6nen Umgebung ist Camping De Bocht mit sch\u00f6nen Einrichtungen ausgestattet. Zum Beispiel haben wir einen sch\u00f6nen Spielplatz und einen Campingschwimmbad f\u00fcr die Kleinsten. Das Zentrum von Oirschot mit vielen sch\u00f6nen Terrassen und Restaurants befindet sich in der N\u00e4he Ihres Mobilheims.<\/p>\n<p>Mieten Sie deshalb ein Mobilheim in Oirschot f\u00fcr eine tolle Zeit! <a href=\"#reserveer\">Informationen sofort anfordern<\/a>.<\/p>\n","protected":false},"excerpt":{"rendered":"<p>Wohnwagen mieten Sie m\u00f6chten Ihr Zelt oder Ihren Caravan nicht mitbringen? Vielleicht w\u00e4re es eine gute Idee, einen Wohnwagen oder ein Chalet zu mieten. Ein Wohnwagen am Campingplatz garantiert einen unbeschwerten und erholsamen Urlaub in der Provinz Brabant. Die Vermietung von Wohnwagen ist ja eine der Spezialit\u00e4ten von Camping De Bocht. Wohnwagen auf Camping De [&hellip;]<\/p>\n","protected":false},"author":1,"featured_media":0,"parent":0,"menu_order":220,"comment_status":"closed","ping_status":"closed","template":"template-sidebar.php","meta":{"_acf_changed":false,"footnotes":""},"class_list":["post-1595","page","type-page","status-publish","hentry"],"acf":[],"yoast_head":"<!-- This site is optimized with the Yoast SEO plugin v27.5 - https:\/\/yoast.com\/product\/yoast-seo-wordpress\/ -->\n<title>Wohnwagen mieten - Camping De Bocht<\/title>\n<meta name=\"robots\" content=\"index, follow, max-snippet:-1, max-image-preview:large, max-video-preview:-1\" \/>\n<link rel=\"canonical\" href=\"https:\/\/www.campingdebocht.nl\/de\/wohnwagen-mieten\/\" \/>\n<meta property=\"og:locale\" content=\"de_DE\" \/>\n<meta property=\"og:type\" content=\"article\" \/>\n<meta property=\"og:title\" content=\"Wohnwagen mieten - Camping De Bocht\" \/>\n<meta property=\"og:description\" content=\"Wohnwagen mieten Sie m\u00f6chten Ihr Zelt oder Ihren Caravan nicht mitbringen? Vielleicht w\u00e4re es eine gute Idee, einen Wohnwagen oder ein Chalet zu mieten. Ein Wohnwagen am Campingplatz garantiert einen unbeschwerten und erholsamen Urlaub in der Provinz Brabant. Die Vermietung von Wohnwagen ist ja eine der Spezialit\u00e4ten von Camping De Bocht. Wohnwagen auf Camping De [&hellip;]\" \/>\n<meta property=\"og:url\" content=\"https:\/\/www.campingdebocht.nl\/de\/wohnwagen-mieten\/\" \/>\n<meta property=\"og:site_name\" content=\"Camping De Bocht\" \/>\n<meta property=\"article:publisher\" content=\"https:\/\/www.facebook.com\/DeBocht\/\" \/>\n<meta property=\"article:modified_time\" content=\"2021-01-21T19:02:13+00:00\" \/>\n<meta property=\"og:image\" content=\"https:\/\/www.campingdebocht.nl\/wp-content\/uploads\/2018\/07\/Chalet-nr-37-2-Web.jpg\" \/>\n<meta name=\"twitter:card\" content=\"summary_large_image\" \/>\n<script type=\"application\/ld+json\" class=\"yoast-schema-graph\">{\"@context\":\"https:\\\/\\\/schema.org\",\"@graph\":[{\"@type\":\"WebPage\",\"@id\":\"https:\\\/\\\/www.campingdebocht.nl\\\/de\\\/wohnwagen-mieten\\\/\",\"url\":\"https:\\\/\\\/www.campingdebocht.nl\\\/de\\\/wohnwagen-mieten\\\/\",\"name\":\"Wohnwagen mieten - Camping De Bocht\",\"isPartOf\":{\"@id\":\"https:\\\/\\\/www.campingdebocht.nl\\\/#website\"},\"primaryImageOfPage\":{\"@id\":\"https:\\\/\\\/www.campingdebocht.nl\\\/de\\\/wohnwagen-mieten\\\/#primaryimage\"},\"image\":{\"@id\":\"https:\\\/\\\/www.campingdebocht.nl\\\/de\\\/wohnwagen-mieten\\\/#primaryimage\"},\"thumbnailUrl\":\"https:\\\/\\\/www.campingdebocht.nl\\\/wp-content\\\/uploads\\\/2018\\\/07\\\/Chalet-nr-37-2-Web.jpg\",\"datePublished\":\"2021-01-21T18:02:25+00:00\",\"dateModified\":\"2021-01-21T19:02:13+00:00\",\"breadcrumb\":{\"@id\":\"https:\\\/\\\/www.campingdebocht.nl\\\/de\\\/wohnwagen-mieten\\\/#breadcrumb\"},\"inLanguage\":\"de\",\"potentialAction\":[{\"@type\":\"ReadAction\",\"target\":[\"https:\\\/\\\/www.campingdebocht.nl\\\/de\\\/wohnwagen-mieten\\\/\"]}]},{\"@type\":\"ImageObject\",\"inLanguage\":\"de\",\"@id\":\"https:\\\/\\\/www.campingdebocht.nl\\\/de\\\/wohnwagen-mieten\\\/#primaryimage\",\"url\":\"https:\\\/\\\/www.campingdebocht.nl\\\/wp-content\\\/uploads\\\/2018\\\/07\\\/Chalet-nr-37-2-Web.jpg\",\"contentUrl\":\"https:\\\/\\\/www.campingdebocht.nl\\\/wp-content\\\/uploads\\\/2018\\\/07\\\/Chalet-nr-37-2-Web.jpg\"},{\"@type\":\"BreadcrumbList\",\"@id\":\"https:\\\/\\\/www.campingdebocht.nl\\\/de\\\/wohnwagen-mieten\\\/#breadcrumb\",\"itemListElement\":[{\"@type\":\"ListItem\",\"position\":1,\"name\":\"Home\",\"item\":\"https:\\\/\\\/www.campingdebocht.nl\\\/de\\\/\"},{\"@type\":\"ListItem\",\"position\":2,\"name\":\"Wohnwagen mieten\"}]},{\"@type\":\"WebSite\",\"@id\":\"https:\\\/\\\/www.campingdebocht.nl\\\/#website\",\"url\":\"https:\\\/\\\/www.campingdebocht.nl\\\/\",\"name\":\"Camping De Bocht\",\"description\":\"\",\"publisher\":{\"@id\":\"https:\\\/\\\/www.campingdebocht.nl\\\/#organization\"},\"potentialAction\":[{\"@type\":\"SearchAction\",\"target\":{\"@type\":\"EntryPoint\",\"urlTemplate\":\"https:\\\/\\\/www.campingdebocht.nl\\\/?s={search_term_string}\"},\"query-input\":{\"@type\":\"PropertyValueSpecification\",\"valueRequired\":true,\"valueName\":\"search_term_string\"}}],\"inLanguage\":\"de\"},{\"@type\":\"Organization\",\"@id\":\"https:\\\/\\\/www.campingdebocht.nl\\\/#organization\",\"name\":\"Camping De Bocht\",\"url\":\"https:\\\/\\\/www.campingdebocht.nl\\\/\",\"logo\":{\"@type\":\"ImageObject\",\"inLanguage\":\"de\",\"@id\":\"https:\\\/\\\/www.campingdebocht.nl\\\/#\\\/schema\\\/logo\\\/image\\\/\",\"url\":\"https:\\\/\\\/www.campingdebocht.nl\\\/wp-content\\\/uploads\\\/2018\\\/03\\\/logo.png\",\"contentUrl\":\"https:\\\/\\\/www.campingdebocht.nl\\\/wp-content\\\/uploads\\\/2018\\\/03\\\/logo.png\",\"width\":160,\"height\":101,\"caption\":\"Camping De Bocht\"},\"image\":{\"@id\":\"https:\\\/\\\/www.campingdebocht.nl\\\/#\\\/schema\\\/logo\\\/image\\\/\"},\"sameAs\":[\"https:\\\/\\\/www.facebook.com\\\/DeBocht\\\/\",\"https:\\\/\\\/www.youtube.com\\\/channel\\\/UCGfdDFj8qB5BdynzAA8AD7Q\"]}]}<\/script>\n<!-- \/ Yoast SEO plugin. -->","yoast_head_json":{"title":"Wohnwagen mieten - Camping De Bocht","robots":{"index":"index","follow":"follow","max-snippet":"max-snippet:-1","max-image-preview":"max-image-preview:large","max-video-preview":"max-video-preview:-1"},"canonical":"https:\/\/www.campingdebocht.nl\/de\/wohnwagen-mieten\/","og_locale":"de_DE","og_type":"article","og_title":"Wohnwagen mieten - Camping De Bocht","og_description":"Wohnwagen mieten Sie m\u00f6chten Ihr Zelt oder Ihren Caravan nicht mitbringen? Vielleicht w\u00e4re es eine gute Idee, einen Wohnwagen oder ein Chalet zu mieten. Ein Wohnwagen am Campingplatz garantiert einen unbeschwerten und erholsamen Urlaub in der Provinz Brabant. Die Vermietung von Wohnwagen ist ja eine der Spezialit\u00e4ten von Camping De Bocht. Wohnwagen auf Camping De [&hellip;]","og_url":"https:\/\/www.campingdebocht.nl\/de\/wohnwagen-mieten\/","og_site_name":"Camping De Bocht","article_publisher":"https:\/\/www.facebook.com\/DeBocht\/","article_modified_time":"2021-01-21T19:02:13+00:00","og_image":[{"url":"https:\/\/www.campingdebocht.nl\/wp-content\/uploads\/2018\/07\/Chalet-nr-37-2-Web.jpg","type":"","width":"","height":""}],"twitter_card":"summary_large_image","schema":{"@context":"https:\/\/schema.org","@graph":[{"@type":"WebPage","@id":"https:\/\/www.campingdebocht.nl\/de\/wohnwagen-mieten\/","url":"https:\/\/www.campingdebocht.nl\/de\/wohnwagen-mieten\/","name":"Wohnwagen mieten - Camping De Bocht","isPartOf":{"@id":"https:\/\/www.campingdebocht.nl\/#website"},"primaryImageOfPage":{"@id":"https:\/\/www.campingdebocht.nl\/de\/wohnwagen-mieten\/#primaryimage"},"image":{"@id":"https:\/\/www.campingdebocht.nl\/de\/wohnwagen-mieten\/#primaryimage"},"thumbnailUrl":"https:\/\/www.campingdebocht.nl\/wp-content\/uploads\/2018\/07\/Chalet-nr-37-2-Web.jpg","datePublished":"2021-01-21T18:02:25+00:00","dateModified":"2021-01-21T19:02:13+00:00","breadcrumb":{"@id":"https:\/\/www.campingdebocht.nl\/de\/wohnwagen-mieten\/#breadcrumb"},"inLanguage":"de","potentialAction":[{"@type":"ReadAction","target":["https:\/\/www.campingdebocht.nl\/de\/wohnwagen-mieten\/"]}]},{"@type":"ImageObject","inLanguage":"de","@id":"https:\/\/www.campingdebocht.nl\/de\/wohnwagen-mieten\/#primaryimage","url":"https:\/\/www.campingdebocht.nl\/wp-content\/uploads\/2018\/07\/Chalet-nr-37-2-Web.jpg","contentUrl":"https:\/\/www.campingdebocht.nl\/wp-content\/uploads\/2018\/07\/Chalet-nr-37-2-Web.jpg"},{"@type":"BreadcrumbList","@id":"https:\/\/www.campingdebocht.nl\/de\/wohnwagen-mieten\/#breadcrumb","itemListElement":[{"@type":"ListItem","position":1,"name":"Home","item":"https:\/\/www.campingdebocht.nl\/de\/"},{"@type":"ListItem","position":2,"name":"Wohnwagen mieten"}]},{"@type":"WebSite","@id":"https:\/\/www.campingdebocht.nl\/#website","url":"https:\/\/www.campingdebocht.nl\/","name":"Camping De Bocht","description":"","publisher":{"@id":"https:\/\/www.campingdebocht.nl\/#organization"},"potentialAction":[{"@type":"SearchAction","target":{"@type":"EntryPoint","urlTemplate":"https:\/\/www.campingdebocht.nl\/?s={search_term_string}"},"query-input":{"@type":"PropertyValueSpecification","valueRequired":true,"valueName":"search_term_string"}}],"inLanguage":"de"},{"@type":"Organization","@id":"https:\/\/www.campingdebocht.nl\/#organization","name":"Camping De Bocht","url":"https:\/\/www.campingdebocht.nl\/","logo":{"@type":"ImageObject","inLanguage":"de","@id":"https:\/\/www.campingdebocht.nl\/#\/schema\/logo\/image\/","url":"https:\/\/www.campingdebocht.nl\/wp-content\/uploads\/2018\/03\/logo.png","contentUrl":"https:\/\/www.campingdebocht.nl\/wp-content\/uploads\/2018\/03\/logo.png","width":160,"height":101,"caption":"Camping De Bocht"},"image":{"@id":"https:\/\/www.campingdebocht.nl\/#\/schema\/logo\/image\/"},"sameAs":["https:\/\/www.facebook.com\/DeBocht\/","https:\/\/www.youtube.com\/channel\/UCGfdDFj8qB5BdynzAA8AD7Q"]}]}},"_links":{"self":[{"href":"https:\/\/www.campingdebocht.nl\/de\/wp-json\/wp\/v2\/pages\/1595","targetHints":{"allow":["GET"]}}],"collection":[{"href":"https:\/\/www.campingdebocht.nl\/de\/wp-json\/wp\/v2\/pages"}],"about":[{"href":"https:\/\/www.campingdebocht.nl\/de\/wp-json\/wp\/v2\/types\/page"}],"author":[{"embeddable":true,"href":"https:\/\/www.campingdebocht.nl\/de\/wp-json\/wp\/v2\/users\/1"}],"replies":[{"embeddable":true,"href":"https:\/\/www.campingdebocht.nl\/de\/wp-json\/wp\/v2\/comments?post=1595"}],"version-history":[{"count":3,"href":"https:\/\/www.campingdebocht.nl\/de\/wp-json\/wp\/v2\/pages\/1595\/revisions"}],"predecessor-version":[{"id":1624,"href":"https:\/\/www.campingdebocht.nl\/de\/wp-json\/wp\/v2\/pages\/1595\/revisions\/1624"}],"wp:attachment":[{"href":"https:\/\/www.campingdebocht.nl\/de\/wp-json\/wp\/v2\/media?parent=1595"}],"curies":[{"name":"wp","href":"https:\/\/api.w.org\/{rel}","templated":true}]}}