{"id":1593,"date":"2021-01-21T16:38:48","date_gmt":"2021-01-21T16:38:48","guid":{"rendered":"https:\/\/www.campingdebocht.nl\/?page_id=1593"},"modified":"2021-01-21T16:38:48","modified_gmt":"2021-01-21T16:38:48","slug":"plan","status":"publish","type":"page","link":"https:\/\/www.campingdebocht.nl\/de\/plan\/","title":{"rendered":"Plan"},"content":{"rendered":"<h1>Sehen Sie sich die Karte von Camping de Bocht an<\/h1>\n<p><img loading=\"lazy\" decoding=\"async\" src=\"https:\/\/www.campingdebocht.nl\/wp-content\/uploads\/2019\/01\/Plattegrond-2018-Web.jpg\" alt=\"Plattegrond Camping de Bocht\" width=\"1200\" height=\"848\" class=\"alignnone size-full wp-image-1239\" srcset=\"https:\/\/www.campingdebocht.nl\/wp-content\/uploads\/2019\/01\/Plattegrond-2018-Web.jpg 1200w, https:\/\/www.campingdebocht.nl\/wp-content\/uploads\/2019\/01\/Plattegrond-2018-Web-300x212.jpg 300w, https:\/\/www.campingdebocht.nl\/wp-content\/uploads\/2019\/01\/Plattegrond-2018-Web-768x543.jpg 768w, https:\/\/www.campingdebocht.nl\/wp-content\/uploads\/2019\/01\/Plattegrond-2018-Web-1024x724.jpg 1024w\" sizes=\"auto, (max-width: 1200px) 100vw, 1200px\" \/><\/p>\n<h2>Allgemeine Informationen<\/h2>\n<p>Beachten Sie unsere Regeln und Informationen, damit keine Missverst\u00e4ndnisse entstehen. Camper sind auch verantwortlich f\u00fcr ihre G\u00e4ste. G\u00e4ste m\u00fcssen sich melden, bevor Sie das Gel\u00e4nde betreten. Eine eventuelle \u00dcbernachtung Ihrer G\u00e4ste muss im Voraus gemeldet werden. Die Nachtruhe am Campingplatz dauert von 23:00 bis 8.30 Uhr. Die Schranke ist ab 22:00 Uhr geschlossen. Offenes Feuer ist nicht erlaubt. Grillen ist mindestens 40 cm \u00fcber dem Boden gestattet, vorausgesetzt Sie haben ein gutes L\u00f6schmittel in Reichweite. Das Management haftet nicht f\u00fcr Unf\u00e4lle, Sch\u00e4den oder Diebstahl Ihres Eigentums. Auf unserem Campingplatz sind die niederl\u00e4ndischen Gesetze anwendbar. Bei \u00fcberm\u00e4\u00dfigem Alkoholkonsum und\/oder Drogenbesitz werden Sie vom Campingplatz entfernt, ohne R\u00fcckerstattung der Campinggeb\u00fchren. Alle auf dem Gel\u00e4nde anwesenden Personen sollen die geltenden Campingregeln kennen. Wenn Sie die Regeln verletzen, werden passende Ma\u00dfnahmen getroffen. <\/p>\n<h3>Der Platz<\/h3>\n<p>Stellen Sie Ihr Zelt oder Ihren Caravan an der daf\u00fcr vorgesehenen Stelle auf, damit es auch ausreichend Platz f\u00fcr Ihr Auto gibt. Kunststoffmaterialien\/Wurzeltuch unter dem (Vor)Zelt sind nicht gestattet. Sie m\u00fcssen das Abwasser \u00fcber einen Schlauch zum Bodenablauf hinter Ihrem Platz leiten oder auffangen und in die chemische Toilette entleeren. Trinkwasser, Antenne und Elektrizit\u00e4t stehen Ihnen zur Verf\u00fcgung auf dem Anschlusspfosten auf der R\u00fcckseite des Platzes. Ein WiFi-Code f\u00fcr schnelles Internet ist an der Rezeption erh\u00e4ltlich. Am Anreisetag k\u00f6nnen Sie Ihren Platz ab 13:30 betreten und am Abreisetag m\u00fcssen Sie den Platz sp\u00e4testens um 12:00 Uhr verlassen. M\u00f6chten Sie l\u00e4nger bleiben? Dann melden Sie sich im voraus an der Rezeption! <\/p>\n<h3>Schwimmbad und Spielplatz<\/h3>\n<p>Die Nutzung des Spielplatzes und des Schwimmbades erfolgt auf eigenes Risiko. Behalten Sie Ihre Kinder also im Auge. Unser Schwimmbad ist nur in Juli und August ge\u00f6ffnet. Fu\u00dfball spielen am Campingplatz ist nicht erlaubt. Ber\u00fccksichtigen Sie immer andere G\u00e4ste bei Ihren Aktivit\u00e4ten. Die Planung eventueller Aktivit\u00e4ten in der Hochsaison, finden Sie im Toilettengeb\u00e4ude und beim Rezeption. <\/p>\n<h3>Hunde<\/h3>\n<p>Hunde m\u00fcssen am Campingplatz angeleint werden und au\u00dferhalb des Gel\u00e4ndes ausgef\u00fchrt werden. Sie m\u00fcssen den Kot sofort aufr\u00e4umen, damit andere nicht bel\u00e4stigt werden. Neben der Stra\u00dfe auf der anderen Stra\u00dfenseite gibt es kurzes Gras, um Ihnen das Aufr\u00e4umen zu erleichtern. Besucher d\u00fcrfen keine Hunde mitbringen. <\/p>\n<h3>Sanit\u00e4ranlagen<\/h3>\n<p>Sie m\u00fcssen das Toilettengeb\u00e4ude sauber hinterlassen. Wenn das Toilettenpapier ausgeht, melden Sie sich bitte an der Rezeption. F\u00fcr die Dusche brauchen Sie eine \u20ac0,50 M\u00fcnze, f\u00fcr die Familiendusche eine \u20ac1,- M\u00fcnze. Kinder unter 8 Jahren d\u00fcrfen das Toilettengeb\u00e4ude nicht ohne Aufsicht betreten. Die Waschmaschine arbeitet mit W\u00e4schem\u00fcnzen, die Sie an der Rezeption erhalten. An der Rezeption k\u00f6nnen Sie wechseln. F\u00fcr den Trockner brauchen Sie eine \u20ac2,- M\u00fcnze. Die Beschreibungen h\u00e4ngen an den Maschinen.<\/p>\n<h3>Autos und Verkehr<\/h3>\n<p>Die H\u00f6chstgeschwindigkeit am Gel\u00e4nde ist 5km\/Stunde. Es ist nicht gestattet, Autos im mittleren Bereich oder an einem leeren<br \/>\nPlatz zu parken. Sie k\u00f6nnen Ihr Auto jederzeit au\u00dferhalb des Gel\u00e4ndes auf Parkplatz parken. Vom 1. Oktober bis 1. April und bei schlechtem Wetter sind Autos am Gel\u00e4nde nicht erlaubt. <\/p>\n<h3>M\u00fcll<\/h3>\n<p>Sie finden die Papier-, Glas- und Restm\u00fcllcontainer am Eingang des Campingplatzes. Die anderen Container befinden sich hinter dem Toilettengeb\u00e4ude. M\u00fcll soll so viel wie m\u00f6glich getrennt werden;<br \/>\n\u2013 Papier und Pappe (Kartons flach falten) im Papiercontainer (kein Kunststoff auf Styropor)<br \/>\n\u2013 Glas im Glascontainer (keine Keramik oder Keramikflaschen)<br \/>\n\u2013 Metall im grauen Container hinter dem Toilettengeb\u00e4ude<br \/>\n\u2013 Kleiner chemischer Abfall k\u00f6nnen Sie an der Rezeption abgeben<br \/>\n\u2013 Restm\u00fcll im Restm\u00fcllcontainer<br \/>\n\u2013 Sperrm\u00fcll wie Gartenm\u00f6bel, Kissen und Bodenplane im Absprache mit der Rezeption<\/p>\n<p>Haben Sie Fragen? Wir sind Ihnen gerne behilflich!<\/p>\n","protected":false},"excerpt":{"rendered":"<p>Sehen Sie sich die Karte von Camping de Bocht an Allgemeine Informationen Beachten Sie unsere Regeln und Informationen, damit keine Missverst\u00e4ndnisse entstehen. Camper sind auch verantwortlich f\u00fcr ihre G\u00e4ste. G\u00e4ste m\u00fcssen sich melden, bevor Sie das Gel\u00e4nde betreten. Eine eventuelle \u00dcbernachtung Ihrer G\u00e4ste muss im Voraus gemeldet werden. Die Nachtruhe am Campingplatz dauert von 23:00 [&hellip;]<\/p>\n","protected":false},"author":1,"featured_media":0,"parent":0,"menu_order":71,"comment_status":"closed","ping_status":"closed","template":"","meta":{"_acf_changed":false,"footnotes":""},"class_list":["post-1593","page","type-page","status-publish","hentry"],"acf":[],"yoast_head":"<!-- This site is optimized with the Yoast SEO plugin v27.6 - https:\/\/yoast.com\/product\/yoast-seo-wordpress\/ -->\n<title>Plan - Camping De Bocht<\/title>\n<meta name=\"robots\" content=\"index, follow, max-snippet:-1, max-image-preview:large, max-video-preview:-1\" \/>\n<link rel=\"canonical\" href=\"https:\/\/www.campingdebocht.nl\/de\/plan\/\" \/>\n<meta property=\"og:locale\" content=\"de_DE\" \/>\n<meta property=\"og:type\" content=\"article\" \/>\n<meta property=\"og:title\" content=\"Plan - Camping De Bocht\" \/>\n<meta property=\"og:description\" content=\"Sehen Sie sich die Karte von Camping de Bocht an Allgemeine Informationen Beachten Sie unsere Regeln und Informationen, damit keine Missverst\u00e4ndnisse entstehen. Camper sind auch verantwortlich f\u00fcr ihre G\u00e4ste. G\u00e4ste m\u00fcssen sich melden, bevor Sie das Gel\u00e4nde betreten. Eine eventuelle \u00dcbernachtung Ihrer G\u00e4ste muss im Voraus gemeldet werden. Die Nachtruhe am Campingplatz dauert von 23:00 [&hellip;]\" \/>\n<meta property=\"og:url\" content=\"https:\/\/www.campingdebocht.nl\/de\/plan\/\" \/>\n<meta property=\"og:site_name\" content=\"Camping De Bocht\" \/>\n<meta property=\"article:publisher\" content=\"https:\/\/www.facebook.com\/DeBocht\/\" \/>\n<meta property=\"og:image\" content=\"https:\/\/www.campingdebocht.nl\/wp-content\/uploads\/2019\/01\/Plattegrond-2018-Web.jpg\" \/>\n<meta name=\"twitter:card\" content=\"summary_large_image\" \/>\n<script type=\"application\/ld+json\" class=\"yoast-schema-graph\">{\"@context\":\"https:\\\/\\\/schema.org\",\"@graph\":[{\"@type\":\"WebPage\",\"@id\":\"https:\\\/\\\/www.campingdebocht.nl\\\/de\\\/plan\\\/\",\"url\":\"https:\\\/\\\/www.campingdebocht.nl\\\/de\\\/plan\\\/\",\"name\":\"Plan - Camping De Bocht\",\"isPartOf\":{\"@id\":\"https:\\\/\\\/www.campingdebocht.nl\\\/#website\"},\"primaryImageOfPage\":{\"@id\":\"https:\\\/\\\/www.campingdebocht.nl\\\/de\\\/plan\\\/#primaryimage\"},\"image\":{\"@id\":\"https:\\\/\\\/www.campingdebocht.nl\\\/de\\\/plan\\\/#primaryimage\"},\"thumbnailUrl\":\"https:\\\/\\\/www.campingdebocht.nl\\\/wp-content\\\/uploads\\\/2019\\\/01\\\/Plattegrond-2018-Web.jpg\",\"datePublished\":\"2021-01-21T16:38:48+00:00\",\"breadcrumb\":{\"@id\":\"https:\\\/\\\/www.campingdebocht.nl\\\/de\\\/plan\\\/#breadcrumb\"},\"inLanguage\":\"de\",\"potentialAction\":[{\"@type\":\"ReadAction\",\"target\":[\"https:\\\/\\\/www.campingdebocht.nl\\\/de\\\/plan\\\/\"]}]},{\"@type\":\"ImageObject\",\"inLanguage\":\"de\",\"@id\":\"https:\\\/\\\/www.campingdebocht.nl\\\/de\\\/plan\\\/#primaryimage\",\"url\":\"https:\\\/\\\/www.campingdebocht.nl\\\/wp-content\\\/uploads\\\/2019\\\/01\\\/Plattegrond-2018-Web.jpg\",\"contentUrl\":\"https:\\\/\\\/www.campingdebocht.nl\\\/wp-content\\\/uploads\\\/2019\\\/01\\\/Plattegrond-2018-Web.jpg\"},{\"@type\":\"BreadcrumbList\",\"@id\":\"https:\\\/\\\/www.campingdebocht.nl\\\/de\\\/plan\\\/#breadcrumb\",\"itemListElement\":[{\"@type\":\"ListItem\",\"position\":1,\"name\":\"Home\",\"item\":\"https:\\\/\\\/www.campingdebocht.nl\\\/de\\\/\"},{\"@type\":\"ListItem\",\"position\":2,\"name\":\"Plan\"}]},{\"@type\":\"WebSite\",\"@id\":\"https:\\\/\\\/www.campingdebocht.nl\\\/#website\",\"url\":\"https:\\\/\\\/www.campingdebocht.nl\\\/\",\"name\":\"Camping De Bocht\",\"description\":\"\",\"publisher\":{\"@id\":\"https:\\\/\\\/www.campingdebocht.nl\\\/#organization\"},\"potentialAction\":[{\"@type\":\"SearchAction\",\"target\":{\"@type\":\"EntryPoint\",\"urlTemplate\":\"https:\\\/\\\/www.campingdebocht.nl\\\/?s={search_term_string}\"},\"query-input\":{\"@type\":\"PropertyValueSpecification\",\"valueRequired\":true,\"valueName\":\"search_term_string\"}}],\"inLanguage\":\"de\"},{\"@type\":\"Organization\",\"@id\":\"https:\\\/\\\/www.campingdebocht.nl\\\/#organization\",\"name\":\"Camping De Bocht\",\"url\":\"https:\\\/\\\/www.campingdebocht.nl\\\/\",\"logo\":{\"@type\":\"ImageObject\",\"inLanguage\":\"de\",\"@id\":\"https:\\\/\\\/www.campingdebocht.nl\\\/#\\\/schema\\\/logo\\\/image\\\/\",\"url\":\"https:\\\/\\\/www.campingdebocht.nl\\\/wp-content\\\/uploads\\\/2018\\\/03\\\/logo.png\",\"contentUrl\":\"https:\\\/\\\/www.campingdebocht.nl\\\/wp-content\\\/uploads\\\/2018\\\/03\\\/logo.png\",\"width\":160,\"height\":101,\"caption\":\"Camping De Bocht\"},\"image\":{\"@id\":\"https:\\\/\\\/www.campingdebocht.nl\\\/#\\\/schema\\\/logo\\\/image\\\/\"},\"sameAs\":[\"https:\\\/\\\/www.facebook.com\\\/DeBocht\\\/\",\"https:\\\/\\\/www.youtube.com\\\/channel\\\/UCGfdDFj8qB5BdynzAA8AD7Q\"]}]}<\/script>\n<!-- \/ Yoast SEO plugin. -->","yoast_head_json":{"title":"Plan - Camping De Bocht","robots":{"index":"index","follow":"follow","max-snippet":"max-snippet:-1","max-image-preview":"max-image-preview:large","max-video-preview":"max-video-preview:-1"},"canonical":"https:\/\/www.campingdebocht.nl\/de\/plan\/","og_locale":"de_DE","og_type":"article","og_title":"Plan - Camping De Bocht","og_description":"Sehen Sie sich die Karte von Camping de Bocht an Allgemeine Informationen Beachten Sie unsere Regeln und Informationen, damit keine Missverst\u00e4ndnisse entstehen. Camper sind auch verantwortlich f\u00fcr ihre G\u00e4ste. G\u00e4ste m\u00fcssen sich melden, bevor Sie das Gel\u00e4nde betreten. Eine eventuelle \u00dcbernachtung Ihrer G\u00e4ste muss im Voraus gemeldet werden. Die Nachtruhe am Campingplatz dauert von 23:00 [&hellip;]","og_url":"https:\/\/www.campingdebocht.nl\/de\/plan\/","og_site_name":"Camping De Bocht","article_publisher":"https:\/\/www.facebook.com\/DeBocht\/","og_image":[{"url":"https:\/\/www.campingdebocht.nl\/wp-content\/uploads\/2019\/01\/Plattegrond-2018-Web.jpg","type":"","width":"","height":""}],"twitter_card":"summary_large_image","schema":{"@context":"https:\/\/schema.org","@graph":[{"@type":"WebPage","@id":"https:\/\/www.campingdebocht.nl\/de\/plan\/","url":"https:\/\/www.campingdebocht.nl\/de\/plan\/","name":"Plan - Camping De Bocht","isPartOf":{"@id":"https:\/\/www.campingdebocht.nl\/#website"},"primaryImageOfPage":{"@id":"https:\/\/www.campingdebocht.nl\/de\/plan\/#primaryimage"},"image":{"@id":"https:\/\/www.campingdebocht.nl\/de\/plan\/#primaryimage"},"thumbnailUrl":"https:\/\/www.campingdebocht.nl\/wp-content\/uploads\/2019\/01\/Plattegrond-2018-Web.jpg","datePublished":"2021-01-21T16:38:48+00:00","breadcrumb":{"@id":"https:\/\/www.campingdebocht.nl\/de\/plan\/#breadcrumb"},"inLanguage":"de","potentialAction":[{"@type":"ReadAction","target":["https:\/\/www.campingdebocht.nl\/de\/plan\/"]}]},{"@type":"ImageObject","inLanguage":"de","@id":"https:\/\/www.campingdebocht.nl\/de\/plan\/#primaryimage","url":"https:\/\/www.campingdebocht.nl\/wp-content\/uploads\/2019\/01\/Plattegrond-2018-Web.jpg","contentUrl":"https:\/\/www.campingdebocht.nl\/wp-content\/uploads\/2019\/01\/Plattegrond-2018-Web.jpg"},{"@type":"BreadcrumbList","@id":"https:\/\/www.campingdebocht.nl\/de\/plan\/#breadcrumb","itemListElement":[{"@type":"ListItem","position":1,"name":"Home","item":"https:\/\/www.campingdebocht.nl\/de\/"},{"@type":"ListItem","position":2,"name":"Plan"}]},{"@type":"WebSite","@id":"https:\/\/www.campingdebocht.nl\/#website","url":"https:\/\/www.campingdebocht.nl\/","name":"Camping De Bocht","description":"","publisher":{"@id":"https:\/\/www.campingdebocht.nl\/#organization"},"potentialAction":[{"@type":"SearchAction","target":{"@type":"EntryPoint","urlTemplate":"https:\/\/www.campingdebocht.nl\/?s={search_term_string}"},"query-input":{"@type":"PropertyValueSpecification","valueRequired":true,"valueName":"search_term_string"}}],"inLanguage":"de"},{"@type":"Organization","@id":"https:\/\/www.campingdebocht.nl\/#organization","name":"Camping De Bocht","url":"https:\/\/www.campingdebocht.nl\/","logo":{"@type":"ImageObject","inLanguage":"de","@id":"https:\/\/www.campingdebocht.nl\/#\/schema\/logo\/image\/","url":"https:\/\/www.campingdebocht.nl\/wp-content\/uploads\/2018\/03\/logo.png","contentUrl":"https:\/\/www.campingdebocht.nl\/wp-content\/uploads\/2018\/03\/logo.png","width":160,"height":101,"caption":"Camping De Bocht"},"image":{"@id":"https:\/\/www.campingdebocht.nl\/#\/schema\/logo\/image\/"},"sameAs":["https:\/\/www.facebook.com\/DeBocht\/","https:\/\/www.youtube.com\/channel\/UCGfdDFj8qB5BdynzAA8AD7Q"]}]}},"_links":{"self":[{"href":"https:\/\/www.campingdebocht.nl\/de\/wp-json\/wp\/v2\/pages\/1593","targetHints":{"allow":["GET"]}}],"collection":[{"href":"https:\/\/www.campingdebocht.nl\/de\/wp-json\/wp\/v2\/pages"}],"about":[{"href":"https:\/\/www.campingdebocht.nl\/de\/wp-json\/wp\/v2\/types\/page"}],"author":[{"embeddable":true,"href":"https:\/\/www.campingdebocht.nl\/de\/wp-json\/wp\/v2\/users\/1"}],"replies":[{"embeddable":true,"href":"https:\/\/www.campingdebocht.nl\/de\/wp-json\/wp\/v2\/comments?post=1593"}],"version-history":[{"count":1,"href":"https:\/\/www.campingdebocht.nl\/de\/wp-json\/wp\/v2\/pages\/1593\/revisions"}],"predecessor-version":[{"id":1594,"href":"https:\/\/www.campingdebocht.nl\/de\/wp-json\/wp\/v2\/pages\/1593\/revisions\/1594"}],"wp:attachment":[{"href":"https:\/\/www.campingdebocht.nl\/de\/wp-json\/wp\/v2\/media?parent=1593"}],"curies":[{"name":"wp","href":"https:\/\/api.w.org\/{rel}","templated":true}]}}