{"id":1468,"date":"2021-01-13T21:18:09","date_gmt":"2021-01-13T21:18:09","guid":{"rendered":"https:\/\/www.campingdebocht.nl\/?page_id=1468"},"modified":"2021-01-21T19:23:53","modified_gmt":"2021-01-21T19:23:53","slug":"wintercamping","status":"publish","type":"page","link":"https:\/\/www.campingdebocht.nl\/de\/wintercamping\/","title":{"rendered":"Wintercamping"},"content":{"rendered":"<h1>Wintercamping in Brabant<\/h1>\n<p>Wenn Sie einen <strong>gem\u00fctlichen Wintercamping <\/strong>in den Niederlanden suchen, um im Winter zu campen, dann sind Sie bei <a href=\"https:\/\/www.campingdebocht.nl\/de\/wir-ueber-uns\/\">Camping De Bocht<\/a> in Brabant an der richtigen Adresse.<\/p>\n<p>Der ideale Ort, um sich zu entspannen und dem Alltagsstress zu entfliehen. Da es sich um einen <a href=\"https:\/\/www.campingdebocht.nl\/de\/kindercampingplatz\/\">kleinen Kindercampingplatz<\/a> handelt, kann sich die ganze Familie hier im Winter am\u00fcsieren.<\/p>\n<p><iframe loading=\"lazy\" src=\"https:\/\/www.youtube-nocookie.com\/embed\/2nnGHUJ-iuQ?rel=0\" width=\"560\" height=\"315\" frameborder=\"0\" allowfullscreen=\"allowfullscreen\" data-mce-fragment=\"1\"><\/iframe><\/p>\n<h2>Gem\u00fctlich campen im Winter<\/h2>\n<p>Camping De Bocht ist ein gem\u00fctlicher, kinderfreundlicher Wintercamping in einem der sch\u00f6nsten Orte der Provinz Brabant. Die vielen <a href=\"https:\/\/www.campingdebocht.nl\/de\/einrichtungen\/\">Einrichtungen<\/a> die Ihnen auf diesem Wintercamping zur Verf\u00fcgung stehen, wie zum Beispiel beheizte Sanit\u00e4ranlagen, garantieren, dass Ihr Aufenthalt im Winter so angenehm wie m\u00f6glich sein wird.<\/p>\n<p>Sie k\u00f6nnen bei uns einen sch\u00f6nen <u><a href=\"https:\/\/www.campingdebocht.nl\/de\/wohnwagen-mieten\/\">Wohnwagen mieten<\/a>,<\/u> Jahrespl\u00e4tze buchen oder ein Chalet mieten. Unser begeistertes Team steht Ihnen jederzeit zur Verf\u00fcgung und sorgt daf\u00fcr, dass Sie auch im Winter einen unvergesslichen Aufenthalt geniessen werden.<\/p>\n<h2>Im Winter auf Camping De Bocht campen<\/h2>\n<p>Auf dieser Website erfahren Sie mehr \u00fcber die M\u00f6glichkeiten die Camping De Bocht im Winter bietet. F\u00fcr weitere Informationen zu unserem Wintercamping k\u00f6nnen Sie <a href=\"https:\/\/www.campingdebocht.nl\/de\/kontakt\/\">Kontakt<\/a> mit uns aufnehmen.<\/p>\n<h2>Winterparadies Oirschot<\/h2>\n<p>Im Dezember verwandelt sich Oirschot in ein echtes Winterparadies und k\u00f6nnen Sie auf dem Markt Schlittschuh laufen. Es gibt auch Aktivit\u00e4ten wie Eishockey und Curling. <a href=\"http:\/\/winterparadijs.nl\/\">Besuchen Sie die Website von Winterparadies Oirschot<\/a>.<\/p>\n<p><img loading=\"lazy\" decoding=\"async\" class=\"alignnone size-full wp-image-753\" title=\"Winterparadijs Oirschot\" src=\"https:\/\/www.campingdebocht.nl\/wp-content\/uploads\/2018\/07\/winterparadijs-oirschot.jpg\" alt=\"Winterparadijs Oirschot\" width=\"1200\" height=\"465\" srcset=\"https:\/\/www.campingdebocht.nl\/wp-content\/uploads\/2018\/07\/winterparadijs-oirschot.jpg 1200w, https:\/\/www.campingdebocht.nl\/wp-content\/uploads\/2018\/07\/winterparadijs-oirschot-300x116.jpg 300w, https:\/\/www.campingdebocht.nl\/wp-content\/uploads\/2018\/07\/winterparadijs-oirschot-768x298.jpg 768w, https:\/\/www.campingdebocht.nl\/wp-content\/uploads\/2018\/07\/winterparadijs-oirschot-1024x397.jpg 1024w\" sizes=\"auto, (max-width: 1200px) 100vw, 1200px\" \/><\/p>\n","protected":false},"excerpt":{"rendered":"<p>Wintercamping in Brabant Wenn Sie einen gem\u00fctlichen Wintercamping in den Niederlanden suchen, um im Winter zu campen, dann sind Sie bei Camping De Bocht in Brabant an der richtigen Adresse. Der ideale Ort, um sich zu entspannen und dem Alltagsstress zu entfliehen. Da es sich um einen kleinen Kindercampingplatz handelt, kann sich die ganze Familie [&hellip;]<\/p>\n","protected":false},"author":1,"featured_media":0,"parent":0,"menu_order":240,"comment_status":"closed","ping_status":"closed","template":"template-sidebar.php","meta":{"_acf_changed":false,"footnotes":""},"class_list":["post-1468","page","type-page","status-publish","hentry"],"acf":[],"yoast_head":"<!-- This site is optimized with the Yoast SEO plugin v27.5 - https:\/\/yoast.com\/product\/yoast-seo-wordpress\/ -->\n<title>Wintercamping - Camping De Bocht<\/title>\n<meta name=\"robots\" content=\"index, follow, max-snippet:-1, max-image-preview:large, max-video-preview:-1\" \/>\n<link rel=\"canonical\" href=\"https:\/\/www.campingdebocht.nl\/de\/wintercamping\/\" \/>\n<meta property=\"og:locale\" content=\"de_DE\" \/>\n<meta property=\"og:type\" content=\"article\" \/>\n<meta property=\"og:title\" content=\"Wintercamping - Camping De Bocht\" \/>\n<meta property=\"og:description\" content=\"Wintercamping in Brabant Wenn Sie einen gem\u00fctlichen Wintercamping in den Niederlanden suchen, um im Winter zu campen, dann sind Sie bei Camping De Bocht in Brabant an der richtigen Adresse. Der ideale Ort, um sich zu entspannen und dem Alltagsstress zu entfliehen. Da es sich um einen kleinen Kindercampingplatz handelt, kann sich die ganze Familie [&hellip;]\" \/>\n<meta property=\"og:url\" content=\"https:\/\/www.campingdebocht.nl\/de\/wintercamping\/\" \/>\n<meta property=\"og:site_name\" content=\"Camping De Bocht\" \/>\n<meta property=\"article:publisher\" content=\"https:\/\/www.facebook.com\/DeBocht\/\" \/>\n<meta property=\"article:modified_time\" content=\"2021-01-21T19:23:53+00:00\" \/>\n<meta property=\"og:image\" content=\"https:\/\/www.campingdebocht.nl\/wp-content\/uploads\/2018\/07\/winterparadijs-oirschot.jpg\" \/>\n<meta name=\"twitter:card\" content=\"summary_large_image\" \/>\n<script type=\"application\/ld+json\" class=\"yoast-schema-graph\">{\"@context\":\"https:\\\/\\\/schema.org\",\"@graph\":[{\"@type\":\"WebPage\",\"@id\":\"https:\\\/\\\/www.campingdebocht.nl\\\/de\\\/wintercamping\\\/\",\"url\":\"https:\\\/\\\/www.campingdebocht.nl\\\/de\\\/wintercamping\\\/\",\"name\":\"Wintercamping - Camping De Bocht\",\"isPartOf\":{\"@id\":\"https:\\\/\\\/www.campingdebocht.nl\\\/#website\"},\"primaryImageOfPage\":{\"@id\":\"https:\\\/\\\/www.campingdebocht.nl\\\/de\\\/wintercamping\\\/#primaryimage\"},\"image\":{\"@id\":\"https:\\\/\\\/www.campingdebocht.nl\\\/de\\\/wintercamping\\\/#primaryimage\"},\"thumbnailUrl\":\"https:\\\/\\\/www.campingdebocht.nl\\\/wp-content\\\/uploads\\\/2018\\\/07\\\/winterparadijs-oirschot.jpg\",\"datePublished\":\"2021-01-13T21:18:09+00:00\",\"dateModified\":\"2021-01-21T19:23:53+00:00\",\"breadcrumb\":{\"@id\":\"https:\\\/\\\/www.campingdebocht.nl\\\/de\\\/wintercamping\\\/#breadcrumb\"},\"inLanguage\":\"de\",\"potentialAction\":[{\"@type\":\"ReadAction\",\"target\":[\"https:\\\/\\\/www.campingdebocht.nl\\\/de\\\/wintercamping\\\/\"]}]},{\"@type\":\"ImageObject\",\"inLanguage\":\"de\",\"@id\":\"https:\\\/\\\/www.campingdebocht.nl\\\/de\\\/wintercamping\\\/#primaryimage\",\"url\":\"https:\\\/\\\/www.campingdebocht.nl\\\/wp-content\\\/uploads\\\/2018\\\/07\\\/winterparadijs-oirschot.jpg\",\"contentUrl\":\"https:\\\/\\\/www.campingdebocht.nl\\\/wp-content\\\/uploads\\\/2018\\\/07\\\/winterparadijs-oirschot.jpg\"},{\"@type\":\"BreadcrumbList\",\"@id\":\"https:\\\/\\\/www.campingdebocht.nl\\\/de\\\/wintercamping\\\/#breadcrumb\",\"itemListElement\":[{\"@type\":\"ListItem\",\"position\":1,\"name\":\"Home\",\"item\":\"https:\\\/\\\/www.campingdebocht.nl\\\/de\\\/\"},{\"@type\":\"ListItem\",\"position\":2,\"name\":\"Wintercamping\"}]},{\"@type\":\"WebSite\",\"@id\":\"https:\\\/\\\/www.campingdebocht.nl\\\/#website\",\"url\":\"https:\\\/\\\/www.campingdebocht.nl\\\/\",\"name\":\"Camping De Bocht\",\"description\":\"\",\"publisher\":{\"@id\":\"https:\\\/\\\/www.campingdebocht.nl\\\/#organization\"},\"potentialAction\":[{\"@type\":\"SearchAction\",\"target\":{\"@type\":\"EntryPoint\",\"urlTemplate\":\"https:\\\/\\\/www.campingdebocht.nl\\\/?s={search_term_string}\"},\"query-input\":{\"@type\":\"PropertyValueSpecification\",\"valueRequired\":true,\"valueName\":\"search_term_string\"}}],\"inLanguage\":\"de\"},{\"@type\":\"Organization\",\"@id\":\"https:\\\/\\\/www.campingdebocht.nl\\\/#organization\",\"name\":\"Camping De Bocht\",\"url\":\"https:\\\/\\\/www.campingdebocht.nl\\\/\",\"logo\":{\"@type\":\"ImageObject\",\"inLanguage\":\"de\",\"@id\":\"https:\\\/\\\/www.campingdebocht.nl\\\/#\\\/schema\\\/logo\\\/image\\\/\",\"url\":\"https:\\\/\\\/www.campingdebocht.nl\\\/wp-content\\\/uploads\\\/2018\\\/03\\\/logo.png\",\"contentUrl\":\"https:\\\/\\\/www.campingdebocht.nl\\\/wp-content\\\/uploads\\\/2018\\\/03\\\/logo.png\",\"width\":160,\"height\":101,\"caption\":\"Camping De Bocht\"},\"image\":{\"@id\":\"https:\\\/\\\/www.campingdebocht.nl\\\/#\\\/schema\\\/logo\\\/image\\\/\"},\"sameAs\":[\"https:\\\/\\\/www.facebook.com\\\/DeBocht\\\/\",\"https:\\\/\\\/www.youtube.com\\\/channel\\\/UCGfdDFj8qB5BdynzAA8AD7Q\"]}]}<\/script>\n<!-- \/ Yoast SEO plugin. -->","yoast_head_json":{"title":"Wintercamping - Camping De Bocht","robots":{"index":"index","follow":"follow","max-snippet":"max-snippet:-1","max-image-preview":"max-image-preview:large","max-video-preview":"max-video-preview:-1"},"canonical":"https:\/\/www.campingdebocht.nl\/de\/wintercamping\/","og_locale":"de_DE","og_type":"article","og_title":"Wintercamping - Camping De Bocht","og_description":"Wintercamping in Brabant Wenn Sie einen gem\u00fctlichen Wintercamping in den Niederlanden suchen, um im Winter zu campen, dann sind Sie bei Camping De Bocht in Brabant an der richtigen Adresse. Der ideale Ort, um sich zu entspannen und dem Alltagsstress zu entfliehen. Da es sich um einen kleinen Kindercampingplatz handelt, kann sich die ganze Familie [&hellip;]","og_url":"https:\/\/www.campingdebocht.nl\/de\/wintercamping\/","og_site_name":"Camping De Bocht","article_publisher":"https:\/\/www.facebook.com\/DeBocht\/","article_modified_time":"2021-01-21T19:23:53+00:00","og_image":[{"url":"https:\/\/www.campingdebocht.nl\/wp-content\/uploads\/2018\/07\/winterparadijs-oirschot.jpg","type":"","width":"","height":""}],"twitter_card":"summary_large_image","schema":{"@context":"https:\/\/schema.org","@graph":[{"@type":"WebPage","@id":"https:\/\/www.campingdebocht.nl\/de\/wintercamping\/","url":"https:\/\/www.campingdebocht.nl\/de\/wintercamping\/","name":"Wintercamping - Camping De Bocht","isPartOf":{"@id":"https:\/\/www.campingdebocht.nl\/#website"},"primaryImageOfPage":{"@id":"https:\/\/www.campingdebocht.nl\/de\/wintercamping\/#primaryimage"},"image":{"@id":"https:\/\/www.campingdebocht.nl\/de\/wintercamping\/#primaryimage"},"thumbnailUrl":"https:\/\/www.campingdebocht.nl\/wp-content\/uploads\/2018\/07\/winterparadijs-oirschot.jpg","datePublished":"2021-01-13T21:18:09+00:00","dateModified":"2021-01-21T19:23:53+00:00","breadcrumb":{"@id":"https:\/\/www.campingdebocht.nl\/de\/wintercamping\/#breadcrumb"},"inLanguage":"de","potentialAction":[{"@type":"ReadAction","target":["https:\/\/www.campingdebocht.nl\/de\/wintercamping\/"]}]},{"@type":"ImageObject","inLanguage":"de","@id":"https:\/\/www.campingdebocht.nl\/de\/wintercamping\/#primaryimage","url":"https:\/\/www.campingdebocht.nl\/wp-content\/uploads\/2018\/07\/winterparadijs-oirschot.jpg","contentUrl":"https:\/\/www.campingdebocht.nl\/wp-content\/uploads\/2018\/07\/winterparadijs-oirschot.jpg"},{"@type":"BreadcrumbList","@id":"https:\/\/www.campingdebocht.nl\/de\/wintercamping\/#breadcrumb","itemListElement":[{"@type":"ListItem","position":1,"name":"Home","item":"https:\/\/www.campingdebocht.nl\/de\/"},{"@type":"ListItem","position":2,"name":"Wintercamping"}]},{"@type":"WebSite","@id":"https:\/\/www.campingdebocht.nl\/#website","url":"https:\/\/www.campingdebocht.nl\/","name":"Camping De Bocht","description":"","publisher":{"@id":"https:\/\/www.campingdebocht.nl\/#organization"},"potentialAction":[{"@type":"SearchAction","target":{"@type":"EntryPoint","urlTemplate":"https:\/\/www.campingdebocht.nl\/?s={search_term_string}"},"query-input":{"@type":"PropertyValueSpecification","valueRequired":true,"valueName":"search_term_string"}}],"inLanguage":"de"},{"@type":"Organization","@id":"https:\/\/www.campingdebocht.nl\/#organization","name":"Camping De Bocht","url":"https:\/\/www.campingdebocht.nl\/","logo":{"@type":"ImageObject","inLanguage":"de","@id":"https:\/\/www.campingdebocht.nl\/#\/schema\/logo\/image\/","url":"https:\/\/www.campingdebocht.nl\/wp-content\/uploads\/2018\/03\/logo.png","contentUrl":"https:\/\/www.campingdebocht.nl\/wp-content\/uploads\/2018\/03\/logo.png","width":160,"height":101,"caption":"Camping De Bocht"},"image":{"@id":"https:\/\/www.campingdebocht.nl\/#\/schema\/logo\/image\/"},"sameAs":["https:\/\/www.facebook.com\/DeBocht\/","https:\/\/www.youtube.com\/channel\/UCGfdDFj8qB5BdynzAA8AD7Q"]}]}},"_links":{"self":[{"href":"https:\/\/www.campingdebocht.nl\/de\/wp-json\/wp\/v2\/pages\/1468","targetHints":{"allow":["GET"]}}],"collection":[{"href":"https:\/\/www.campingdebocht.nl\/de\/wp-json\/wp\/v2\/pages"}],"about":[{"href":"https:\/\/www.campingdebocht.nl\/de\/wp-json\/wp\/v2\/types\/page"}],"author":[{"embeddable":true,"href":"https:\/\/www.campingdebocht.nl\/de\/wp-json\/wp\/v2\/users\/1"}],"replies":[{"embeddable":true,"href":"https:\/\/www.campingdebocht.nl\/de\/wp-json\/wp\/v2\/comments?post=1468"}],"version-history":[{"count":4,"href":"https:\/\/www.campingdebocht.nl\/de\/wp-json\/wp\/v2\/pages\/1468\/revisions"}],"predecessor-version":[{"id":1642,"href":"https:\/\/www.campingdebocht.nl\/de\/wp-json\/wp\/v2\/pages\/1468\/revisions\/1642"}],"wp:attachment":[{"href":"https:\/\/www.campingdebocht.nl\/de\/wp-json\/wp\/v2\/media?parent=1468"}],"curies":[{"name":"wp","href":"https:\/\/api.w.org\/{rel}","templated":true}]}}