{"id":1454,"date":"2021-01-13T20:56:16","date_gmt":"2021-01-13T20:56:16","guid":{"rendered":"https:\/\/www.campingdebocht.nl\/?page_id=1454"},"modified":"2021-01-21T19:21:19","modified_gmt":"2021-01-21T19:21:19","slug":"campingplatz-fuer-senioren","status":"publish","type":"page","link":"https:\/\/www.campingdebocht.nl\/de\/campingplatz-fuer-senioren\/","title":{"rendered":"Campingplatz f\u00fcr Senioren"},"content":{"rendered":"<h1><strong>Campingplatz f\u00fcr Senioren<\/strong><\/h1>\n<p>Suchen Sie einen ruhigen, kleinen Campingplatz f\u00fcr Senioren im Herzen der Provinz Brabant? Camping De Bocht ist ein idealer Ort f\u00fcr Senioren. Hier geniessen Sie das wunderbare Campinggef\u00fchl! Weil es sich um einen kleinen Campingplatz handelt, ist der Abstand zu den Einrichtungen oder zum Restaurant sehr klein. Besonders geeignet f\u00fcr Senioren: Camping De Bocht.<\/p>\n<p><iframe loading=\"lazy\" src=\"https:\/\/www.youtube-nocookie.com\/embed\/amjlh4R_GN8?rel=0\" width=\"560\" height=\"315\" frameborder=\"0\" allowfullscreen=\"allowfullscreen\" data-mce-fragment=\"1\"><\/iframe><\/p>\n<h2>Umgebung Senioren-Campingplatz<\/h2>\n<p>Camping De Bocht ist ein Campingplatz f\u00fcr u.a. Senioren, im historischen Dorf Oirschot, im Herzen der Provinz Brabant.<\/p>\n<p>Camping De Bocht liegt in einer wundersch\u00f6nen, waldreichen Umgebung. Einige frei zug\u00e4ngliche Landg\u00fcter, sowie die Campina Heide, Landgut Heerebeek, Landgut \u2018s-Heerenvijvers und De Baest k\u00f6nnen zu Fuss oder mit dem Fahrrad erreicht werden.<\/p>\n<p><img loading=\"lazy\" decoding=\"async\" class=\"alignnone size-medium wp-image-683\" title=\"Senioren camping de Bocht\" src=\"https:\/\/www.campingdebocht.nl\/wp-content\/uploads\/2018\/07\/senioren-camping-300x225.jpg\" alt=\"Senioren camping\" width=\"300\" height=\"225\" srcset=\"https:\/\/www.campingdebocht.nl\/wp-content\/uploads\/2018\/07\/senioren-camping-300x225.jpg 300w, https:\/\/www.campingdebocht.nl\/wp-content\/uploads\/2018\/07\/senioren-camping-768x576.jpg 768w, https:\/\/www.campingdebocht.nl\/wp-content\/uploads\/2018\/07\/senioren-camping.jpg 1024w\" sizes=\"auto, (max-width: 300px) 100vw, 300px\" \/><\/p>\n<h2>Wandern und Radfahren vom Campingplatz aus<\/h2>\n<p>Sie k\u00f6nnen von Eindhoven nach Tilburg, Lommel, Den Dungen und in den Rest von Nordbrabant radeln. In dieser Region finden Sie auch eine der sch\u00f6nsten Wanderrouten der Niederlande. Herrlich zusammen Zeit mit Familie, Kindern und Enkelkindern in der Region Brabant verbringen.<\/p>\n<p>Erholung in Brabant wird von Senioren als eine der sch\u00f6nsten Regionen f\u00fcr Freizeitaktivit\u00e4ten angesehen. Es gibt zum Beispiel verschiedene Wanderrouten: <a href=\"https:\/\/www.campingdebocht.nl\/de\/wandern-im-naturschutzgebiet-de-kempen\/\">Wanderroute de Kempen<\/a>,\u00a0<a href=\"https:\/\/www.campingdebocht.nl\/de\/wandern-im-naturschutzgebiet-de-kampina\/\">Wanderroute Kampina<\/a>,\u00a0<a href=\"https:\/\/www.campingdebocht.nl\/de\/wandern-im-naturschutzgebiet-de-mortelen\/\">Wanderroute Mortelen<\/a>\u00a0und\u00a0<a href=\"https:\/\/www.campingdebocht.nl\/de\/wandern-in-oirschot\/\">Wandern in Oirschot<\/a> (Wandern im Allgemeinen).<\/p>\n","protected":false},"excerpt":{"rendered":"<p>Campingplatz f\u00fcr Senioren Suchen Sie einen ruhigen, kleinen Campingplatz f\u00fcr Senioren im Herzen der Provinz Brabant? Camping De Bocht ist ein idealer Ort f\u00fcr Senioren. Hier geniessen Sie das wunderbare Campinggef\u00fchl! Weil es sich um einen kleinen Campingplatz handelt, ist der Abstand zu den Einrichtungen oder zum Restaurant sehr klein. Besonders geeignet f\u00fcr Senioren: Camping [&hellip;]<\/p>\n","protected":false},"author":1,"featured_media":0,"parent":0,"menu_order":160,"comment_status":"closed","ping_status":"closed","template":"","meta":{"_acf_changed":false,"footnotes":""},"class_list":["post-1454","page","type-page","status-publish","hentry"],"acf":[],"yoast_head":"<!-- This site is optimized with the Yoast SEO plugin v27.6 - https:\/\/yoast.com\/product\/yoast-seo-wordpress\/ -->\n<title>Campingplatz f\u00fcr Senioren - Camping De Bocht<\/title>\n<meta name=\"robots\" content=\"index, follow, max-snippet:-1, max-image-preview:large, max-video-preview:-1\" \/>\n<link rel=\"canonical\" href=\"https:\/\/www.campingdebocht.nl\/de\/campingplatz-fuer-senioren\/\" \/>\n<meta property=\"og:locale\" content=\"de_DE\" \/>\n<meta property=\"og:type\" content=\"article\" \/>\n<meta property=\"og:title\" content=\"Campingplatz f\u00fcr Senioren - Camping De Bocht\" \/>\n<meta property=\"og:description\" content=\"Campingplatz f\u00fcr Senioren Suchen Sie einen ruhigen, kleinen Campingplatz f\u00fcr Senioren im Herzen der Provinz Brabant? Camping De Bocht ist ein idealer Ort f\u00fcr Senioren. Hier geniessen Sie das wunderbare Campinggef\u00fchl! Weil es sich um einen kleinen Campingplatz handelt, ist der Abstand zu den Einrichtungen oder zum Restaurant sehr klein. Besonders geeignet f\u00fcr Senioren: Camping [&hellip;]\" \/>\n<meta property=\"og:url\" content=\"https:\/\/www.campingdebocht.nl\/de\/campingplatz-fuer-senioren\/\" \/>\n<meta property=\"og:site_name\" content=\"Camping De Bocht\" \/>\n<meta property=\"article:publisher\" content=\"https:\/\/www.facebook.com\/DeBocht\/\" \/>\n<meta property=\"article:modified_time\" content=\"2021-01-21T19:21:19+00:00\" \/>\n<meta property=\"og:image\" content=\"https:\/\/www.campingdebocht.nl\/wp-content\/uploads\/2018\/07\/senioren-camping-300x225.jpg\" \/>\n<meta name=\"twitter:card\" content=\"summary_large_image\" \/>\n<script type=\"application\/ld+json\" class=\"yoast-schema-graph\">{\"@context\":\"https:\\\/\\\/schema.org\",\"@graph\":[{\"@type\":\"WebPage\",\"@id\":\"https:\\\/\\\/www.campingdebocht.nl\\\/de\\\/campingplatz-fuer-senioren\\\/\",\"url\":\"https:\\\/\\\/www.campingdebocht.nl\\\/de\\\/campingplatz-fuer-senioren\\\/\",\"name\":\"Campingplatz f\u00fcr Senioren - Camping De Bocht\",\"isPartOf\":{\"@id\":\"https:\\\/\\\/www.campingdebocht.nl\\\/#website\"},\"primaryImageOfPage\":{\"@id\":\"https:\\\/\\\/www.campingdebocht.nl\\\/de\\\/campingplatz-fuer-senioren\\\/#primaryimage\"},\"image\":{\"@id\":\"https:\\\/\\\/www.campingdebocht.nl\\\/de\\\/campingplatz-fuer-senioren\\\/#primaryimage\"},\"thumbnailUrl\":\"https:\\\/\\\/www.campingdebocht.nl\\\/wp-content\\\/uploads\\\/2018\\\/07\\\/senioren-camping-300x225.jpg\",\"datePublished\":\"2021-01-13T20:56:16+00:00\",\"dateModified\":\"2021-01-21T19:21:19+00:00\",\"breadcrumb\":{\"@id\":\"https:\\\/\\\/www.campingdebocht.nl\\\/de\\\/campingplatz-fuer-senioren\\\/#breadcrumb\"},\"inLanguage\":\"de\",\"potentialAction\":[{\"@type\":\"ReadAction\",\"target\":[\"https:\\\/\\\/www.campingdebocht.nl\\\/de\\\/campingplatz-fuer-senioren\\\/\"]}]},{\"@type\":\"ImageObject\",\"inLanguage\":\"de\",\"@id\":\"https:\\\/\\\/www.campingdebocht.nl\\\/de\\\/campingplatz-fuer-senioren\\\/#primaryimage\",\"url\":\"https:\\\/\\\/www.campingdebocht.nl\\\/wp-content\\\/uploads\\\/2018\\\/07\\\/senioren-camping-300x225.jpg\",\"contentUrl\":\"https:\\\/\\\/www.campingdebocht.nl\\\/wp-content\\\/uploads\\\/2018\\\/07\\\/senioren-camping-300x225.jpg\"},{\"@type\":\"BreadcrumbList\",\"@id\":\"https:\\\/\\\/www.campingdebocht.nl\\\/de\\\/campingplatz-fuer-senioren\\\/#breadcrumb\",\"itemListElement\":[{\"@type\":\"ListItem\",\"position\":1,\"name\":\"Home\",\"item\":\"https:\\\/\\\/www.campingdebocht.nl\\\/de\\\/\"},{\"@type\":\"ListItem\",\"position\":2,\"name\":\"Campingplatz f\u00fcr Senioren\"}]},{\"@type\":\"WebSite\",\"@id\":\"https:\\\/\\\/www.campingdebocht.nl\\\/#website\",\"url\":\"https:\\\/\\\/www.campingdebocht.nl\\\/\",\"name\":\"Camping De Bocht\",\"description\":\"\",\"publisher\":{\"@id\":\"https:\\\/\\\/www.campingdebocht.nl\\\/#organization\"},\"potentialAction\":[{\"@type\":\"SearchAction\",\"target\":{\"@type\":\"EntryPoint\",\"urlTemplate\":\"https:\\\/\\\/www.campingdebocht.nl\\\/?s={search_term_string}\"},\"query-input\":{\"@type\":\"PropertyValueSpecification\",\"valueRequired\":true,\"valueName\":\"search_term_string\"}}],\"inLanguage\":\"de\"},{\"@type\":\"Organization\",\"@id\":\"https:\\\/\\\/www.campingdebocht.nl\\\/#organization\",\"name\":\"Camping De Bocht\",\"url\":\"https:\\\/\\\/www.campingdebocht.nl\\\/\",\"logo\":{\"@type\":\"ImageObject\",\"inLanguage\":\"de\",\"@id\":\"https:\\\/\\\/www.campingdebocht.nl\\\/#\\\/schema\\\/logo\\\/image\\\/\",\"url\":\"https:\\\/\\\/www.campingdebocht.nl\\\/wp-content\\\/uploads\\\/2018\\\/03\\\/logo.png\",\"contentUrl\":\"https:\\\/\\\/www.campingdebocht.nl\\\/wp-content\\\/uploads\\\/2018\\\/03\\\/logo.png\",\"width\":160,\"height\":101,\"caption\":\"Camping De Bocht\"},\"image\":{\"@id\":\"https:\\\/\\\/www.campingdebocht.nl\\\/#\\\/schema\\\/logo\\\/image\\\/\"},\"sameAs\":[\"https:\\\/\\\/www.facebook.com\\\/DeBocht\\\/\",\"https:\\\/\\\/www.youtube.com\\\/channel\\\/UCGfdDFj8qB5BdynzAA8AD7Q\"]}]}<\/script>\n<!-- \/ Yoast SEO plugin. -->","yoast_head_json":{"title":"Campingplatz f\u00fcr Senioren - Camping De Bocht","robots":{"index":"index","follow":"follow","max-snippet":"max-snippet:-1","max-image-preview":"max-image-preview:large","max-video-preview":"max-video-preview:-1"},"canonical":"https:\/\/www.campingdebocht.nl\/de\/campingplatz-fuer-senioren\/","og_locale":"de_DE","og_type":"article","og_title":"Campingplatz f\u00fcr Senioren - Camping De Bocht","og_description":"Campingplatz f\u00fcr Senioren Suchen Sie einen ruhigen, kleinen Campingplatz f\u00fcr Senioren im Herzen der Provinz Brabant? Camping De Bocht ist ein idealer Ort f\u00fcr Senioren. Hier geniessen Sie das wunderbare Campinggef\u00fchl! Weil es sich um einen kleinen Campingplatz handelt, ist der Abstand zu den Einrichtungen oder zum Restaurant sehr klein. Besonders geeignet f\u00fcr Senioren: Camping [&hellip;]","og_url":"https:\/\/www.campingdebocht.nl\/de\/campingplatz-fuer-senioren\/","og_site_name":"Camping De Bocht","article_publisher":"https:\/\/www.facebook.com\/DeBocht\/","article_modified_time":"2021-01-21T19:21:19+00:00","og_image":[{"url":"https:\/\/www.campingdebocht.nl\/wp-content\/uploads\/2018\/07\/senioren-camping-300x225.jpg","type":"","width":"","height":""}],"twitter_card":"summary_large_image","schema":{"@context":"https:\/\/schema.org","@graph":[{"@type":"WebPage","@id":"https:\/\/www.campingdebocht.nl\/de\/campingplatz-fuer-senioren\/","url":"https:\/\/www.campingdebocht.nl\/de\/campingplatz-fuer-senioren\/","name":"Campingplatz f\u00fcr Senioren - Camping De Bocht","isPartOf":{"@id":"https:\/\/www.campingdebocht.nl\/#website"},"primaryImageOfPage":{"@id":"https:\/\/www.campingdebocht.nl\/de\/campingplatz-fuer-senioren\/#primaryimage"},"image":{"@id":"https:\/\/www.campingdebocht.nl\/de\/campingplatz-fuer-senioren\/#primaryimage"},"thumbnailUrl":"https:\/\/www.campingdebocht.nl\/wp-content\/uploads\/2018\/07\/senioren-camping-300x225.jpg","datePublished":"2021-01-13T20:56:16+00:00","dateModified":"2021-01-21T19:21:19+00:00","breadcrumb":{"@id":"https:\/\/www.campingdebocht.nl\/de\/campingplatz-fuer-senioren\/#breadcrumb"},"inLanguage":"de","potentialAction":[{"@type":"ReadAction","target":["https:\/\/www.campingdebocht.nl\/de\/campingplatz-fuer-senioren\/"]}]},{"@type":"ImageObject","inLanguage":"de","@id":"https:\/\/www.campingdebocht.nl\/de\/campingplatz-fuer-senioren\/#primaryimage","url":"https:\/\/www.campingdebocht.nl\/wp-content\/uploads\/2018\/07\/senioren-camping-300x225.jpg","contentUrl":"https:\/\/www.campingdebocht.nl\/wp-content\/uploads\/2018\/07\/senioren-camping-300x225.jpg"},{"@type":"BreadcrumbList","@id":"https:\/\/www.campingdebocht.nl\/de\/campingplatz-fuer-senioren\/#breadcrumb","itemListElement":[{"@type":"ListItem","position":1,"name":"Home","item":"https:\/\/www.campingdebocht.nl\/de\/"},{"@type":"ListItem","position":2,"name":"Campingplatz f\u00fcr Senioren"}]},{"@type":"WebSite","@id":"https:\/\/www.campingdebocht.nl\/#website","url":"https:\/\/www.campingdebocht.nl\/","name":"Camping De Bocht","description":"","publisher":{"@id":"https:\/\/www.campingdebocht.nl\/#organization"},"potentialAction":[{"@type":"SearchAction","target":{"@type":"EntryPoint","urlTemplate":"https:\/\/www.campingdebocht.nl\/?s={search_term_string}"},"query-input":{"@type":"PropertyValueSpecification","valueRequired":true,"valueName":"search_term_string"}}],"inLanguage":"de"},{"@type":"Organization","@id":"https:\/\/www.campingdebocht.nl\/#organization","name":"Camping De Bocht","url":"https:\/\/www.campingdebocht.nl\/","logo":{"@type":"ImageObject","inLanguage":"de","@id":"https:\/\/www.campingdebocht.nl\/#\/schema\/logo\/image\/","url":"https:\/\/www.campingdebocht.nl\/wp-content\/uploads\/2018\/03\/logo.png","contentUrl":"https:\/\/www.campingdebocht.nl\/wp-content\/uploads\/2018\/03\/logo.png","width":160,"height":101,"caption":"Camping De Bocht"},"image":{"@id":"https:\/\/www.campingdebocht.nl\/#\/schema\/logo\/image\/"},"sameAs":["https:\/\/www.facebook.com\/DeBocht\/","https:\/\/www.youtube.com\/channel\/UCGfdDFj8qB5BdynzAA8AD7Q"]}]}},"_links":{"self":[{"href":"https:\/\/www.campingdebocht.nl\/de\/wp-json\/wp\/v2\/pages\/1454","targetHints":{"allow":["GET"]}}],"collection":[{"href":"https:\/\/www.campingdebocht.nl\/de\/wp-json\/wp\/v2\/pages"}],"about":[{"href":"https:\/\/www.campingdebocht.nl\/de\/wp-json\/wp\/v2\/types\/page"}],"author":[{"embeddable":true,"href":"https:\/\/www.campingdebocht.nl\/de\/wp-json\/wp\/v2\/users\/1"}],"replies":[{"embeddable":true,"href":"https:\/\/www.campingdebocht.nl\/de\/wp-json\/wp\/v2\/comments?post=1454"}],"version-history":[{"count":4,"href":"https:\/\/www.campingdebocht.nl\/de\/wp-json\/wp\/v2\/pages\/1454\/revisions"}],"predecessor-version":[{"id":1638,"href":"https:\/\/www.campingdebocht.nl\/de\/wp-json\/wp\/v2\/pages\/1454\/revisions\/1638"}],"wp:attachment":[{"href":"https:\/\/www.campingdebocht.nl\/de\/wp-json\/wp\/v2\/media?parent=1454"}],"curies":[{"name":"wp","href":"https:\/\/api.w.org\/{rel}","templated":true}]}}