{"id":1452,"date":"2021-01-13T20:54:27","date_gmt":"2021-01-13T20:54:27","guid":{"rendered":"https:\/\/www.campingdebocht.nl\/?page_id=1452"},"modified":"2024-07-13T15:31:25","modified_gmt":"2024-07-13T15:31:25","slug":"kindercampingplatz","status":"publish","type":"page","link":"https:\/\/www.campingdebocht.nl\/de\/kindercampingplatz\/","title":{"rendered":"Kindercampingplatz"},"content":{"rendered":"<h1>Sch\u00f6ner Kindercampingplatz<\/h1>\n<p>Kindercamping de Bocht ist ein <strong>kinderfreundlicher Campingplatz <\/strong>im S\u00fcden der Niederlande. Der kleine Campingplatz eignet sich besonders gut f\u00fcr einen Urlaub f\u00fcr Familien mit Kindern.<\/p>\n<p>Der Kindercampingplatz ist gut eingez\u00e4unt und es gibt viele Spielm\u00f6glichkeiten. Es gibt einen Spielplatz f\u00fcr kleine Kinder. W\u00e4hrend Ihre Kinder sich hier am\u00fcsieren, k\u00f6nnen Sie einen unbeschwerten Urlaub geniessen.<\/p>\n<h2>Campingplatz f\u00fcr Kinder<\/h2>\n<p>Sie und Ihre Kinder k\u00f6nnen unser grosses Freibad geniessen. Das Freibad wurde auf Sicherheit gepr\u00fcft und verf\u00fcgt auch \u00fcber ein Planschbecken f\u00fcr kleine Kinder.<\/p>\n<p><img loading=\"lazy\" decoding=\"async\" class=\"alignnone wp-image-92 size-medium\" title=\"Kindercamping de Bocht\" src=\"https:\/\/www.campingdebocht.nl\/wp-content\/uploads\/2018\/03\/zwembad-groot-300x225.jpg\" alt=\"Zwembad Camping De Bocht\" width=\"600\" height=\"450\" srcset=\"https:\/\/www.campingdebocht.nl\/wp-content\/uploads\/2018\/03\/zwembad-groot-300x225.jpg 300w, https:\/\/www.campingdebocht.nl\/wp-content\/uploads\/2018\/03\/zwembad-groot-768x576.jpg 768w, https:\/\/www.campingdebocht.nl\/wp-content\/uploads\/2018\/03\/zwembad-groot.jpg 1024w\" sizes=\"auto, (max-width: 600px) 100vw, 600px\" \/><\/p>\n<h2>Einer der sch\u00f6nsten Kindercampingpl\u00e4tze der Provinz Brabant<\/h2>\n<p>Au\u00dferhalb unseres kinderfreundlichen Campingplatzes k\u00f6nnen Sie an unterhaltsamen Aktivit\u00e4ten teilnehmen wie:<\/p>\n<p>Vom Campingplatz am Stadtrand von Oirschot aus unternehmen alle eine Go-Kart-Tour durch die Gegend.<\/p>\n<p>Gemeinsames Pfannkuchenessen auf dem Campingplatz, gebacken vom Campingplatzbesitzer, damit es allen schmeckt.<\/p>\n<p>Ein lustiges Bingo auf dem Spielfeld mit allen G\u00e4sten, ob jung oder alt.<\/p>\n<p>Erkunden Sie die Brabanter Landschaft bei einer sch\u00f6nen Wanderung oder Radtour.<\/p>\n<p><strong>Kindercamping de Bocht: ein sch\u00f6ner Campingplatz f\u00fcr Kinder und Familien! <\/strong><\/p>\n","protected":false},"excerpt":{"rendered":"<p>Sch\u00f6ner Kindercampingplatz Kindercamping de Bocht ist ein kinderfreundlicher Campingplatz im S\u00fcden der Niederlande. Der kleine Campingplatz eignet sich besonders gut f\u00fcr einen Urlaub f\u00fcr Familien mit Kindern. Der Kindercampingplatz ist gut eingez\u00e4unt und es gibt viele Spielm\u00f6glichkeiten. Es gibt einen Spielplatz f\u00fcr kleine Kinder. W\u00e4hrend Ihre Kinder sich hier am\u00fcsieren, k\u00f6nnen Sie einen unbeschwerten Urlaub [&hellip;]<\/p>\n","protected":false},"author":1,"featured_media":0,"parent":0,"menu_order":150,"comment_status":"closed","ping_status":"closed","template":"","meta":{"_acf_changed":false,"footnotes":""},"class_list":["post-1452","page","type-page","status-publish","hentry"],"acf":[],"yoast_head":"<!-- This site is optimized with the Yoast SEO plugin v27.5 - https:\/\/yoast.com\/product\/yoast-seo-wordpress\/ -->\n<title>Kindercampingplatz - Camping De Bocht<\/title>\n<meta name=\"robots\" content=\"index, follow, max-snippet:-1, max-image-preview:large, max-video-preview:-1\" \/>\n<link rel=\"canonical\" href=\"https:\/\/www.campingdebocht.nl\/de\/kindercampingplatz\/\" \/>\n<meta property=\"og:locale\" content=\"de_DE\" \/>\n<meta property=\"og:type\" content=\"article\" \/>\n<meta property=\"og:title\" content=\"Kindercampingplatz - Camping De Bocht\" \/>\n<meta property=\"og:description\" content=\"Sch\u00f6ner Kindercampingplatz Kindercamping de Bocht ist ein kinderfreundlicher Campingplatz im S\u00fcden der Niederlande. Der kleine Campingplatz eignet sich besonders gut f\u00fcr einen Urlaub f\u00fcr Familien mit Kindern. Der Kindercampingplatz ist gut eingez\u00e4unt und es gibt viele Spielm\u00f6glichkeiten. Es gibt einen Spielplatz f\u00fcr kleine Kinder. W\u00e4hrend Ihre Kinder sich hier am\u00fcsieren, k\u00f6nnen Sie einen unbeschwerten Urlaub [&hellip;]\" \/>\n<meta property=\"og:url\" content=\"https:\/\/www.campingdebocht.nl\/de\/kindercampingplatz\/\" \/>\n<meta property=\"og:site_name\" content=\"Camping De Bocht\" \/>\n<meta property=\"article:publisher\" content=\"https:\/\/www.facebook.com\/DeBocht\/\" \/>\n<meta property=\"article:modified_time\" content=\"2024-07-13T15:31:25+00:00\" \/>\n<meta property=\"og:image\" content=\"https:\/\/www.campingdebocht.nl\/wp-content\/uploads\/2018\/03\/zwembad-groot-300x225.jpg\" \/>\n<meta name=\"twitter:card\" content=\"summary_large_image\" \/>\n<script type=\"application\/ld+json\" class=\"yoast-schema-graph\">{\"@context\":\"https:\\\/\\\/schema.org\",\"@graph\":[{\"@type\":\"WebPage\",\"@id\":\"https:\\\/\\\/www.campingdebocht.nl\\\/de\\\/kindercampingplatz\\\/\",\"url\":\"https:\\\/\\\/www.campingdebocht.nl\\\/de\\\/kindercampingplatz\\\/\",\"name\":\"Kindercampingplatz - Camping De Bocht\",\"isPartOf\":{\"@id\":\"https:\\\/\\\/www.campingdebocht.nl\\\/#website\"},\"primaryImageOfPage\":{\"@id\":\"https:\\\/\\\/www.campingdebocht.nl\\\/de\\\/kindercampingplatz\\\/#primaryimage\"},\"image\":{\"@id\":\"https:\\\/\\\/www.campingdebocht.nl\\\/de\\\/kindercampingplatz\\\/#primaryimage\"},\"thumbnailUrl\":\"https:\\\/\\\/www.campingdebocht.nl\\\/wp-content\\\/uploads\\\/2018\\\/03\\\/zwembad-groot-300x225.jpg\",\"datePublished\":\"2021-01-13T20:54:27+00:00\",\"dateModified\":\"2024-07-13T15:31:25+00:00\",\"breadcrumb\":{\"@id\":\"https:\\\/\\\/www.campingdebocht.nl\\\/de\\\/kindercampingplatz\\\/#breadcrumb\"},\"inLanguage\":\"de\",\"potentialAction\":[{\"@type\":\"ReadAction\",\"target\":[\"https:\\\/\\\/www.campingdebocht.nl\\\/de\\\/kindercampingplatz\\\/\"]}]},{\"@type\":\"ImageObject\",\"inLanguage\":\"de\",\"@id\":\"https:\\\/\\\/www.campingdebocht.nl\\\/de\\\/kindercampingplatz\\\/#primaryimage\",\"url\":\"https:\\\/\\\/www.campingdebocht.nl\\\/wp-content\\\/uploads\\\/2018\\\/03\\\/zwembad-groot-300x225.jpg\",\"contentUrl\":\"https:\\\/\\\/www.campingdebocht.nl\\\/wp-content\\\/uploads\\\/2018\\\/03\\\/zwembad-groot-300x225.jpg\"},{\"@type\":\"BreadcrumbList\",\"@id\":\"https:\\\/\\\/www.campingdebocht.nl\\\/de\\\/kindercampingplatz\\\/#breadcrumb\",\"itemListElement\":[{\"@type\":\"ListItem\",\"position\":1,\"name\":\"Home\",\"item\":\"https:\\\/\\\/www.campingdebocht.nl\\\/de\\\/\"},{\"@type\":\"ListItem\",\"position\":2,\"name\":\"Kindercampingplatz\"}]},{\"@type\":\"WebSite\",\"@id\":\"https:\\\/\\\/www.campingdebocht.nl\\\/#website\",\"url\":\"https:\\\/\\\/www.campingdebocht.nl\\\/\",\"name\":\"Camping De Bocht\",\"description\":\"\",\"publisher\":{\"@id\":\"https:\\\/\\\/www.campingdebocht.nl\\\/#organization\"},\"potentialAction\":[{\"@type\":\"SearchAction\",\"target\":{\"@type\":\"EntryPoint\",\"urlTemplate\":\"https:\\\/\\\/www.campingdebocht.nl\\\/?s={search_term_string}\"},\"query-input\":{\"@type\":\"PropertyValueSpecification\",\"valueRequired\":true,\"valueName\":\"search_term_string\"}}],\"inLanguage\":\"de\"},{\"@type\":\"Organization\",\"@id\":\"https:\\\/\\\/www.campingdebocht.nl\\\/#organization\",\"name\":\"Camping De Bocht\",\"url\":\"https:\\\/\\\/www.campingdebocht.nl\\\/\",\"logo\":{\"@type\":\"ImageObject\",\"inLanguage\":\"de\",\"@id\":\"https:\\\/\\\/www.campingdebocht.nl\\\/#\\\/schema\\\/logo\\\/image\\\/\",\"url\":\"https:\\\/\\\/www.campingdebocht.nl\\\/wp-content\\\/uploads\\\/2018\\\/03\\\/logo.png\",\"contentUrl\":\"https:\\\/\\\/www.campingdebocht.nl\\\/wp-content\\\/uploads\\\/2018\\\/03\\\/logo.png\",\"width\":160,\"height\":101,\"caption\":\"Camping De Bocht\"},\"image\":{\"@id\":\"https:\\\/\\\/www.campingdebocht.nl\\\/#\\\/schema\\\/logo\\\/image\\\/\"},\"sameAs\":[\"https:\\\/\\\/www.facebook.com\\\/DeBocht\\\/\",\"https:\\\/\\\/www.youtube.com\\\/channel\\\/UCGfdDFj8qB5BdynzAA8AD7Q\"]}]}<\/script>\n<!-- \/ Yoast SEO plugin. -->","yoast_head_json":{"title":"Kindercampingplatz - Camping De Bocht","robots":{"index":"index","follow":"follow","max-snippet":"max-snippet:-1","max-image-preview":"max-image-preview:large","max-video-preview":"max-video-preview:-1"},"canonical":"https:\/\/www.campingdebocht.nl\/de\/kindercampingplatz\/","og_locale":"de_DE","og_type":"article","og_title":"Kindercampingplatz - Camping De Bocht","og_description":"Sch\u00f6ner Kindercampingplatz Kindercamping de Bocht ist ein kinderfreundlicher Campingplatz im S\u00fcden der Niederlande. Der kleine Campingplatz eignet sich besonders gut f\u00fcr einen Urlaub f\u00fcr Familien mit Kindern. Der Kindercampingplatz ist gut eingez\u00e4unt und es gibt viele Spielm\u00f6glichkeiten. Es gibt einen Spielplatz f\u00fcr kleine Kinder. W\u00e4hrend Ihre Kinder sich hier am\u00fcsieren, k\u00f6nnen Sie einen unbeschwerten Urlaub [&hellip;]","og_url":"https:\/\/www.campingdebocht.nl\/de\/kindercampingplatz\/","og_site_name":"Camping De Bocht","article_publisher":"https:\/\/www.facebook.com\/DeBocht\/","article_modified_time":"2024-07-13T15:31:25+00:00","og_image":[{"url":"https:\/\/www.campingdebocht.nl\/wp-content\/uploads\/2018\/03\/zwembad-groot-300x225.jpg","type":"","width":"","height":""}],"twitter_card":"summary_large_image","schema":{"@context":"https:\/\/schema.org","@graph":[{"@type":"WebPage","@id":"https:\/\/www.campingdebocht.nl\/de\/kindercampingplatz\/","url":"https:\/\/www.campingdebocht.nl\/de\/kindercampingplatz\/","name":"Kindercampingplatz - Camping De Bocht","isPartOf":{"@id":"https:\/\/www.campingdebocht.nl\/#website"},"primaryImageOfPage":{"@id":"https:\/\/www.campingdebocht.nl\/de\/kindercampingplatz\/#primaryimage"},"image":{"@id":"https:\/\/www.campingdebocht.nl\/de\/kindercampingplatz\/#primaryimage"},"thumbnailUrl":"https:\/\/www.campingdebocht.nl\/wp-content\/uploads\/2018\/03\/zwembad-groot-300x225.jpg","datePublished":"2021-01-13T20:54:27+00:00","dateModified":"2024-07-13T15:31:25+00:00","breadcrumb":{"@id":"https:\/\/www.campingdebocht.nl\/de\/kindercampingplatz\/#breadcrumb"},"inLanguage":"de","potentialAction":[{"@type":"ReadAction","target":["https:\/\/www.campingdebocht.nl\/de\/kindercampingplatz\/"]}]},{"@type":"ImageObject","inLanguage":"de","@id":"https:\/\/www.campingdebocht.nl\/de\/kindercampingplatz\/#primaryimage","url":"https:\/\/www.campingdebocht.nl\/wp-content\/uploads\/2018\/03\/zwembad-groot-300x225.jpg","contentUrl":"https:\/\/www.campingdebocht.nl\/wp-content\/uploads\/2018\/03\/zwembad-groot-300x225.jpg"},{"@type":"BreadcrumbList","@id":"https:\/\/www.campingdebocht.nl\/de\/kindercampingplatz\/#breadcrumb","itemListElement":[{"@type":"ListItem","position":1,"name":"Home","item":"https:\/\/www.campingdebocht.nl\/de\/"},{"@type":"ListItem","position":2,"name":"Kindercampingplatz"}]},{"@type":"WebSite","@id":"https:\/\/www.campingdebocht.nl\/#website","url":"https:\/\/www.campingdebocht.nl\/","name":"Camping De Bocht","description":"","publisher":{"@id":"https:\/\/www.campingdebocht.nl\/#organization"},"potentialAction":[{"@type":"SearchAction","target":{"@type":"EntryPoint","urlTemplate":"https:\/\/www.campingdebocht.nl\/?s={search_term_string}"},"query-input":{"@type":"PropertyValueSpecification","valueRequired":true,"valueName":"search_term_string"}}],"inLanguage":"de"},{"@type":"Organization","@id":"https:\/\/www.campingdebocht.nl\/#organization","name":"Camping De Bocht","url":"https:\/\/www.campingdebocht.nl\/","logo":{"@type":"ImageObject","inLanguage":"de","@id":"https:\/\/www.campingdebocht.nl\/#\/schema\/logo\/image\/","url":"https:\/\/www.campingdebocht.nl\/wp-content\/uploads\/2018\/03\/logo.png","contentUrl":"https:\/\/www.campingdebocht.nl\/wp-content\/uploads\/2018\/03\/logo.png","width":160,"height":101,"caption":"Camping De Bocht"},"image":{"@id":"https:\/\/www.campingdebocht.nl\/#\/schema\/logo\/image\/"},"sameAs":["https:\/\/www.facebook.com\/DeBocht\/","https:\/\/www.youtube.com\/channel\/UCGfdDFj8qB5BdynzAA8AD7Q"]}]}},"_links":{"self":[{"href":"https:\/\/www.campingdebocht.nl\/de\/wp-json\/wp\/v2\/pages\/1452","targetHints":{"allow":["GET"]}}],"collection":[{"href":"https:\/\/www.campingdebocht.nl\/de\/wp-json\/wp\/v2\/pages"}],"about":[{"href":"https:\/\/www.campingdebocht.nl\/de\/wp-json\/wp\/v2\/types\/page"}],"author":[{"embeddable":true,"href":"https:\/\/www.campingdebocht.nl\/de\/wp-json\/wp\/v2\/users\/1"}],"replies":[{"embeddable":true,"href":"https:\/\/www.campingdebocht.nl\/de\/wp-json\/wp\/v2\/comments?post=1452"}],"version-history":[{"count":4,"href":"https:\/\/www.campingdebocht.nl\/de\/wp-json\/wp\/v2\/pages\/1452\/revisions"}],"predecessor-version":[{"id":2647,"href":"https:\/\/www.campingdebocht.nl\/de\/wp-json\/wp\/v2\/pages\/1452\/revisions\/2647"}],"wp:attachment":[{"href":"https:\/\/www.campingdebocht.nl\/de\/wp-json\/wp\/v2\/media?parent=1452"}],"curies":[{"name":"wp","href":"https:\/\/api.w.org\/{rel}","templated":true}]}}