{"id":1444,"date":"2021-01-13T20:48:18","date_gmt":"2021-01-13T20:48:18","guid":{"rendered":"https:\/\/www.campingdebocht.nl\/?page_id=1444"},"modified":"2021-01-21T18:45:30","modified_gmt":"2021-01-21T18:45:30","slug":"wandern-im-naturschutzgebiet-de-mortelen","status":"publish","type":"page","link":"https:\/\/www.campingdebocht.nl\/de\/wandern-im-naturschutzgebiet-de-mortelen\/","title":{"rendered":"Wandern im Naturschutzgebiet De Mortelen"},"content":{"rendered":"<h1>Wandern im Naturschutzgebiet De Mortelen<\/h1>\n<p><img loading=\"lazy\" decoding=\"async\" class=\"alignnone size-full wp-image-493\" title=\"Mooie wandelroutes in de Mortelen\" src=\"https:\/\/www.campingdebocht.nl\/wp-content\/uploads\/2018\/04\/wandelen-mortelen-01.jpg\" alt=\"Wandelroutes Mortelen\" width=\"550\" height=\"413\" srcset=\"https:\/\/www.campingdebocht.nl\/wp-content\/uploads\/2018\/04\/wandelen-mortelen-01.jpg 550w, https:\/\/www.campingdebocht.nl\/wp-content\/uploads\/2018\/04\/wandelen-mortelen-01-300x225.jpg 300w\" sizes=\"auto, (max-width: 550px) 100vw, 550px\" \/><\/p>\n<p>Naturschutzgebiet De Mortelen liegt n\u00f6rdlich von Oirschot. Dieses Gebiet wird durch die grosse Anzahl von Laub- und Nadelw\u00e4ldern, ausgedehnte gr\u00fcne Weiden, trockene Felder und bis zu hundert Pfuhle gekennzeichnet. \u2018Mortel\u2019 bedeutet \u00fcbrigens \u2018weicher Boden\u2019. Die Feuchtgebiete in Kombination mit dem Hochland sorgen f\u00fcr eine besonders abwechslungsreiche Landschaft, die sich hervorragend zum Radfahren und Wandern eignet. Im Fr\u00fchling stehen alle Blumen und Pflanzen in voller Bl\u00fcte. Von der schlanken Schl\u00fcsselblume \u00fcber die Sumpfdotterblume, die Feigwurz bis zum Wiesenschaumkraut. Liebhaber von Pflanzen und Blumen werden begeistert sein.<\/p>\n<p>Im Bereich der Fauna ist Naturschutzgebiet De Mortelen \u2013 gelegen zwischen den Brabanter Gemeinden <a href=\"https:\/\/www.oirschot.nl\/\">Oirschot<\/a>,\u00a0<a href=\"https:\/\/www.gemeentebest.nl\/\">Best<\/a>\u00a0und\u00a0 <a href=\"https:\/\/www.boxtel.nl\/\">Boxtel<\/a>\u00a0\u2013 bestimmt einen Besuch wert. Besonders in den \u00dcbergangsgebieten k\u00f6nnen Sie kleine und gr\u00f6\u00dfere Tiere treffen. Von Amphibien, sowie dem Laubforsch, der k\u00fcrzlich sein Comeback feierte, \u00fcber wundersch\u00f6ne Schmetterlinge wie die Orangenspitze die ihre Eier ausschlie\u00dflich auf das Wiesenschaumkraut legt, bis hin zu allen Arten von kleinen S\u00e4ugetieren und Nagetieren und sogar F\u00fcchsen und Rehen! Dies macht De Mortelen zu einem absoluten Muss f\u00fcr alle, die einen <a href=\"https:\/\/www.campingdebocht.nl\/de\/wandern-in-oirschot\/\">sch\u00f6nen Spaziergang<\/a> durch die Natur m\u00f6gen!<\/p>\n<h2>Gastst\u00e4tte und De Mortelen<\/h2>\n<p><img loading=\"lazy\" decoding=\"async\" class=\"alignnone size-full wp-image-494\" title=\"Wandelen in de Mortelen\" src=\"https:\/\/www.campingdebocht.nl\/wp-content\/uploads\/2018\/04\/wandelen-mortelen-02.jpg\" alt=\"Wandelen Mortelen\" width=\"550\" height=\"413\" srcset=\"https:\/\/www.campingdebocht.nl\/wp-content\/uploads\/2018\/04\/wandelen-mortelen-02.jpg 550w, https:\/\/www.campingdebocht.nl\/wp-content\/uploads\/2018\/04\/wandelen-mortelen-02-300x225.jpg 300w\" sizes=\"auto, (max-width: 550px) 100vw, 550px\" \/><\/p>\n<p>Nach einem langen Spaziergang oder einer Radtour durch Naturschutzgebiet De Mortelen m\u00f6chten Sie vielleicht etwas essen oder trinken. Gl\u00fccklicherweise befindet Naturschutzgebiet De Mortelen sich inmitten mehrerer typisch Brabanter Kirchend\u00f6rfer, die anscheinend gr\u00f6\u00dftenteils von einer alten Postkarte gepfl\u00fcckt wurden. Im sch\u00f6nen Zentrum von Oirschot k\u00f6nnen Sie zum Beispiel ein k\u00f6stliches Fr\u00fchst\u00fcck, Mittag- und Abendessen oder leckere Snacks in einem gastfreundlichen Restaurant oder Lokal geniessen. M\u00f6chten Sie das Naturschutzgebiet De Mortelen und die direkte Umgebung selbst bewundern? <strong>Buchen Sie dann schnell Ihren Aufenthalt auf <a href=\"#reserveer\">Camping De Bocht am Oude Grintweg 69 in Oirschot; nur wenigen Minuten von De Mortelen entfernt. Es gibt verschiedene, sch\u00f6ne Rad- und Wanderrouten. <\/a><\/strong><\/p>\n<p><a href=\"https:\/\/www.natuurmonumenten.nl\/natuurgebieden\/kampina\" target=\"_blank\" rel=\"noopener noreferrer\"><strong>Wanderrouten Natuurmonumenten Kampina<\/strong><\/a><\/p>\n","protected":false},"excerpt":{"rendered":"<p>Wandern im Naturschutzgebiet De Mortelen Naturschutzgebiet De Mortelen liegt n\u00f6rdlich von Oirschot. Dieses Gebiet wird durch die grosse Anzahl von Laub- und Nadelw\u00e4ldern, ausgedehnte gr\u00fcne Weiden, trockene Felder und bis zu hundert Pfuhle gekennzeichnet. \u2018Mortel\u2019 bedeutet \u00fcbrigens \u2018weicher Boden\u2019. Die Feuchtgebiete in Kombination mit dem Hochland sorgen f\u00fcr eine besonders abwechslungsreiche Landschaft, die sich hervorragend [&hellip;]<\/p>\n","protected":false},"author":1,"featured_media":0,"parent":0,"menu_order":133,"comment_status":"closed","ping_status":"closed","template":"template-sidebar.php","meta":{"_acf_changed":false,"footnotes":""},"class_list":["post-1444","page","type-page","status-publish","hentry"],"acf":[],"yoast_head":"<!-- This site is optimized with the Yoast SEO plugin v27.5 - https:\/\/yoast.com\/product\/yoast-seo-wordpress\/ -->\n<title>Wandern im Naturschutzgebiet De Mortelen - Camping De Bocht<\/title>\n<meta name=\"robots\" content=\"index, follow, max-snippet:-1, max-image-preview:large, max-video-preview:-1\" \/>\n<link rel=\"canonical\" href=\"https:\/\/www.campingdebocht.nl\/de\/wandern-im-naturschutzgebiet-de-mortelen\/\" \/>\n<meta property=\"og:locale\" content=\"de_DE\" \/>\n<meta property=\"og:type\" content=\"article\" \/>\n<meta property=\"og:title\" content=\"Wandern im Naturschutzgebiet De Mortelen - Camping De Bocht\" \/>\n<meta property=\"og:description\" content=\"Wandern im Naturschutzgebiet De Mortelen Naturschutzgebiet De Mortelen liegt n\u00f6rdlich von Oirschot. Dieses Gebiet wird durch die grosse Anzahl von Laub- und Nadelw\u00e4ldern, ausgedehnte gr\u00fcne Weiden, trockene Felder und bis zu hundert Pfuhle gekennzeichnet. \u2018Mortel\u2019 bedeutet \u00fcbrigens \u2018weicher Boden\u2019. Die Feuchtgebiete in Kombination mit dem Hochland sorgen f\u00fcr eine besonders abwechslungsreiche Landschaft, die sich hervorragend [&hellip;]\" \/>\n<meta property=\"og:url\" content=\"https:\/\/www.campingdebocht.nl\/de\/wandern-im-naturschutzgebiet-de-mortelen\/\" \/>\n<meta property=\"og:site_name\" content=\"Camping De Bocht\" \/>\n<meta property=\"article:publisher\" content=\"https:\/\/www.facebook.com\/DeBocht\/\" \/>\n<meta property=\"article:modified_time\" content=\"2021-01-21T18:45:30+00:00\" \/>\n<meta property=\"og:image\" content=\"https:\/\/www.campingdebocht.nl\/wp-content\/uploads\/2018\/04\/wandelen-mortelen-01.jpg\" \/>\n<meta name=\"twitter:card\" content=\"summary_large_image\" \/>\n<script type=\"application\/ld+json\" class=\"yoast-schema-graph\">{\"@context\":\"https:\\\/\\\/schema.org\",\"@graph\":[{\"@type\":\"WebPage\",\"@id\":\"https:\\\/\\\/www.campingdebocht.nl\\\/de\\\/wandern-im-naturschutzgebiet-de-mortelen\\\/\",\"url\":\"https:\\\/\\\/www.campingdebocht.nl\\\/de\\\/wandern-im-naturschutzgebiet-de-mortelen\\\/\",\"name\":\"Wandern im Naturschutzgebiet De Mortelen - Camping De Bocht\",\"isPartOf\":{\"@id\":\"https:\\\/\\\/www.campingdebocht.nl\\\/#website\"},\"primaryImageOfPage\":{\"@id\":\"https:\\\/\\\/www.campingdebocht.nl\\\/de\\\/wandern-im-naturschutzgebiet-de-mortelen\\\/#primaryimage\"},\"image\":{\"@id\":\"https:\\\/\\\/www.campingdebocht.nl\\\/de\\\/wandern-im-naturschutzgebiet-de-mortelen\\\/#primaryimage\"},\"thumbnailUrl\":\"https:\\\/\\\/www.campingdebocht.nl\\\/wp-content\\\/uploads\\\/2018\\\/04\\\/wandelen-mortelen-01.jpg\",\"datePublished\":\"2021-01-13T20:48:18+00:00\",\"dateModified\":\"2021-01-21T18:45:30+00:00\",\"breadcrumb\":{\"@id\":\"https:\\\/\\\/www.campingdebocht.nl\\\/de\\\/wandern-im-naturschutzgebiet-de-mortelen\\\/#breadcrumb\"},\"inLanguage\":\"de\",\"potentialAction\":[{\"@type\":\"ReadAction\",\"target\":[\"https:\\\/\\\/www.campingdebocht.nl\\\/de\\\/wandern-im-naturschutzgebiet-de-mortelen\\\/\"]}]},{\"@type\":\"ImageObject\",\"inLanguage\":\"de\",\"@id\":\"https:\\\/\\\/www.campingdebocht.nl\\\/de\\\/wandern-im-naturschutzgebiet-de-mortelen\\\/#primaryimage\",\"url\":\"https:\\\/\\\/www.campingdebocht.nl\\\/wp-content\\\/uploads\\\/2018\\\/04\\\/wandelen-mortelen-01.jpg\",\"contentUrl\":\"https:\\\/\\\/www.campingdebocht.nl\\\/wp-content\\\/uploads\\\/2018\\\/04\\\/wandelen-mortelen-01.jpg\"},{\"@type\":\"BreadcrumbList\",\"@id\":\"https:\\\/\\\/www.campingdebocht.nl\\\/de\\\/wandern-im-naturschutzgebiet-de-mortelen\\\/#breadcrumb\",\"itemListElement\":[{\"@type\":\"ListItem\",\"position\":1,\"name\":\"Home\",\"item\":\"https:\\\/\\\/www.campingdebocht.nl\\\/de\\\/\"},{\"@type\":\"ListItem\",\"position\":2,\"name\":\"Wandern im Naturschutzgebiet De Mortelen\"}]},{\"@type\":\"WebSite\",\"@id\":\"https:\\\/\\\/www.campingdebocht.nl\\\/#website\",\"url\":\"https:\\\/\\\/www.campingdebocht.nl\\\/\",\"name\":\"Camping De Bocht\",\"description\":\"\",\"publisher\":{\"@id\":\"https:\\\/\\\/www.campingdebocht.nl\\\/#organization\"},\"potentialAction\":[{\"@type\":\"SearchAction\",\"target\":{\"@type\":\"EntryPoint\",\"urlTemplate\":\"https:\\\/\\\/www.campingdebocht.nl\\\/?s={search_term_string}\"},\"query-input\":{\"@type\":\"PropertyValueSpecification\",\"valueRequired\":true,\"valueName\":\"search_term_string\"}}],\"inLanguage\":\"de\"},{\"@type\":\"Organization\",\"@id\":\"https:\\\/\\\/www.campingdebocht.nl\\\/#organization\",\"name\":\"Camping De Bocht\",\"url\":\"https:\\\/\\\/www.campingdebocht.nl\\\/\",\"logo\":{\"@type\":\"ImageObject\",\"inLanguage\":\"de\",\"@id\":\"https:\\\/\\\/www.campingdebocht.nl\\\/#\\\/schema\\\/logo\\\/image\\\/\",\"url\":\"https:\\\/\\\/www.campingdebocht.nl\\\/wp-content\\\/uploads\\\/2018\\\/03\\\/logo.png\",\"contentUrl\":\"https:\\\/\\\/www.campingdebocht.nl\\\/wp-content\\\/uploads\\\/2018\\\/03\\\/logo.png\",\"width\":160,\"height\":101,\"caption\":\"Camping De Bocht\"},\"image\":{\"@id\":\"https:\\\/\\\/www.campingdebocht.nl\\\/#\\\/schema\\\/logo\\\/image\\\/\"},\"sameAs\":[\"https:\\\/\\\/www.facebook.com\\\/DeBocht\\\/\",\"https:\\\/\\\/www.youtube.com\\\/channel\\\/UCGfdDFj8qB5BdynzAA8AD7Q\"]}]}<\/script>\n<!-- \/ Yoast SEO plugin. -->","yoast_head_json":{"title":"Wandern im Naturschutzgebiet De Mortelen - Camping De Bocht","robots":{"index":"index","follow":"follow","max-snippet":"max-snippet:-1","max-image-preview":"max-image-preview:large","max-video-preview":"max-video-preview:-1"},"canonical":"https:\/\/www.campingdebocht.nl\/de\/wandern-im-naturschutzgebiet-de-mortelen\/","og_locale":"de_DE","og_type":"article","og_title":"Wandern im Naturschutzgebiet De Mortelen - Camping De Bocht","og_description":"Wandern im Naturschutzgebiet De Mortelen Naturschutzgebiet De Mortelen liegt n\u00f6rdlich von Oirschot. Dieses Gebiet wird durch die grosse Anzahl von Laub- und Nadelw\u00e4ldern, ausgedehnte gr\u00fcne Weiden, trockene Felder und bis zu hundert Pfuhle gekennzeichnet. \u2018Mortel\u2019 bedeutet \u00fcbrigens \u2018weicher Boden\u2019. Die Feuchtgebiete in Kombination mit dem Hochland sorgen f\u00fcr eine besonders abwechslungsreiche Landschaft, die sich hervorragend [&hellip;]","og_url":"https:\/\/www.campingdebocht.nl\/de\/wandern-im-naturschutzgebiet-de-mortelen\/","og_site_name":"Camping De Bocht","article_publisher":"https:\/\/www.facebook.com\/DeBocht\/","article_modified_time":"2021-01-21T18:45:30+00:00","og_image":[{"url":"https:\/\/www.campingdebocht.nl\/wp-content\/uploads\/2018\/04\/wandelen-mortelen-01.jpg","type":"","width":"","height":""}],"twitter_card":"summary_large_image","schema":{"@context":"https:\/\/schema.org","@graph":[{"@type":"WebPage","@id":"https:\/\/www.campingdebocht.nl\/de\/wandern-im-naturschutzgebiet-de-mortelen\/","url":"https:\/\/www.campingdebocht.nl\/de\/wandern-im-naturschutzgebiet-de-mortelen\/","name":"Wandern im Naturschutzgebiet De Mortelen - Camping De Bocht","isPartOf":{"@id":"https:\/\/www.campingdebocht.nl\/#website"},"primaryImageOfPage":{"@id":"https:\/\/www.campingdebocht.nl\/de\/wandern-im-naturschutzgebiet-de-mortelen\/#primaryimage"},"image":{"@id":"https:\/\/www.campingdebocht.nl\/de\/wandern-im-naturschutzgebiet-de-mortelen\/#primaryimage"},"thumbnailUrl":"https:\/\/www.campingdebocht.nl\/wp-content\/uploads\/2018\/04\/wandelen-mortelen-01.jpg","datePublished":"2021-01-13T20:48:18+00:00","dateModified":"2021-01-21T18:45:30+00:00","breadcrumb":{"@id":"https:\/\/www.campingdebocht.nl\/de\/wandern-im-naturschutzgebiet-de-mortelen\/#breadcrumb"},"inLanguage":"de","potentialAction":[{"@type":"ReadAction","target":["https:\/\/www.campingdebocht.nl\/de\/wandern-im-naturschutzgebiet-de-mortelen\/"]}]},{"@type":"ImageObject","inLanguage":"de","@id":"https:\/\/www.campingdebocht.nl\/de\/wandern-im-naturschutzgebiet-de-mortelen\/#primaryimage","url":"https:\/\/www.campingdebocht.nl\/wp-content\/uploads\/2018\/04\/wandelen-mortelen-01.jpg","contentUrl":"https:\/\/www.campingdebocht.nl\/wp-content\/uploads\/2018\/04\/wandelen-mortelen-01.jpg"},{"@type":"BreadcrumbList","@id":"https:\/\/www.campingdebocht.nl\/de\/wandern-im-naturschutzgebiet-de-mortelen\/#breadcrumb","itemListElement":[{"@type":"ListItem","position":1,"name":"Home","item":"https:\/\/www.campingdebocht.nl\/de\/"},{"@type":"ListItem","position":2,"name":"Wandern im Naturschutzgebiet De Mortelen"}]},{"@type":"WebSite","@id":"https:\/\/www.campingdebocht.nl\/#website","url":"https:\/\/www.campingdebocht.nl\/","name":"Camping De Bocht","description":"","publisher":{"@id":"https:\/\/www.campingdebocht.nl\/#organization"},"potentialAction":[{"@type":"SearchAction","target":{"@type":"EntryPoint","urlTemplate":"https:\/\/www.campingdebocht.nl\/?s={search_term_string}"},"query-input":{"@type":"PropertyValueSpecification","valueRequired":true,"valueName":"search_term_string"}}],"inLanguage":"de"},{"@type":"Organization","@id":"https:\/\/www.campingdebocht.nl\/#organization","name":"Camping De Bocht","url":"https:\/\/www.campingdebocht.nl\/","logo":{"@type":"ImageObject","inLanguage":"de","@id":"https:\/\/www.campingdebocht.nl\/#\/schema\/logo\/image\/","url":"https:\/\/www.campingdebocht.nl\/wp-content\/uploads\/2018\/03\/logo.png","contentUrl":"https:\/\/www.campingdebocht.nl\/wp-content\/uploads\/2018\/03\/logo.png","width":160,"height":101,"caption":"Camping De Bocht"},"image":{"@id":"https:\/\/www.campingdebocht.nl\/#\/schema\/logo\/image\/"},"sameAs":["https:\/\/www.facebook.com\/DeBocht\/","https:\/\/www.youtube.com\/channel\/UCGfdDFj8qB5BdynzAA8AD7Q"]}]}},"_links":{"self":[{"href":"https:\/\/www.campingdebocht.nl\/de\/wp-json\/wp\/v2\/pages\/1444","targetHints":{"allow":["GET"]}}],"collection":[{"href":"https:\/\/www.campingdebocht.nl\/de\/wp-json\/wp\/v2\/pages"}],"about":[{"href":"https:\/\/www.campingdebocht.nl\/de\/wp-json\/wp\/v2\/types\/page"}],"author":[{"embeddable":true,"href":"https:\/\/www.campingdebocht.nl\/de\/wp-json\/wp\/v2\/users\/1"}],"replies":[{"embeddable":true,"href":"https:\/\/www.campingdebocht.nl\/de\/wp-json\/wp\/v2\/comments?post=1444"}],"version-history":[{"count":4,"href":"https:\/\/www.campingdebocht.nl\/de\/wp-json\/wp\/v2\/pages\/1444\/revisions"}],"predecessor-version":[{"id":1616,"href":"https:\/\/www.campingdebocht.nl\/de\/wp-json\/wp\/v2\/pages\/1444\/revisions\/1616"}],"wp:attachment":[{"href":"https:\/\/www.campingdebocht.nl\/de\/wp-json\/wp\/v2\/media?parent=1444"}],"curies":[{"name":"wp","href":"https:\/\/api.w.org\/{rel}","templated":true}]}}