{"id":1439,"date":"2021-01-13T20:15:57","date_gmt":"2021-01-13T20:15:57","guid":{"rendered":"https:\/\/www.campingdebocht.nl\/?page_id=1439"},"modified":"2021-01-21T18:42:57","modified_gmt":"2021-01-21T18:42:57","slug":"wandern-im-naturschutzgebiet-de-kampina","status":"publish","type":"page","link":"https:\/\/www.campingdebocht.nl\/de\/wandern-im-naturschutzgebiet-de-kampina\/","title":{"rendered":"Wandern im Naturschutzgebiet De Kampina"},"content":{"rendered":"<h1>Wandern im Naturschutzgebiet De Kampina<\/h1>\n<p><img loading=\"lazy\" decoding=\"async\" class=\"alignnone size-full wp-image-474\" src=\"https:\/\/www.campingdebocht.nl\/wp-content\/uploads\/2018\/04\/kampina-breed01.jpg\" alt=\"\" width=\"550\" height=\"123\" srcset=\"https:\/\/www.campingdebocht.nl\/wp-content\/uploads\/2018\/04\/kampina-breed01.jpg 550w, https:\/\/www.campingdebocht.nl\/wp-content\/uploads\/2018\/04\/kampina-breed01-300x67.jpg 300w\" sizes=\"auto, (max-width: 550px) 100vw, 550px\" \/><\/p>\n<p>Das Naturschutzgebiet De Kampina liegt zwischen den Brabanter Orten <a href=\"https:\/\/www.boxtel.nl\/\">Boxtel<\/a> und <a href=\"https:\/\/oisterwijk.nl\/\">Oisterwijk<\/a>, etwa 10 Kilometer von Camping De Bocht in <a href=\"https:\/\/www.oirschot.nl\/\">Oirschot<\/a> entfernt. Es ist ein ausgedehntes Naturschutzgebiet, das bei Radfahrern und Wanderern sehr beliebt ist, besonders wegen der wundersch\u00f6nen, abwechslungsreichen Landschaft. Hier k\u00f6nnen Sie stundenlang zwischen den vielen Mooren, pl\u00e4tschernden B\u00e4chen, gr\u00fcnen Rasenfl\u00e4chen und nicht zu vergessen den riesigen Heiden gehen, die sich im Sp\u00e4tsommer wundersch\u00f6n violett f\u00e4rben. Ben\u00f6tigen Sie eine Pause? Dann entspannen Sie auf einer der vielen B\u00e4nke mit atemberaubenden Ausblicken. Oder noch besser\u2026lassen Sie sich in einem gem\u00fctlichen Waldlokal am Rande des Naturschutzgebietes verw\u00f6hnen und geniessen Sie die ber\u00fchmte Brabanter Gastfreundschaft! Kurzum: Naturschutzgebiet De Kampina ist ein fantastisches Wandergebiet!<\/p>\n<h2>Wanderrouten Kampina<\/h2>\n<p><img loading=\"lazy\" decoding=\"async\" class=\"alignnone size-full wp-image-475\" src=\"https:\/\/www.campingdebocht.nl\/wp-content\/uploads\/2018\/04\/kampina-breed02.jpg\" alt=\"\" width=\"550\" height=\"119\" srcset=\"https:\/\/www.campingdebocht.nl\/wp-content\/uploads\/2018\/04\/kampina-breed02.jpg 550w, https:\/\/www.campingdebocht.nl\/wp-content\/uploads\/2018\/04\/kampina-breed02-300x65.jpg 300w\" sizes=\"auto, (max-width: 550px) 100vw, 550px\" \/><\/p>\n<p>Das Naturschutzgebiet De Kampina bietet viele M\u00f6glichkeiten f\u00fcr Wanderfreunde. Es gibt eine Vielzahl an unterschiedlichen Wanderrouten, mit verschiedenen L\u00e4ngen. Sie k\u00f6nnen sich beispielsweise f\u00fcr eine <a href=\"https:\/\/www.natuurmonumenten.nl\/natuurgebieden\/kampina\/route\/rondje-op-de-kampina\"><u>kurze Kampina-Wanderroute <\/u><\/a>(3 km, auch f\u00fcr Rollstuhlfahrer und Kinderwagen geeignet) oder f\u00fcr eine <a href=\"https:\/\/www.natuurmonumenten.nl\/natuurgebieden\/oisterwijkse-bossen-en-vennen\/route\/ns-wandeling-kampina-en-oisterwijkse-bossen\">wundersch\u00f6ne Wanderroute mit Abfahrt am Hauptbahnhof in Oisterwijk (mehr als 16 km) <\/a>entscheiden. In den meisten F\u00e4llen k\u00f6nnen die Wanderrouten durch De Kampina auch kombiniert werden. Sie k\u00f6nnen also so lange laufen, wie Sie m\u00f6chten.<\/p>\n<p><img loading=\"lazy\" decoding=\"async\" class=\"alignnone size-full wp-image-476\" src=\"https:\/\/www.campingdebocht.nl\/wp-content\/uploads\/2018\/04\/kampina-breed03.jpg\" alt=\"\" width=\"550\" height=\"125\" srcset=\"https:\/\/www.campingdebocht.nl\/wp-content\/uploads\/2018\/04\/kampina-breed03.jpg 550w, https:\/\/www.campingdebocht.nl\/wp-content\/uploads\/2018\/04\/kampina-breed03-300x68.jpg 300w\" sizes=\"auto, (max-width: 550px) 100vw, 550px\" \/><\/p>\n<p>EUnd wer glaubt, nach ein paar Stunden <a href=\"https:\/\/www.campingdebocht.nl\/de\/wandern-in-oirschot\/\">Wandern<\/a> im Naturschutzgebiet De Kampina alles gesehen zu haben, irrt sich. Denn hinter fast jeder Ecke steckt etwas Neues! Bevor Sie es wissen, werden Sie einem Hirsch, einem Highland-Pony, einem Islandpferd oder einem Eisvogel gegen\u00fcberstehen. Diese reiche Flora und Fauna macht De Kampina zu einer der wertvollsten Heidefl\u00e4chen der Niederlande. Lust auf einen Spaziergang? Buchen Sie schnell Ihren Aufenthalt auf Camping De Bocht in Oirschot und entdecken Sie die Sch\u00f6nheit dieses Naturschutzgebietes!<\/p>\n<p>Buchen Sie einen sch\u00f6nen Stellplatz auf Camping De Bocht und planen Sie Ihre Wanderrouten durch De Kampina.<\/p>\n<p><a title=\"Reserveren\/informatie\" href=\"#reserveer\"><strong>Information anfragen oder reservieren<\/strong><\/a>.<\/p>\n<p><a href=\"https:\/\/www.natuurmonumenten.nl\/natuurgebieden\/kampina?r=1\" target=\"_blank\" rel=\"noopener\"><strong>Wanderrouten Natuurmonumenten Kampina<\/strong><\/a><\/p>\n","protected":false},"excerpt":{"rendered":"<p>Wandern im Naturschutzgebiet De Kampina Das Naturschutzgebiet De Kampina liegt zwischen den Brabanter Orten Boxtel und Oisterwijk, etwa 10 Kilometer von Camping De Bocht in Oirschot entfernt. Es ist ein ausgedehntes Naturschutzgebiet, das bei Radfahrern und Wanderern sehr beliebt ist, besonders wegen der wundersch\u00f6nen, abwechslungsreichen Landschaft. Hier k\u00f6nnen Sie stundenlang zwischen den vielen Mooren, pl\u00e4tschernden [&hellip;]<\/p>\n","protected":false},"author":1,"featured_media":0,"parent":0,"menu_order":132,"comment_status":"closed","ping_status":"closed","template":"template-sidebar.php","meta":{"_acf_changed":false,"footnotes":""},"class_list":["post-1439","page","type-page","status-publish","hentry"],"acf":[],"yoast_head":"<!-- This site is optimized with the Yoast SEO plugin v27.5 - https:\/\/yoast.com\/product\/yoast-seo-wordpress\/ -->\n<title>Wandern im Naturschutzgebiet De Kampina - Camping De Bocht<\/title>\n<meta name=\"robots\" content=\"index, follow, max-snippet:-1, max-image-preview:large, max-video-preview:-1\" \/>\n<link rel=\"canonical\" href=\"https:\/\/www.campingdebocht.nl\/de\/wandern-im-naturschutzgebiet-de-kampina\/\" \/>\n<meta property=\"og:locale\" content=\"de_DE\" \/>\n<meta property=\"og:type\" content=\"article\" \/>\n<meta property=\"og:title\" content=\"Wandern im Naturschutzgebiet De Kampina - Camping De Bocht\" \/>\n<meta property=\"og:description\" content=\"Wandern im Naturschutzgebiet De Kampina Das Naturschutzgebiet De Kampina liegt zwischen den Brabanter Orten Boxtel und Oisterwijk, etwa 10 Kilometer von Camping De Bocht in Oirschot entfernt. Es ist ein ausgedehntes Naturschutzgebiet, das bei Radfahrern und Wanderern sehr beliebt ist, besonders wegen der wundersch\u00f6nen, abwechslungsreichen Landschaft. Hier k\u00f6nnen Sie stundenlang zwischen den vielen Mooren, pl\u00e4tschernden [&hellip;]\" \/>\n<meta property=\"og:url\" content=\"https:\/\/www.campingdebocht.nl\/de\/wandern-im-naturschutzgebiet-de-kampina\/\" \/>\n<meta property=\"og:site_name\" content=\"Camping De Bocht\" \/>\n<meta property=\"article:publisher\" content=\"https:\/\/www.facebook.com\/DeBocht\/\" \/>\n<meta property=\"article:modified_time\" content=\"2021-01-21T18:42:57+00:00\" \/>\n<meta property=\"og:image\" content=\"https:\/\/www.campingdebocht.nl\/wp-content\/uploads\/2018\/04\/kampina-breed01.jpg\" \/>\n<meta name=\"twitter:card\" content=\"summary_large_image\" \/>\n<script type=\"application\/ld+json\" class=\"yoast-schema-graph\">{\"@context\":\"https:\\\/\\\/schema.org\",\"@graph\":[{\"@type\":\"WebPage\",\"@id\":\"https:\\\/\\\/www.campingdebocht.nl\\\/de\\\/wandern-im-naturschutzgebiet-de-kampina\\\/\",\"url\":\"https:\\\/\\\/www.campingdebocht.nl\\\/de\\\/wandern-im-naturschutzgebiet-de-kampina\\\/\",\"name\":\"Wandern im Naturschutzgebiet De Kampina - Camping De Bocht\",\"isPartOf\":{\"@id\":\"https:\\\/\\\/www.campingdebocht.nl\\\/#website\"},\"primaryImageOfPage\":{\"@id\":\"https:\\\/\\\/www.campingdebocht.nl\\\/de\\\/wandern-im-naturschutzgebiet-de-kampina\\\/#primaryimage\"},\"image\":{\"@id\":\"https:\\\/\\\/www.campingdebocht.nl\\\/de\\\/wandern-im-naturschutzgebiet-de-kampina\\\/#primaryimage\"},\"thumbnailUrl\":\"https:\\\/\\\/www.campingdebocht.nl\\\/wp-content\\\/uploads\\\/2018\\\/04\\\/kampina-breed01.jpg\",\"datePublished\":\"2021-01-13T20:15:57+00:00\",\"dateModified\":\"2021-01-21T18:42:57+00:00\",\"breadcrumb\":{\"@id\":\"https:\\\/\\\/www.campingdebocht.nl\\\/de\\\/wandern-im-naturschutzgebiet-de-kampina\\\/#breadcrumb\"},\"inLanguage\":\"de\",\"potentialAction\":[{\"@type\":\"ReadAction\",\"target\":[\"https:\\\/\\\/www.campingdebocht.nl\\\/de\\\/wandern-im-naturschutzgebiet-de-kampina\\\/\"]}]},{\"@type\":\"ImageObject\",\"inLanguage\":\"de\",\"@id\":\"https:\\\/\\\/www.campingdebocht.nl\\\/de\\\/wandern-im-naturschutzgebiet-de-kampina\\\/#primaryimage\",\"url\":\"https:\\\/\\\/www.campingdebocht.nl\\\/wp-content\\\/uploads\\\/2018\\\/04\\\/kampina-breed01.jpg\",\"contentUrl\":\"https:\\\/\\\/www.campingdebocht.nl\\\/wp-content\\\/uploads\\\/2018\\\/04\\\/kampina-breed01.jpg\"},{\"@type\":\"BreadcrumbList\",\"@id\":\"https:\\\/\\\/www.campingdebocht.nl\\\/de\\\/wandern-im-naturschutzgebiet-de-kampina\\\/#breadcrumb\",\"itemListElement\":[{\"@type\":\"ListItem\",\"position\":1,\"name\":\"Home\",\"item\":\"https:\\\/\\\/www.campingdebocht.nl\\\/de\\\/\"},{\"@type\":\"ListItem\",\"position\":2,\"name\":\"Wandern im Naturschutzgebiet De Kampina\"}]},{\"@type\":\"WebSite\",\"@id\":\"https:\\\/\\\/www.campingdebocht.nl\\\/#website\",\"url\":\"https:\\\/\\\/www.campingdebocht.nl\\\/\",\"name\":\"Camping De Bocht\",\"description\":\"\",\"publisher\":{\"@id\":\"https:\\\/\\\/www.campingdebocht.nl\\\/#organization\"},\"potentialAction\":[{\"@type\":\"SearchAction\",\"target\":{\"@type\":\"EntryPoint\",\"urlTemplate\":\"https:\\\/\\\/www.campingdebocht.nl\\\/?s={search_term_string}\"},\"query-input\":{\"@type\":\"PropertyValueSpecification\",\"valueRequired\":true,\"valueName\":\"search_term_string\"}}],\"inLanguage\":\"de\"},{\"@type\":\"Organization\",\"@id\":\"https:\\\/\\\/www.campingdebocht.nl\\\/#organization\",\"name\":\"Camping De Bocht\",\"url\":\"https:\\\/\\\/www.campingdebocht.nl\\\/\",\"logo\":{\"@type\":\"ImageObject\",\"inLanguage\":\"de\",\"@id\":\"https:\\\/\\\/www.campingdebocht.nl\\\/#\\\/schema\\\/logo\\\/image\\\/\",\"url\":\"https:\\\/\\\/www.campingdebocht.nl\\\/wp-content\\\/uploads\\\/2018\\\/03\\\/logo.png\",\"contentUrl\":\"https:\\\/\\\/www.campingdebocht.nl\\\/wp-content\\\/uploads\\\/2018\\\/03\\\/logo.png\",\"width\":160,\"height\":101,\"caption\":\"Camping De Bocht\"},\"image\":{\"@id\":\"https:\\\/\\\/www.campingdebocht.nl\\\/#\\\/schema\\\/logo\\\/image\\\/\"},\"sameAs\":[\"https:\\\/\\\/www.facebook.com\\\/DeBocht\\\/\",\"https:\\\/\\\/www.youtube.com\\\/channel\\\/UCGfdDFj8qB5BdynzAA8AD7Q\"]}]}<\/script>\n<!-- \/ Yoast SEO plugin. -->","yoast_head_json":{"title":"Wandern im Naturschutzgebiet De Kampina - Camping De Bocht","robots":{"index":"index","follow":"follow","max-snippet":"max-snippet:-1","max-image-preview":"max-image-preview:large","max-video-preview":"max-video-preview:-1"},"canonical":"https:\/\/www.campingdebocht.nl\/de\/wandern-im-naturschutzgebiet-de-kampina\/","og_locale":"de_DE","og_type":"article","og_title":"Wandern im Naturschutzgebiet De Kampina - Camping De Bocht","og_description":"Wandern im Naturschutzgebiet De Kampina Das Naturschutzgebiet De Kampina liegt zwischen den Brabanter Orten Boxtel und Oisterwijk, etwa 10 Kilometer von Camping De Bocht in Oirschot entfernt. Es ist ein ausgedehntes Naturschutzgebiet, das bei Radfahrern und Wanderern sehr beliebt ist, besonders wegen der wundersch\u00f6nen, abwechslungsreichen Landschaft. Hier k\u00f6nnen Sie stundenlang zwischen den vielen Mooren, pl\u00e4tschernden [&hellip;]","og_url":"https:\/\/www.campingdebocht.nl\/de\/wandern-im-naturschutzgebiet-de-kampina\/","og_site_name":"Camping De Bocht","article_publisher":"https:\/\/www.facebook.com\/DeBocht\/","article_modified_time":"2021-01-21T18:42:57+00:00","og_image":[{"url":"https:\/\/www.campingdebocht.nl\/wp-content\/uploads\/2018\/04\/kampina-breed01.jpg","type":"","width":"","height":""}],"twitter_card":"summary_large_image","schema":{"@context":"https:\/\/schema.org","@graph":[{"@type":"WebPage","@id":"https:\/\/www.campingdebocht.nl\/de\/wandern-im-naturschutzgebiet-de-kampina\/","url":"https:\/\/www.campingdebocht.nl\/de\/wandern-im-naturschutzgebiet-de-kampina\/","name":"Wandern im Naturschutzgebiet De Kampina - Camping De Bocht","isPartOf":{"@id":"https:\/\/www.campingdebocht.nl\/#website"},"primaryImageOfPage":{"@id":"https:\/\/www.campingdebocht.nl\/de\/wandern-im-naturschutzgebiet-de-kampina\/#primaryimage"},"image":{"@id":"https:\/\/www.campingdebocht.nl\/de\/wandern-im-naturschutzgebiet-de-kampina\/#primaryimage"},"thumbnailUrl":"https:\/\/www.campingdebocht.nl\/wp-content\/uploads\/2018\/04\/kampina-breed01.jpg","datePublished":"2021-01-13T20:15:57+00:00","dateModified":"2021-01-21T18:42:57+00:00","breadcrumb":{"@id":"https:\/\/www.campingdebocht.nl\/de\/wandern-im-naturschutzgebiet-de-kampina\/#breadcrumb"},"inLanguage":"de","potentialAction":[{"@type":"ReadAction","target":["https:\/\/www.campingdebocht.nl\/de\/wandern-im-naturschutzgebiet-de-kampina\/"]}]},{"@type":"ImageObject","inLanguage":"de","@id":"https:\/\/www.campingdebocht.nl\/de\/wandern-im-naturschutzgebiet-de-kampina\/#primaryimage","url":"https:\/\/www.campingdebocht.nl\/wp-content\/uploads\/2018\/04\/kampina-breed01.jpg","contentUrl":"https:\/\/www.campingdebocht.nl\/wp-content\/uploads\/2018\/04\/kampina-breed01.jpg"},{"@type":"BreadcrumbList","@id":"https:\/\/www.campingdebocht.nl\/de\/wandern-im-naturschutzgebiet-de-kampina\/#breadcrumb","itemListElement":[{"@type":"ListItem","position":1,"name":"Home","item":"https:\/\/www.campingdebocht.nl\/de\/"},{"@type":"ListItem","position":2,"name":"Wandern im Naturschutzgebiet De Kampina"}]},{"@type":"WebSite","@id":"https:\/\/www.campingdebocht.nl\/#website","url":"https:\/\/www.campingdebocht.nl\/","name":"Camping De Bocht","description":"","publisher":{"@id":"https:\/\/www.campingdebocht.nl\/#organization"},"potentialAction":[{"@type":"SearchAction","target":{"@type":"EntryPoint","urlTemplate":"https:\/\/www.campingdebocht.nl\/?s={search_term_string}"},"query-input":{"@type":"PropertyValueSpecification","valueRequired":true,"valueName":"search_term_string"}}],"inLanguage":"de"},{"@type":"Organization","@id":"https:\/\/www.campingdebocht.nl\/#organization","name":"Camping De Bocht","url":"https:\/\/www.campingdebocht.nl\/","logo":{"@type":"ImageObject","inLanguage":"de","@id":"https:\/\/www.campingdebocht.nl\/#\/schema\/logo\/image\/","url":"https:\/\/www.campingdebocht.nl\/wp-content\/uploads\/2018\/03\/logo.png","contentUrl":"https:\/\/www.campingdebocht.nl\/wp-content\/uploads\/2018\/03\/logo.png","width":160,"height":101,"caption":"Camping De Bocht"},"image":{"@id":"https:\/\/www.campingdebocht.nl\/#\/schema\/logo\/image\/"},"sameAs":["https:\/\/www.facebook.com\/DeBocht\/","https:\/\/www.youtube.com\/channel\/UCGfdDFj8qB5BdynzAA8AD7Q"]}]}},"_links":{"self":[{"href":"https:\/\/www.campingdebocht.nl\/de\/wp-json\/wp\/v2\/pages\/1439","targetHints":{"allow":["GET"]}}],"collection":[{"href":"https:\/\/www.campingdebocht.nl\/de\/wp-json\/wp\/v2\/pages"}],"about":[{"href":"https:\/\/www.campingdebocht.nl\/de\/wp-json\/wp\/v2\/types\/page"}],"author":[{"embeddable":true,"href":"https:\/\/www.campingdebocht.nl\/de\/wp-json\/wp\/v2\/users\/1"}],"replies":[{"embeddable":true,"href":"https:\/\/www.campingdebocht.nl\/de\/wp-json\/wp\/v2\/comments?post=1439"}],"version-history":[{"count":5,"href":"https:\/\/www.campingdebocht.nl\/de\/wp-json\/wp\/v2\/pages\/1439\/revisions"}],"predecessor-version":[{"id":1614,"href":"https:\/\/www.campingdebocht.nl\/de\/wp-json\/wp\/v2\/pages\/1439\/revisions\/1614"}],"wp:attachment":[{"href":"https:\/\/www.campingdebocht.nl\/de\/wp-json\/wp\/v2\/media?parent=1439"}],"curies":[{"name":"wp","href":"https:\/\/api.w.org\/{rel}","templated":true}]}}