{"id":1434,"date":"2021-01-13T20:11:30","date_gmt":"2021-01-13T20:11:30","guid":{"rendered":"https:\/\/www.campingdebocht.nl\/?page_id=1434"},"modified":"2021-01-21T19:17:46","modified_gmt":"2021-01-21T19:17:46","slug":"wandern-im-naturschutzgebiet-de-kempen","status":"publish","type":"page","link":"https:\/\/www.campingdebocht.nl\/de\/wandern-im-naturschutzgebiet-de-kempen\/","title":{"rendered":"Wandern im Naturschutzgebiet De Kempen"},"content":{"rendered":"<h1>Wandern im Naturschutzgebiet De Kempen<\/h1>\n<p>Die Brabanter Kempen, mit dem Fahrrad vom Camping De Bocht in Oirschot aus zu erreichen, ist ein wundersch\u00f6nes und besonderes waldreiches Naturschutzgebiet im niederl\u00e4ndischen Teil der gleichnamigen Region an der belgischen Grenze. Der Hauptteil dieses Naturschutzgebietes, das mit einer Vielzahl sch\u00f6ner Radrouten, Wanderrouten und Campingpl\u00e4tze bei Jung und Alt immer noch sehr beliebt ist, wird von Forstrevier De Kempen gebildet. Dies ist ein Gebiet von mehr als tausend Hektar \u2013 eingebettet zwischen den Brabanter Gemeinden <a href=\"https:\/\/www.eersel.nl\/\">Eersel<\/a>,\u00a0<a href=\"https:\/\/www.bladel.nl\/\">Bladel\u00a0<\/a>und\u00a0<a href=\"https:\/\/www.reuseldemierden.nl\/\">Reusel-De Mierden<\/a>\u00a0\u2013 das Staatsbosbeheer (=staatliche Forstverwaltung) zugeh\u00f6rt.<\/p>\n<p><img loading=\"lazy\" decoding=\"async\" class=\"alignnone size-full wp-image-490\" title=\"De Kempen wandelroute Oirschot\" src=\"https:\/\/www.campingdebocht.nl\/wp-content\/uploads\/2018\/04\/wandelen-kempen.jpg\" alt=\"Wandelen in de Kempen Oirschot\" width=\"550\" height=\"413\" srcset=\"https:\/\/www.campingdebocht.nl\/wp-content\/uploads\/2018\/04\/wandelen-kempen.jpg 550w, https:\/\/www.campingdebocht.nl\/wp-content\/uploads\/2018\/04\/wandelen-kempen-300x225.jpg 300w\" sizes=\"auto, (max-width: 550px) 100vw, 550px\" \/><\/p>\n<p>Die waldreiche Umgebung, die vielen authentischen Kirchend\u00f6rfer, die m\u00e4rchenhaften S\u00fcmpfe, die endlosen Felder, die Heiden mit Flugsand und die hervorragenden Einrichtungen f\u00fcr sowohl Radfahrer als auch Wanderer, machen die Brabanter Kempen zu einem wahren Paradies f\u00fcr alle Menschen die Ruhe und Raum lieben. Wenn Sie die charakteristische Brabanter Gem\u00fctlichkeit und den burgundischen Charakter der Kempen und ihrer Bewohner hinzuf\u00fcgen, werden Sie verstehen, warum immer mehr Naturliebhaber diese sch\u00f6ne Umgebung besuchen, um zu <a href=\"https:\/\/www.campingdebocht.nl\/de\/wandern-in-oirschot\/\">Wandern<\/a>,\u00a0<a href=\"https:\/\/www.campingdebocht.nl\/de\/radfahren-in-oirschot\/\">Radfahren<\/a>\u00a0und\/oder <a href=\"https:\/\/www.campingdebocht.nl\/de\/campen\/\">Campen<\/a>.<\/p>\n<h2>Wanderrouten durch De Kempen<\/h2>\n<p>Die meisten Menschen wissen, dass man in De Kempen Radfahren k\u00f6nnen. Was viele jedoch nicht wissen, ist, dass De Kempen auch viele M\u00f6glichkeiten zum Wandern bietet. Ein ausgedehntes Netz von asphaltierten und unbefestigten Wanderwegen erm\u00f6glicht es beispielsweise, tagelang zu Fuss zu gehen, ohne einmal den selben Ort zu sehen. Die vielen v\u00f6llig unterschiedlichen Wanderwege f\u00fchren Sie in die sch\u00f6nsten Orte der Brabanter Kempen ein.<\/p>\n<p><img loading=\"lazy\" decoding=\"async\" class=\"alignnone size-full wp-image-491\" title=\"Wandelen in de Kempen\" src=\"https:\/\/www.campingdebocht.nl\/wp-content\/uploads\/2018\/04\/wandelen-kempen-02.jpg\" alt=\"Wandelen in de Kempen\" width=\"550\" height=\"413\" srcset=\"https:\/\/www.campingdebocht.nl\/wp-content\/uploads\/2018\/04\/wandelen-kempen-02.jpg 550w, https:\/\/www.campingdebocht.nl\/wp-content\/uploads\/2018\/04\/wandelen-kempen-02-300x225.jpg 300w\" sizes=\"auto, (max-width: 550px) 100vw, 550px\" \/><\/p>\n<p>Treten Sie zum Beispiel in die Fu\u00dfstapfen Napoleons, wenn Sie \u00fcber die Cartierheide in der N\u00e4he von Hapert gehen und spazieren Sie in W\u00e4ldern auf Sandwegen, auf denen Kaufleute und Schmuggler jahrelang gelaufen haben. Die Landschaft der Brabanter Kempen ist voller Geschichten. H\u00f6chste Zeit, in die reiche Geschichte und Sch\u00f6nheit dieser wundersch\u00f6nen Region einzutauchen. Suchen Sie noch einen Campingplatz in den Brabanter Kempen\u201cCamping De Bocht am Oude Grintweg 69 in Oirschot (<a href=\"https:\/\/www.campingdebocht.nl\/de\/wandern-im-naturschutzgebiet-de-mortelen\/\">bei De Mortelen<\/a>) ist eine perfekte Aktionsbasis f\u00fcr einen unvergesslichen Einstieg in das Wandern in den Brabanter Kempen.<\/p>\n<p><a href=\"https:\/\/www.staatsbosbeheer.nl\/natuurgebieden\/kempen\/routes\" target=\"_blank\" rel=\"noopener noreferrer\"><strong>Wanderrouten Staatbosbeheer Kempen<\/strong><\/a><\/p>\n<p><a title=\"Reserveren\/informatie\" href=\"#reserveer\"><strong>Komm Camping auf Camping De Bocht<\/strong><\/a>.<\/p>\n","protected":false},"excerpt":{"rendered":"<p>Wandern im Naturschutzgebiet De Kempen Die Brabanter Kempen, mit dem Fahrrad vom Camping De Bocht in Oirschot aus zu erreichen, ist ein wundersch\u00f6nes und besonderes waldreiches Naturschutzgebiet im niederl\u00e4ndischen Teil der gleichnamigen Region an der belgischen Grenze. Der Hauptteil dieses Naturschutzgebietes, das mit einer Vielzahl sch\u00f6ner Radrouten, Wanderrouten und Campingpl\u00e4tze bei Jung und Alt immer [&hellip;]<\/p>\n","protected":false},"author":1,"featured_media":0,"parent":0,"menu_order":131,"comment_status":"closed","ping_status":"closed","template":"template-sidebar.php","meta":{"_acf_changed":false,"footnotes":""},"class_list":["post-1434","page","type-page","status-publish","hentry"],"acf":[],"yoast_head":"<!-- This site is optimized with the Yoast SEO plugin v27.4 - https:\/\/yoast.com\/product\/yoast-seo-wordpress\/ -->\n<title>Wandern im Naturschutzgebiet De Kempen - Camping De Bocht<\/title>\n<meta name=\"robots\" content=\"index, follow, max-snippet:-1, max-image-preview:large, max-video-preview:-1\" \/>\n<link rel=\"canonical\" href=\"https:\/\/www.campingdebocht.nl\/de\/wandern-im-naturschutzgebiet-de-kempen\/\" \/>\n<meta property=\"og:locale\" content=\"de_DE\" \/>\n<meta property=\"og:type\" content=\"article\" \/>\n<meta property=\"og:title\" content=\"Wandern im Naturschutzgebiet De Kempen - Camping De Bocht\" \/>\n<meta property=\"og:description\" content=\"Wandern im Naturschutzgebiet De Kempen Die Brabanter Kempen, mit dem Fahrrad vom Camping De Bocht in Oirschot aus zu erreichen, ist ein wundersch\u00f6nes und besonderes waldreiches Naturschutzgebiet im niederl\u00e4ndischen Teil der gleichnamigen Region an der belgischen Grenze. Der Hauptteil dieses Naturschutzgebietes, das mit einer Vielzahl sch\u00f6ner Radrouten, Wanderrouten und Campingpl\u00e4tze bei Jung und Alt immer [&hellip;]\" \/>\n<meta property=\"og:url\" content=\"https:\/\/www.campingdebocht.nl\/de\/wandern-im-naturschutzgebiet-de-kempen\/\" \/>\n<meta property=\"og:site_name\" content=\"Camping De Bocht\" \/>\n<meta property=\"article:publisher\" content=\"https:\/\/www.facebook.com\/DeBocht\/\" \/>\n<meta property=\"article:modified_time\" content=\"2021-01-21T19:17:46+00:00\" \/>\n<meta property=\"og:image\" content=\"https:\/\/www.campingdebocht.nl\/wp-content\/uploads\/2018\/04\/wandelen-kempen.jpg\" \/>\n<meta name=\"twitter:card\" content=\"summary_large_image\" \/>\n<script type=\"application\/ld+json\" class=\"yoast-schema-graph\">{\"@context\":\"https:\\\/\\\/schema.org\",\"@graph\":[{\"@type\":\"WebPage\",\"@id\":\"https:\\\/\\\/www.campingdebocht.nl\\\/de\\\/wandern-im-naturschutzgebiet-de-kempen\\\/\",\"url\":\"https:\\\/\\\/www.campingdebocht.nl\\\/de\\\/wandern-im-naturschutzgebiet-de-kempen\\\/\",\"name\":\"Wandern im Naturschutzgebiet De Kempen - Camping De Bocht\",\"isPartOf\":{\"@id\":\"https:\\\/\\\/www.campingdebocht.nl\\\/#website\"},\"primaryImageOfPage\":{\"@id\":\"https:\\\/\\\/www.campingdebocht.nl\\\/de\\\/wandern-im-naturschutzgebiet-de-kempen\\\/#primaryimage\"},\"image\":{\"@id\":\"https:\\\/\\\/www.campingdebocht.nl\\\/de\\\/wandern-im-naturschutzgebiet-de-kempen\\\/#primaryimage\"},\"thumbnailUrl\":\"https:\\\/\\\/www.campingdebocht.nl\\\/wp-content\\\/uploads\\\/2018\\\/04\\\/wandelen-kempen.jpg\",\"datePublished\":\"2021-01-13T20:11:30+00:00\",\"dateModified\":\"2021-01-21T19:17:46+00:00\",\"breadcrumb\":{\"@id\":\"https:\\\/\\\/www.campingdebocht.nl\\\/de\\\/wandern-im-naturschutzgebiet-de-kempen\\\/#breadcrumb\"},\"inLanguage\":\"de\",\"potentialAction\":[{\"@type\":\"ReadAction\",\"target\":[\"https:\\\/\\\/www.campingdebocht.nl\\\/de\\\/wandern-im-naturschutzgebiet-de-kempen\\\/\"]}]},{\"@type\":\"ImageObject\",\"inLanguage\":\"de\",\"@id\":\"https:\\\/\\\/www.campingdebocht.nl\\\/de\\\/wandern-im-naturschutzgebiet-de-kempen\\\/#primaryimage\",\"url\":\"https:\\\/\\\/www.campingdebocht.nl\\\/wp-content\\\/uploads\\\/2018\\\/04\\\/wandelen-kempen.jpg\",\"contentUrl\":\"https:\\\/\\\/www.campingdebocht.nl\\\/wp-content\\\/uploads\\\/2018\\\/04\\\/wandelen-kempen.jpg\"},{\"@type\":\"BreadcrumbList\",\"@id\":\"https:\\\/\\\/www.campingdebocht.nl\\\/de\\\/wandern-im-naturschutzgebiet-de-kempen\\\/#breadcrumb\",\"itemListElement\":[{\"@type\":\"ListItem\",\"position\":1,\"name\":\"Home\",\"item\":\"https:\\\/\\\/www.campingdebocht.nl\\\/de\\\/\"},{\"@type\":\"ListItem\",\"position\":2,\"name\":\"Wandern im Naturschutzgebiet De Kempen\"}]},{\"@type\":\"WebSite\",\"@id\":\"https:\\\/\\\/www.campingdebocht.nl\\\/#website\",\"url\":\"https:\\\/\\\/www.campingdebocht.nl\\\/\",\"name\":\"Camping De Bocht\",\"description\":\"\",\"publisher\":{\"@id\":\"https:\\\/\\\/www.campingdebocht.nl\\\/#organization\"},\"potentialAction\":[{\"@type\":\"SearchAction\",\"target\":{\"@type\":\"EntryPoint\",\"urlTemplate\":\"https:\\\/\\\/www.campingdebocht.nl\\\/?s={search_term_string}\"},\"query-input\":{\"@type\":\"PropertyValueSpecification\",\"valueRequired\":true,\"valueName\":\"search_term_string\"}}],\"inLanguage\":\"de\"},{\"@type\":\"Organization\",\"@id\":\"https:\\\/\\\/www.campingdebocht.nl\\\/#organization\",\"name\":\"Camping De Bocht\",\"url\":\"https:\\\/\\\/www.campingdebocht.nl\\\/\",\"logo\":{\"@type\":\"ImageObject\",\"inLanguage\":\"de\",\"@id\":\"https:\\\/\\\/www.campingdebocht.nl\\\/#\\\/schema\\\/logo\\\/image\\\/\",\"url\":\"https:\\\/\\\/www.campingdebocht.nl\\\/wp-content\\\/uploads\\\/2018\\\/03\\\/logo.png\",\"contentUrl\":\"https:\\\/\\\/www.campingdebocht.nl\\\/wp-content\\\/uploads\\\/2018\\\/03\\\/logo.png\",\"width\":160,\"height\":101,\"caption\":\"Camping De Bocht\"},\"image\":{\"@id\":\"https:\\\/\\\/www.campingdebocht.nl\\\/#\\\/schema\\\/logo\\\/image\\\/\"},\"sameAs\":[\"https:\\\/\\\/www.facebook.com\\\/DeBocht\\\/\",\"https:\\\/\\\/www.youtube.com\\\/channel\\\/UCGfdDFj8qB5BdynzAA8AD7Q\"]}]}<\/script>\n<!-- \/ Yoast SEO plugin. -->","yoast_head_json":{"title":"Wandern im Naturschutzgebiet De Kempen - Camping De Bocht","robots":{"index":"index","follow":"follow","max-snippet":"max-snippet:-1","max-image-preview":"max-image-preview:large","max-video-preview":"max-video-preview:-1"},"canonical":"https:\/\/www.campingdebocht.nl\/de\/wandern-im-naturschutzgebiet-de-kempen\/","og_locale":"de_DE","og_type":"article","og_title":"Wandern im Naturschutzgebiet De Kempen - Camping De Bocht","og_description":"Wandern im Naturschutzgebiet De Kempen Die Brabanter Kempen, mit dem Fahrrad vom Camping De Bocht in Oirschot aus zu erreichen, ist ein wundersch\u00f6nes und besonderes waldreiches Naturschutzgebiet im niederl\u00e4ndischen Teil der gleichnamigen Region an der belgischen Grenze. Der Hauptteil dieses Naturschutzgebietes, das mit einer Vielzahl sch\u00f6ner Radrouten, Wanderrouten und Campingpl\u00e4tze bei Jung und Alt immer [&hellip;]","og_url":"https:\/\/www.campingdebocht.nl\/de\/wandern-im-naturschutzgebiet-de-kempen\/","og_site_name":"Camping De Bocht","article_publisher":"https:\/\/www.facebook.com\/DeBocht\/","article_modified_time":"2021-01-21T19:17:46+00:00","og_image":[{"url":"https:\/\/www.campingdebocht.nl\/wp-content\/uploads\/2018\/04\/wandelen-kempen.jpg","type":"","width":"","height":""}],"twitter_card":"summary_large_image","schema":{"@context":"https:\/\/schema.org","@graph":[{"@type":"WebPage","@id":"https:\/\/www.campingdebocht.nl\/de\/wandern-im-naturschutzgebiet-de-kempen\/","url":"https:\/\/www.campingdebocht.nl\/de\/wandern-im-naturschutzgebiet-de-kempen\/","name":"Wandern im Naturschutzgebiet De Kempen - Camping De Bocht","isPartOf":{"@id":"https:\/\/www.campingdebocht.nl\/#website"},"primaryImageOfPage":{"@id":"https:\/\/www.campingdebocht.nl\/de\/wandern-im-naturschutzgebiet-de-kempen\/#primaryimage"},"image":{"@id":"https:\/\/www.campingdebocht.nl\/de\/wandern-im-naturschutzgebiet-de-kempen\/#primaryimage"},"thumbnailUrl":"https:\/\/www.campingdebocht.nl\/wp-content\/uploads\/2018\/04\/wandelen-kempen.jpg","datePublished":"2021-01-13T20:11:30+00:00","dateModified":"2021-01-21T19:17:46+00:00","breadcrumb":{"@id":"https:\/\/www.campingdebocht.nl\/de\/wandern-im-naturschutzgebiet-de-kempen\/#breadcrumb"},"inLanguage":"de","potentialAction":[{"@type":"ReadAction","target":["https:\/\/www.campingdebocht.nl\/de\/wandern-im-naturschutzgebiet-de-kempen\/"]}]},{"@type":"ImageObject","inLanguage":"de","@id":"https:\/\/www.campingdebocht.nl\/de\/wandern-im-naturschutzgebiet-de-kempen\/#primaryimage","url":"https:\/\/www.campingdebocht.nl\/wp-content\/uploads\/2018\/04\/wandelen-kempen.jpg","contentUrl":"https:\/\/www.campingdebocht.nl\/wp-content\/uploads\/2018\/04\/wandelen-kempen.jpg"},{"@type":"BreadcrumbList","@id":"https:\/\/www.campingdebocht.nl\/de\/wandern-im-naturschutzgebiet-de-kempen\/#breadcrumb","itemListElement":[{"@type":"ListItem","position":1,"name":"Home","item":"https:\/\/www.campingdebocht.nl\/de\/"},{"@type":"ListItem","position":2,"name":"Wandern im Naturschutzgebiet De Kempen"}]},{"@type":"WebSite","@id":"https:\/\/www.campingdebocht.nl\/#website","url":"https:\/\/www.campingdebocht.nl\/","name":"Camping De Bocht","description":"","publisher":{"@id":"https:\/\/www.campingdebocht.nl\/#organization"},"potentialAction":[{"@type":"SearchAction","target":{"@type":"EntryPoint","urlTemplate":"https:\/\/www.campingdebocht.nl\/?s={search_term_string}"},"query-input":{"@type":"PropertyValueSpecification","valueRequired":true,"valueName":"search_term_string"}}],"inLanguage":"de"},{"@type":"Organization","@id":"https:\/\/www.campingdebocht.nl\/#organization","name":"Camping De Bocht","url":"https:\/\/www.campingdebocht.nl\/","logo":{"@type":"ImageObject","inLanguage":"de","@id":"https:\/\/www.campingdebocht.nl\/#\/schema\/logo\/image\/","url":"https:\/\/www.campingdebocht.nl\/wp-content\/uploads\/2018\/03\/logo.png","contentUrl":"https:\/\/www.campingdebocht.nl\/wp-content\/uploads\/2018\/03\/logo.png","width":160,"height":101,"caption":"Camping De Bocht"},"image":{"@id":"https:\/\/www.campingdebocht.nl\/#\/schema\/logo\/image\/"},"sameAs":["https:\/\/www.facebook.com\/DeBocht\/","https:\/\/www.youtube.com\/channel\/UCGfdDFj8qB5BdynzAA8AD7Q"]}]}},"_links":{"self":[{"href":"https:\/\/www.campingdebocht.nl\/de\/wp-json\/wp\/v2\/pages\/1434","targetHints":{"allow":["GET"]}}],"collection":[{"href":"https:\/\/www.campingdebocht.nl\/de\/wp-json\/wp\/v2\/pages"}],"about":[{"href":"https:\/\/www.campingdebocht.nl\/de\/wp-json\/wp\/v2\/types\/page"}],"author":[{"embeddable":true,"href":"https:\/\/www.campingdebocht.nl\/de\/wp-json\/wp\/v2\/users\/1"}],"replies":[{"embeddable":true,"href":"https:\/\/www.campingdebocht.nl\/de\/wp-json\/wp\/v2\/comments?post=1434"}],"version-history":[{"count":7,"href":"https:\/\/www.campingdebocht.nl\/de\/wp-json\/wp\/v2\/pages\/1434\/revisions"}],"predecessor-version":[{"id":1612,"href":"https:\/\/www.campingdebocht.nl\/de\/wp-json\/wp\/v2\/pages\/1434\/revisions\/1612"}],"wp:attachment":[{"href":"https:\/\/www.campingdebocht.nl\/de\/wp-json\/wp\/v2\/media?parent=1434"}],"curies":[{"name":"wp","href":"https:\/\/api.w.org\/{rel}","templated":true}]}}