{"id":1432,"date":"2021-01-13T20:06:58","date_gmt":"2021-01-13T20:06:58","guid":{"rendered":"https:\/\/www.campingdebocht.nl\/?page_id=1432"},"modified":"2021-01-21T19:19:16","modified_gmt":"2021-01-21T19:19:16","slug":"wandern-in-oirschot","status":"publish","type":"page","link":"https:\/\/www.campingdebocht.nl\/de\/wandern-in-oirschot\/","title":{"rendered":"Wandern in Oirschot"},"content":{"rendered":"<h1>Wandern in der Umgebung von Oirschot<\/h1>\n<p>Oirschot ist Teil der Brabanter Kempen; eine der beliebtesten Regionen in den Niederlanden, besonders unter Wanderfreunden. Es gibt ein ausgedehntes Netz spezieller Wanderrouten, die Sie direkt durch die Brabanter Kempen f\u00fchren. Geniessen Sie die vielen sch\u00f6nen D\u00f6rfer mit Dorfansichten die anscheinend von einer alten Postkarte gepfl\u00fcckt werden. Oirschot selbst ist ein gutes Beispiel daf\u00fcr. In diesen gem\u00fctlichen Kirchend\u00f6rfern k\u00f6nnen Sie u.a. k\u00f6stliche Regionalprodukte und die charakteristische Brabanter Gem\u00fctlichkeit geniessen. Ein perfekter Ort zum Wandern. Es gibt eine grosse Anzahl von Wanderrouten rund um Oirschot.<\/p>\n<p><strong><a href=\"http:\/\/www.route.nl\/wandelroute\/309612\/best-oirschot\">Wanderroute Beispiel<\/a><\/strong><\/p>\n<p><img loading=\"lazy\" decoding=\"async\" class=\"alignnone size-full wp-image-700\" title=\"Heerlijk wandelen in Oirschot\" src=\"https:\/\/www.campingdebocht.nl\/wp-content\/uploads\/2018\/07\/DJI_0396-Web.jpg\" alt=\"Wandelen in Oirschot\" width=\"500\" height=\"375\" srcset=\"https:\/\/www.campingdebocht.nl\/wp-content\/uploads\/2018\/07\/DJI_0396-Web.jpg 1000w, https:\/\/www.campingdebocht.nl\/wp-content\/uploads\/2018\/07\/DJI_0396-Web-300x225.jpg 300w, https:\/\/www.campingdebocht.nl\/wp-content\/uploads\/2018\/07\/DJI_0396-Web-768x576.jpg 768w\" sizes=\"auto, (max-width: 500px) 100vw, 500px\" \/><\/p>\n<h2>Wandern in der Natur<\/h2>\n<p>Ein Spaziergang im Naturschutzgebiet De Kempen macht nicht nur wegen der Kultur Spa\u00df, sondern ist auch ein absolutes Muss f\u00fcr Naturliebhaber. In den <a href=\"http:\/\/www.staatsbosbeheer.nl\/natuurgebieden\/kempen\">Brabanter Kempen<\/a> befinden sich ja verschiedene, ausgedehnte Naturschutzgebiete und m\u00e4rchenhafte Landg\u00fcter, in denen man herrliche Spazierg\u00e4nge geniessen kann. Die Wanderrouten in De Kempen sind deutlich markiert und f\u00fchren Sie u.a. durch dicht bewachsene W\u00e4lder, sch\u00f6ne Moore und wundersch\u00f6ne Heidefl\u00e4chen. Sicher auch in der Umgebung von Oirschot. Beginnen Sie Ihre Entdeckungsreise an einem der \u2018Natuurpoorten\u2019 in den Brabanter Kempen; der Startpunkt um die Natur zu entdecken, sich zu entspannen oder draussen aktiv zu sein.<\/p>\n<h2>Wanderrouten ausw\u00e4hlen<\/h2>\n<p>Camping de Bocht in Oirschot ist seit vielen Jahren beliebt bei Wanderfreunden. Auch wenn Sie kein Fan von markierten Wanderrouten sind, aber lieber selbst eine Route zusammenstellen. An der Rezeption finden Sie weitere Informationen zu den verschiedenen Wanderrouten, zur Region und zu allen Sehensw\u00fcrdigkeiten. Kurzum: Camping De Bocht in Oirschot ist eine perfekte Aktionsbasis f\u00fcr Wanderfreunde in De Kempen!<\/p>\n<p><a href=\"https:\/\/www.campingdebocht.nl\/de\/wandern-im-naturschutzgebiet-de-kempen\/\">Wandern im Naturschutzgebiet De Kempen<\/a><\/p>\n<p><a href=\"https:\/\/www.campingdebocht.nl\/de\/wandern-im-naturschutzgebiet-de-kampina\/\">Wandern im Naturschutzgebiet De Kampina<\/a><\/p>\n<p><a href=\"https:\/\/www.campingdebocht.nl\/de\/wandern-im-naturschutzgebiet-de-mortelen\/\">Wandern im Naturschutzgebiet De Mortelen<\/a><\/p>\n","protected":false},"excerpt":{"rendered":"<p>Wandern in der Umgebung von Oirschot Oirschot ist Teil der Brabanter Kempen; eine der beliebtesten Regionen in den Niederlanden, besonders unter Wanderfreunden. Es gibt ein ausgedehntes Netz spezieller Wanderrouten, die Sie direkt durch die Brabanter Kempen f\u00fchren. Geniessen Sie die vielen sch\u00f6nen D\u00f6rfer mit Dorfansichten die anscheinend von einer alten Postkarte gepfl\u00fcckt werden. Oirschot selbst [&hellip;]<\/p>\n","protected":false},"author":1,"featured_media":0,"parent":0,"menu_order":130,"comment_status":"closed","ping_status":"closed","template":"template-sidebar.php","meta":{"_acf_changed":false,"footnotes":""},"class_list":["post-1432","page","type-page","status-publish","hentry"],"acf":[],"yoast_head":"<!-- This site is optimized with the Yoast SEO plugin v27.5 - https:\/\/yoast.com\/product\/yoast-seo-wordpress\/ -->\n<title>Wandern in Oirschot - Camping De Bocht<\/title>\n<meta name=\"robots\" content=\"index, follow, max-snippet:-1, max-image-preview:large, max-video-preview:-1\" \/>\n<link rel=\"canonical\" href=\"https:\/\/www.campingdebocht.nl\/de\/wandern-in-oirschot\/\" \/>\n<meta property=\"og:locale\" content=\"de_DE\" \/>\n<meta property=\"og:type\" content=\"article\" \/>\n<meta property=\"og:title\" content=\"Wandern in Oirschot - Camping De Bocht\" \/>\n<meta property=\"og:description\" content=\"Wandern in der Umgebung von Oirschot Oirschot ist Teil der Brabanter Kempen; eine der beliebtesten Regionen in den Niederlanden, besonders unter Wanderfreunden. Es gibt ein ausgedehntes Netz spezieller Wanderrouten, die Sie direkt durch die Brabanter Kempen f\u00fchren. Geniessen Sie die vielen sch\u00f6nen D\u00f6rfer mit Dorfansichten die anscheinend von einer alten Postkarte gepfl\u00fcckt werden. Oirschot selbst [&hellip;]\" \/>\n<meta property=\"og:url\" content=\"https:\/\/www.campingdebocht.nl\/de\/wandern-in-oirschot\/\" \/>\n<meta property=\"og:site_name\" content=\"Camping De Bocht\" \/>\n<meta property=\"article:publisher\" content=\"https:\/\/www.facebook.com\/DeBocht\/\" \/>\n<meta property=\"article:modified_time\" content=\"2021-01-21T19:19:16+00:00\" \/>\n<meta property=\"og:image\" content=\"https:\/\/www.campingdebocht.nl\/wp-content\/uploads\/2018\/07\/DJI_0396-Web.jpg\" \/>\n<meta name=\"twitter:card\" content=\"summary_large_image\" \/>\n<script type=\"application\/ld+json\" class=\"yoast-schema-graph\">{\"@context\":\"https:\\\/\\\/schema.org\",\"@graph\":[{\"@type\":\"WebPage\",\"@id\":\"https:\\\/\\\/www.campingdebocht.nl\\\/de\\\/wandern-in-oirschot\\\/\",\"url\":\"https:\\\/\\\/www.campingdebocht.nl\\\/de\\\/wandern-in-oirschot\\\/\",\"name\":\"Wandern in Oirschot - Camping De Bocht\",\"isPartOf\":{\"@id\":\"https:\\\/\\\/www.campingdebocht.nl\\\/#website\"},\"primaryImageOfPage\":{\"@id\":\"https:\\\/\\\/www.campingdebocht.nl\\\/de\\\/wandern-in-oirschot\\\/#primaryimage\"},\"image\":{\"@id\":\"https:\\\/\\\/www.campingdebocht.nl\\\/de\\\/wandern-in-oirschot\\\/#primaryimage\"},\"thumbnailUrl\":\"https:\\\/\\\/www.campingdebocht.nl\\\/wp-content\\\/uploads\\\/2018\\\/07\\\/DJI_0396-Web.jpg\",\"datePublished\":\"2021-01-13T20:06:58+00:00\",\"dateModified\":\"2021-01-21T19:19:16+00:00\",\"breadcrumb\":{\"@id\":\"https:\\\/\\\/www.campingdebocht.nl\\\/de\\\/wandern-in-oirschot\\\/#breadcrumb\"},\"inLanguage\":\"de\",\"potentialAction\":[{\"@type\":\"ReadAction\",\"target\":[\"https:\\\/\\\/www.campingdebocht.nl\\\/de\\\/wandern-in-oirschot\\\/\"]}]},{\"@type\":\"ImageObject\",\"inLanguage\":\"de\",\"@id\":\"https:\\\/\\\/www.campingdebocht.nl\\\/de\\\/wandern-in-oirschot\\\/#primaryimage\",\"url\":\"https:\\\/\\\/www.campingdebocht.nl\\\/wp-content\\\/uploads\\\/2018\\\/07\\\/DJI_0396-Web.jpg\",\"contentUrl\":\"https:\\\/\\\/www.campingdebocht.nl\\\/wp-content\\\/uploads\\\/2018\\\/07\\\/DJI_0396-Web.jpg\"},{\"@type\":\"BreadcrumbList\",\"@id\":\"https:\\\/\\\/www.campingdebocht.nl\\\/de\\\/wandern-in-oirschot\\\/#breadcrumb\",\"itemListElement\":[{\"@type\":\"ListItem\",\"position\":1,\"name\":\"Home\",\"item\":\"https:\\\/\\\/www.campingdebocht.nl\\\/de\\\/\"},{\"@type\":\"ListItem\",\"position\":2,\"name\":\"Wandern in Oirschot\"}]},{\"@type\":\"WebSite\",\"@id\":\"https:\\\/\\\/www.campingdebocht.nl\\\/#website\",\"url\":\"https:\\\/\\\/www.campingdebocht.nl\\\/\",\"name\":\"Camping De Bocht\",\"description\":\"\",\"publisher\":{\"@id\":\"https:\\\/\\\/www.campingdebocht.nl\\\/#organization\"},\"potentialAction\":[{\"@type\":\"SearchAction\",\"target\":{\"@type\":\"EntryPoint\",\"urlTemplate\":\"https:\\\/\\\/www.campingdebocht.nl\\\/?s={search_term_string}\"},\"query-input\":{\"@type\":\"PropertyValueSpecification\",\"valueRequired\":true,\"valueName\":\"search_term_string\"}}],\"inLanguage\":\"de\"},{\"@type\":\"Organization\",\"@id\":\"https:\\\/\\\/www.campingdebocht.nl\\\/#organization\",\"name\":\"Camping De Bocht\",\"url\":\"https:\\\/\\\/www.campingdebocht.nl\\\/\",\"logo\":{\"@type\":\"ImageObject\",\"inLanguage\":\"de\",\"@id\":\"https:\\\/\\\/www.campingdebocht.nl\\\/#\\\/schema\\\/logo\\\/image\\\/\",\"url\":\"https:\\\/\\\/www.campingdebocht.nl\\\/wp-content\\\/uploads\\\/2018\\\/03\\\/logo.png\",\"contentUrl\":\"https:\\\/\\\/www.campingdebocht.nl\\\/wp-content\\\/uploads\\\/2018\\\/03\\\/logo.png\",\"width\":160,\"height\":101,\"caption\":\"Camping De Bocht\"},\"image\":{\"@id\":\"https:\\\/\\\/www.campingdebocht.nl\\\/#\\\/schema\\\/logo\\\/image\\\/\"},\"sameAs\":[\"https:\\\/\\\/www.facebook.com\\\/DeBocht\\\/\",\"https:\\\/\\\/www.youtube.com\\\/channel\\\/UCGfdDFj8qB5BdynzAA8AD7Q\"]}]}<\/script>\n<!-- \/ Yoast SEO plugin. -->","yoast_head_json":{"title":"Wandern in Oirschot - Camping De Bocht","robots":{"index":"index","follow":"follow","max-snippet":"max-snippet:-1","max-image-preview":"max-image-preview:large","max-video-preview":"max-video-preview:-1"},"canonical":"https:\/\/www.campingdebocht.nl\/de\/wandern-in-oirschot\/","og_locale":"de_DE","og_type":"article","og_title":"Wandern in Oirschot - Camping De Bocht","og_description":"Wandern in der Umgebung von Oirschot Oirschot ist Teil der Brabanter Kempen; eine der beliebtesten Regionen in den Niederlanden, besonders unter Wanderfreunden. Es gibt ein ausgedehntes Netz spezieller Wanderrouten, die Sie direkt durch die Brabanter Kempen f\u00fchren. Geniessen Sie die vielen sch\u00f6nen D\u00f6rfer mit Dorfansichten die anscheinend von einer alten Postkarte gepfl\u00fcckt werden. Oirschot selbst [&hellip;]","og_url":"https:\/\/www.campingdebocht.nl\/de\/wandern-in-oirschot\/","og_site_name":"Camping De Bocht","article_publisher":"https:\/\/www.facebook.com\/DeBocht\/","article_modified_time":"2021-01-21T19:19:16+00:00","og_image":[{"url":"https:\/\/www.campingdebocht.nl\/wp-content\/uploads\/2018\/07\/DJI_0396-Web.jpg","type":"","width":"","height":""}],"twitter_card":"summary_large_image","schema":{"@context":"https:\/\/schema.org","@graph":[{"@type":"WebPage","@id":"https:\/\/www.campingdebocht.nl\/de\/wandern-in-oirschot\/","url":"https:\/\/www.campingdebocht.nl\/de\/wandern-in-oirschot\/","name":"Wandern in Oirschot - Camping De Bocht","isPartOf":{"@id":"https:\/\/www.campingdebocht.nl\/#website"},"primaryImageOfPage":{"@id":"https:\/\/www.campingdebocht.nl\/de\/wandern-in-oirschot\/#primaryimage"},"image":{"@id":"https:\/\/www.campingdebocht.nl\/de\/wandern-in-oirschot\/#primaryimage"},"thumbnailUrl":"https:\/\/www.campingdebocht.nl\/wp-content\/uploads\/2018\/07\/DJI_0396-Web.jpg","datePublished":"2021-01-13T20:06:58+00:00","dateModified":"2021-01-21T19:19:16+00:00","breadcrumb":{"@id":"https:\/\/www.campingdebocht.nl\/de\/wandern-in-oirschot\/#breadcrumb"},"inLanguage":"de","potentialAction":[{"@type":"ReadAction","target":["https:\/\/www.campingdebocht.nl\/de\/wandern-in-oirschot\/"]}]},{"@type":"ImageObject","inLanguage":"de","@id":"https:\/\/www.campingdebocht.nl\/de\/wandern-in-oirschot\/#primaryimage","url":"https:\/\/www.campingdebocht.nl\/wp-content\/uploads\/2018\/07\/DJI_0396-Web.jpg","contentUrl":"https:\/\/www.campingdebocht.nl\/wp-content\/uploads\/2018\/07\/DJI_0396-Web.jpg"},{"@type":"BreadcrumbList","@id":"https:\/\/www.campingdebocht.nl\/de\/wandern-in-oirschot\/#breadcrumb","itemListElement":[{"@type":"ListItem","position":1,"name":"Home","item":"https:\/\/www.campingdebocht.nl\/de\/"},{"@type":"ListItem","position":2,"name":"Wandern in Oirschot"}]},{"@type":"WebSite","@id":"https:\/\/www.campingdebocht.nl\/#website","url":"https:\/\/www.campingdebocht.nl\/","name":"Camping De Bocht","description":"","publisher":{"@id":"https:\/\/www.campingdebocht.nl\/#organization"},"potentialAction":[{"@type":"SearchAction","target":{"@type":"EntryPoint","urlTemplate":"https:\/\/www.campingdebocht.nl\/?s={search_term_string}"},"query-input":{"@type":"PropertyValueSpecification","valueRequired":true,"valueName":"search_term_string"}}],"inLanguage":"de"},{"@type":"Organization","@id":"https:\/\/www.campingdebocht.nl\/#organization","name":"Camping De Bocht","url":"https:\/\/www.campingdebocht.nl\/","logo":{"@type":"ImageObject","inLanguage":"de","@id":"https:\/\/www.campingdebocht.nl\/#\/schema\/logo\/image\/","url":"https:\/\/www.campingdebocht.nl\/wp-content\/uploads\/2018\/03\/logo.png","contentUrl":"https:\/\/www.campingdebocht.nl\/wp-content\/uploads\/2018\/03\/logo.png","width":160,"height":101,"caption":"Camping De Bocht"},"image":{"@id":"https:\/\/www.campingdebocht.nl\/#\/schema\/logo\/image\/"},"sameAs":["https:\/\/www.facebook.com\/DeBocht\/","https:\/\/www.youtube.com\/channel\/UCGfdDFj8qB5BdynzAA8AD7Q"]}]}},"_links":{"self":[{"href":"https:\/\/www.campingdebocht.nl\/de\/wp-json\/wp\/v2\/pages\/1432","targetHints":{"allow":["GET"]}}],"collection":[{"href":"https:\/\/www.campingdebocht.nl\/de\/wp-json\/wp\/v2\/pages"}],"about":[{"href":"https:\/\/www.campingdebocht.nl\/de\/wp-json\/wp\/v2\/types\/page"}],"author":[{"embeddable":true,"href":"https:\/\/www.campingdebocht.nl\/de\/wp-json\/wp\/v2\/users\/1"}],"replies":[{"embeddable":true,"href":"https:\/\/www.campingdebocht.nl\/de\/wp-json\/wp\/v2\/comments?post=1432"}],"version-history":[{"count":3,"href":"https:\/\/www.campingdebocht.nl\/de\/wp-json\/wp\/v2\/pages\/1432\/revisions"}],"predecessor-version":[{"id":1637,"href":"https:\/\/www.campingdebocht.nl\/de\/wp-json\/wp\/v2\/pages\/1432\/revisions\/1637"}],"wp:attachment":[{"href":"https:\/\/www.campingdebocht.nl\/de\/wp-json\/wp\/v2\/media?parent=1432"}],"curies":[{"name":"wp","href":"https:\/\/api.w.org\/{rel}","templated":true}]}}