{"id":1421,"date":"2021-01-13T19:50:48","date_gmt":"2021-01-13T19:50:48","guid":{"rendered":"https:\/\/www.campingdebocht.nl\/?page_id=1421"},"modified":"2021-01-21T19:18:22","modified_gmt":"2021-01-21T19:18:22","slug":"umgebung","status":"publish","type":"page","link":"https:\/\/www.campingdebocht.nl\/de\/umgebung\/","title":{"rendered":"Umgebung"},"content":{"rendered":"<h1>Umgebung: Erholung in Brabant<\/h1>\n<p>Wer sich auf Camping De Bocht aufh\u00e4lt, wird sich sicherlich auf die vielen Erholungsm\u00f6glichkeiten in der Provinz Brabant freuen. Neben den verschiedenen frei zug\u00e4nglichen Landg\u00fctern, bietet die Umgebung mehrere sch\u00f6ne Attraktionen, sowie zum Beispiel <a href=\"https:\/\/www.beeksebergen.nl\/de\">Safaripark De Beekse Bergen<\/a>, den Sie mit dem Fahrrad erreichen k\u00f6nnen.<\/p>\n<h2>Erholung bei Camping De Bocht<\/h2>\n<p>Vergn\u00fcgungspark <a href=\"https:\/\/www.efteling.com\/de\">De Efteling<\/a> in Kaatsheuvel, in der N\u00e4he von Oirschot, ist der bekannteste Vergn\u00fcgungspark der Niederlande f\u00fcr Jung und Alt!<\/p>\n<p>Der E3-Strand in Eersel und Wassererholungspark Aqua-best bieten den Besuchern von Camping De Bocht auch viel Spa\u00df.<\/p>\n<h2>Brabanter Erholung<\/h2>\n<p>Wer Brabanter Erholung mag, ist bei Camping de Bocht und Umgebung an der richtigen Adresse!<\/p>\n<p><iframe loading=\"lazy\" src=\"https:\/\/www.youtube-nocookie.com\/embed\/VcJmo-D0cuA?rel=0\" width=\"560\" height=\"315\" frameborder=\"0\" allowfullscreen=\"allowfullscreen\" data-mce-fragment=\"1\"><\/iframe><\/p>\n<h2>Radrouten in der N\u00e4he<\/h2>\n<p>Sie k\u00f6nnen zum Beispiel nach den St\u00e4dten Eindhoven, Tilburg und s\u2019-Hertogenbosch radeln. Die D\u00f6rfer Sint-Oedenrode, Schijndel, Boxtel oder De Beerzen, Diessen und Hilvarenbeek sind aber auch einen Besuch wert. Wir haben selbst einige sch\u00f6ne Radrouten zusammengestellt.<\/p>\n<p><a href=\"http:\/\/www.route.nl\/fietsroute\/120863\/een-rondje-oirschot\">Runde Oirschot<\/a><\/p>\n<p>In Absprache planen wir f\u00fcr Sie eine sch\u00f6ne, ma\u00dfgeschneiderte Route<\/p>\n<p><a href=\"https:\/\/www.campingdebocht.nl\/de\/radfahren-in-oirschot\/\">Sehen Sie sich die Seite \u00fcber das Radfahren in Oirschot an, mit mehr Radrouten in Oirschot und Umgebung<\/a><\/p>\n<h2>Wanderrouten bei Camping De Bocht<\/h2>\n<p>In dieser Region finden Sie eine der sch\u00f6nsten Wanderrouten der Niederlande. In Oirschot wurde nicht weniger als 180 km Wanderwege angelegt. Wanderkarten sind bei der Rezeption erh\u00e4ltlich.<\/p>\n<p>Viele Menschen betrachten die Provinz Brabant als eine der sch\u00f6nsten Regionen f\u00fcr Freizeitaktivit\u00e4ten wie Wandern und Rad fahren.<\/p>\n<p><a href=\"https:\/\/www.campingdebocht.nl\/de\/wandern-in-oirschot\/\">Sehen Sie sich die Seite \u00fcber das Wandern in Oirschot an<\/a><\/p>\n<p><a href=\"https:\/\/www.campingdebocht.nl\/de\/wandern-im-naturschutzgebiet-de-kempen\/\">Wandern im Naturschutzgebiet De Kempen<\/a><\/p>\n<p><a href=\"https:\/\/www.campingdebocht.nl\/de\/wandern-im-naturschutzgebiet-de-mortelen\/\">Wandern im Naturschutzgebiet De Mortelen<\/a><\/p>\n<p><a href=\"https:\/\/www.campingdebocht.nl\/de\/wandern-im-naturschutzgebiet-de-kampina\/\">Wandern im Naturschutzgebiet De Kampina<\/a><\/p>\n<p><strong>Die fantastische Unterhaltung bei Camping De Bocht garantiert einen herrlichen Aufenthalt!<\/strong><\/p>\n","protected":false},"excerpt":{"rendered":"<p>Umgebung: Erholung in Brabant Wer sich auf Camping De Bocht aufh\u00e4lt, wird sich sicherlich auf die vielen Erholungsm\u00f6glichkeiten in der Provinz Brabant freuen. Neben den verschiedenen frei zug\u00e4nglichen Landg\u00fctern, bietet die Umgebung mehrere sch\u00f6ne Attraktionen, sowie zum Beispiel Safaripark De Beekse Bergen, den Sie mit dem Fahrrad erreichen k\u00f6nnen. Erholung bei Camping De Bocht Vergn\u00fcgungspark [&hellip;]<\/p>\n","protected":false},"author":1,"featured_media":0,"parent":0,"menu_order":90,"comment_status":"closed","ping_status":"closed","template":"template-sidebar.php","meta":{"_acf_changed":false,"footnotes":""},"class_list":["post-1421","page","type-page","status-publish","hentry"],"acf":[],"yoast_head":"<!-- This site is optimized with the Yoast SEO plugin v27.5 - https:\/\/yoast.com\/product\/yoast-seo-wordpress\/ -->\n<title>Umgebung - Camping De Bocht<\/title>\n<meta name=\"robots\" content=\"index, follow, max-snippet:-1, max-image-preview:large, max-video-preview:-1\" \/>\n<link rel=\"canonical\" href=\"https:\/\/www.campingdebocht.nl\/de\/umgebung\/\" \/>\n<meta property=\"og:locale\" content=\"de_DE\" \/>\n<meta property=\"og:type\" content=\"article\" \/>\n<meta property=\"og:title\" content=\"Umgebung - Camping De Bocht\" \/>\n<meta property=\"og:description\" content=\"Umgebung: Erholung in Brabant Wer sich auf Camping De Bocht aufh\u00e4lt, wird sich sicherlich auf die vielen Erholungsm\u00f6glichkeiten in der Provinz Brabant freuen. Neben den verschiedenen frei zug\u00e4nglichen Landg\u00fctern, bietet die Umgebung mehrere sch\u00f6ne Attraktionen, sowie zum Beispiel Safaripark De Beekse Bergen, den Sie mit dem Fahrrad erreichen k\u00f6nnen. Erholung bei Camping De Bocht Vergn\u00fcgungspark [&hellip;]\" \/>\n<meta property=\"og:url\" content=\"https:\/\/www.campingdebocht.nl\/de\/umgebung\/\" \/>\n<meta property=\"og:site_name\" content=\"Camping De Bocht\" \/>\n<meta property=\"article:publisher\" content=\"https:\/\/www.facebook.com\/DeBocht\/\" \/>\n<meta property=\"article:modified_time\" content=\"2021-01-21T19:18:22+00:00\" \/>\n<meta property=\"og:image\" content=\"https:\/\/www.campingdebocht.nl\/wp-content\/uploads\/2018\/12\/camping-de-bocht-social.png\" \/>\n\t<meta property=\"og:image:width\" content=\"1200\" \/>\n\t<meta property=\"og:image:height\" content=\"630\" \/>\n\t<meta property=\"og:image:type\" content=\"image\/png\" \/>\n<meta name=\"twitter:card\" content=\"summary_large_image\" \/>\n<script type=\"application\/ld+json\" class=\"yoast-schema-graph\">{\"@context\":\"https:\\\/\\\/schema.org\",\"@graph\":[{\"@type\":\"WebPage\",\"@id\":\"https:\\\/\\\/www.campingdebocht.nl\\\/de\\\/umgebung\\\/\",\"url\":\"https:\\\/\\\/www.campingdebocht.nl\\\/de\\\/umgebung\\\/\",\"name\":\"Umgebung - Camping De Bocht\",\"isPartOf\":{\"@id\":\"https:\\\/\\\/www.campingdebocht.nl\\\/#website\"},\"datePublished\":\"2021-01-13T19:50:48+00:00\",\"dateModified\":\"2021-01-21T19:18:22+00:00\",\"breadcrumb\":{\"@id\":\"https:\\\/\\\/www.campingdebocht.nl\\\/de\\\/umgebung\\\/#breadcrumb\"},\"inLanguage\":\"de\",\"potentialAction\":[{\"@type\":\"ReadAction\",\"target\":[\"https:\\\/\\\/www.campingdebocht.nl\\\/de\\\/umgebung\\\/\"]}]},{\"@type\":\"BreadcrumbList\",\"@id\":\"https:\\\/\\\/www.campingdebocht.nl\\\/de\\\/umgebung\\\/#breadcrumb\",\"itemListElement\":[{\"@type\":\"ListItem\",\"position\":1,\"name\":\"Home\",\"item\":\"https:\\\/\\\/www.campingdebocht.nl\\\/de\\\/\"},{\"@type\":\"ListItem\",\"position\":2,\"name\":\"Umgebung\"}]},{\"@type\":\"WebSite\",\"@id\":\"https:\\\/\\\/www.campingdebocht.nl\\\/#website\",\"url\":\"https:\\\/\\\/www.campingdebocht.nl\\\/\",\"name\":\"Camping De Bocht\",\"description\":\"\",\"publisher\":{\"@id\":\"https:\\\/\\\/www.campingdebocht.nl\\\/#organization\"},\"potentialAction\":[{\"@type\":\"SearchAction\",\"target\":{\"@type\":\"EntryPoint\",\"urlTemplate\":\"https:\\\/\\\/www.campingdebocht.nl\\\/?s={search_term_string}\"},\"query-input\":{\"@type\":\"PropertyValueSpecification\",\"valueRequired\":true,\"valueName\":\"search_term_string\"}}],\"inLanguage\":\"de\"},{\"@type\":\"Organization\",\"@id\":\"https:\\\/\\\/www.campingdebocht.nl\\\/#organization\",\"name\":\"Camping De Bocht\",\"url\":\"https:\\\/\\\/www.campingdebocht.nl\\\/\",\"logo\":{\"@type\":\"ImageObject\",\"inLanguage\":\"de\",\"@id\":\"https:\\\/\\\/www.campingdebocht.nl\\\/#\\\/schema\\\/logo\\\/image\\\/\",\"url\":\"https:\\\/\\\/www.campingdebocht.nl\\\/wp-content\\\/uploads\\\/2018\\\/03\\\/logo.png\",\"contentUrl\":\"https:\\\/\\\/www.campingdebocht.nl\\\/wp-content\\\/uploads\\\/2018\\\/03\\\/logo.png\",\"width\":160,\"height\":101,\"caption\":\"Camping De Bocht\"},\"image\":{\"@id\":\"https:\\\/\\\/www.campingdebocht.nl\\\/#\\\/schema\\\/logo\\\/image\\\/\"},\"sameAs\":[\"https:\\\/\\\/www.facebook.com\\\/DeBocht\\\/\",\"https:\\\/\\\/www.youtube.com\\\/channel\\\/UCGfdDFj8qB5BdynzAA8AD7Q\"]}]}<\/script>\n<!-- \/ Yoast SEO plugin. -->","yoast_head_json":{"title":"Umgebung - Camping De Bocht","robots":{"index":"index","follow":"follow","max-snippet":"max-snippet:-1","max-image-preview":"max-image-preview:large","max-video-preview":"max-video-preview:-1"},"canonical":"https:\/\/www.campingdebocht.nl\/de\/umgebung\/","og_locale":"de_DE","og_type":"article","og_title":"Umgebung - Camping De Bocht","og_description":"Umgebung: Erholung in Brabant Wer sich auf Camping De Bocht aufh\u00e4lt, wird sich sicherlich auf die vielen Erholungsm\u00f6glichkeiten in der Provinz Brabant freuen. Neben den verschiedenen frei zug\u00e4nglichen Landg\u00fctern, bietet die Umgebung mehrere sch\u00f6ne Attraktionen, sowie zum Beispiel Safaripark De Beekse Bergen, den Sie mit dem Fahrrad erreichen k\u00f6nnen. Erholung bei Camping De Bocht Vergn\u00fcgungspark [&hellip;]","og_url":"https:\/\/www.campingdebocht.nl\/de\/umgebung\/","og_site_name":"Camping De Bocht","article_publisher":"https:\/\/www.facebook.com\/DeBocht\/","article_modified_time":"2021-01-21T19:18:22+00:00","og_image":[{"width":1200,"height":630,"url":"https:\/\/www.campingdebocht.nl\/wp-content\/uploads\/2018\/12\/camping-de-bocht-social.png","type":"image\/png"}],"twitter_card":"summary_large_image","schema":{"@context":"https:\/\/schema.org","@graph":[{"@type":"WebPage","@id":"https:\/\/www.campingdebocht.nl\/de\/umgebung\/","url":"https:\/\/www.campingdebocht.nl\/de\/umgebung\/","name":"Umgebung - Camping De Bocht","isPartOf":{"@id":"https:\/\/www.campingdebocht.nl\/#website"},"datePublished":"2021-01-13T19:50:48+00:00","dateModified":"2021-01-21T19:18:22+00:00","breadcrumb":{"@id":"https:\/\/www.campingdebocht.nl\/de\/umgebung\/#breadcrumb"},"inLanguage":"de","potentialAction":[{"@type":"ReadAction","target":["https:\/\/www.campingdebocht.nl\/de\/umgebung\/"]}]},{"@type":"BreadcrumbList","@id":"https:\/\/www.campingdebocht.nl\/de\/umgebung\/#breadcrumb","itemListElement":[{"@type":"ListItem","position":1,"name":"Home","item":"https:\/\/www.campingdebocht.nl\/de\/"},{"@type":"ListItem","position":2,"name":"Umgebung"}]},{"@type":"WebSite","@id":"https:\/\/www.campingdebocht.nl\/#website","url":"https:\/\/www.campingdebocht.nl\/","name":"Camping De Bocht","description":"","publisher":{"@id":"https:\/\/www.campingdebocht.nl\/#organization"},"potentialAction":[{"@type":"SearchAction","target":{"@type":"EntryPoint","urlTemplate":"https:\/\/www.campingdebocht.nl\/?s={search_term_string}"},"query-input":{"@type":"PropertyValueSpecification","valueRequired":true,"valueName":"search_term_string"}}],"inLanguage":"de"},{"@type":"Organization","@id":"https:\/\/www.campingdebocht.nl\/#organization","name":"Camping De Bocht","url":"https:\/\/www.campingdebocht.nl\/","logo":{"@type":"ImageObject","inLanguage":"de","@id":"https:\/\/www.campingdebocht.nl\/#\/schema\/logo\/image\/","url":"https:\/\/www.campingdebocht.nl\/wp-content\/uploads\/2018\/03\/logo.png","contentUrl":"https:\/\/www.campingdebocht.nl\/wp-content\/uploads\/2018\/03\/logo.png","width":160,"height":101,"caption":"Camping De Bocht"},"image":{"@id":"https:\/\/www.campingdebocht.nl\/#\/schema\/logo\/image\/"},"sameAs":["https:\/\/www.facebook.com\/DeBocht\/","https:\/\/www.youtube.com\/channel\/UCGfdDFj8qB5BdynzAA8AD7Q"]}]}},"_links":{"self":[{"href":"https:\/\/www.campingdebocht.nl\/de\/wp-json\/wp\/v2\/pages\/1421","targetHints":{"allow":["GET"]}}],"collection":[{"href":"https:\/\/www.campingdebocht.nl\/de\/wp-json\/wp\/v2\/pages"}],"about":[{"href":"https:\/\/www.campingdebocht.nl\/de\/wp-json\/wp\/v2\/types\/page"}],"author":[{"embeddable":true,"href":"https:\/\/www.campingdebocht.nl\/de\/wp-json\/wp\/v2\/users\/1"}],"replies":[{"embeddable":true,"href":"https:\/\/www.campingdebocht.nl\/de\/wp-json\/wp\/v2\/comments?post=1421"}],"version-history":[{"count":4,"href":"https:\/\/www.campingdebocht.nl\/de\/wp-json\/wp\/v2\/pages\/1421\/revisions"}],"predecessor-version":[{"id":1636,"href":"https:\/\/www.campingdebocht.nl\/de\/wp-json\/wp\/v2\/pages\/1421\/revisions\/1636"}],"wp:attachment":[{"href":"https:\/\/www.campingdebocht.nl\/de\/wp-json\/wp\/v2\/media?parent=1421"}],"curies":[{"name":"wp","href":"https:\/\/api.w.org\/{rel}","templated":true}]}}