{"id":1418,"date":"2021-01-13T19:43:59","date_gmt":"2021-01-13T19:43:59","guid":{"rendered":"https:\/\/www.campingdebocht.nl\/?page_id=1418"},"modified":"2024-07-13T15:18:33","modified_gmt":"2024-07-13T15:18:33","slug":"einrichtungen","status":"publish","type":"page","link":"https:\/\/www.campingdebocht.nl\/de\/einrichtungen\/","title":{"rendered":"Einrichtungen"},"content":{"rendered":"<h1>Einrichtungen am Campingplatz mit einem Schwimmbad und Spielplatz<\/h1>\n<h1>Pfannkuchenrestaurant mit Terrasse<\/h1>\n<p>Die Einrichtungen auf unserem <a href=\"https:\/\/www.campingdebocht.nl\/de\/kindercampingplatz\/\">Kindercampingplatz<\/a> werden sicherlich einen angenehmen Aufenthalt aller G\u00e4ste garantieren. Kleine G\u00e4ste k\u00f6nnen sich zum Beispiel am <strong>Spielplatz am Campingplatz <\/strong>oder im <strong>herrlichen Camping-Pool <\/strong>am\u00fcsieren. Dar\u00fcber hinaus, bietet der Campingplatz Fahrradverleih, damit Familien eine sch\u00f6ne Radtour durch die wundersch\u00f6ne Brabanter Natur geniessen k\u00f6nnen.<\/p>\n<p><a href=\"https:\/\/www.campingdebocht.nl\/wp-content\/uploads\/2018\/04\/zwembad-groot.jpg\"><img loading=\"lazy\" decoding=\"async\" class=\"alignnone size-medium wp-image-485\" src=\"https:\/\/www.campingdebocht.nl\/wp-content\/uploads\/2018\/04\/zwembad-groot-300x225.jpg\" alt=\"\" width=\"300\" height=\"225\" srcset=\"https:\/\/www.campingdebocht.nl\/wp-content\/uploads\/2018\/04\/zwembad-groot-300x225.jpg 300w, https:\/\/www.campingdebocht.nl\/wp-content\/uploads\/2018\/04\/zwembad-groot-768x576.jpg 768w, https:\/\/www.campingdebocht.nl\/wp-content\/uploads\/2018\/04\/zwembad-groot.jpg 1024w\" sizes=\"auto, (max-width: 300px) 100vw, 300px\" \/><\/a><\/p>\n<h2>Gem\u00fctlicher Campingplatz mit Spielplatz<\/h2>\n<p>Jeder Stellplatz hat eine Oberfl\u00e4che von nicht weniger als 100 m2. Dar\u00fcber hinaus gibt es f\u00fcr jedes Fach einen Strom- und Antennenanschluss sowie Wasser. Abends k\u00f6nnen die G\u00e4ste des Campingplatzes im dazugeh\u00f6rigen Restaurant oder im Zentrum von Oirschot ein hervorragendes Diner geniessen. W\u00e4hrend Ihre Kinder sich am Spielplatz oder im Schwimmbad am\u00fcsieren, k\u00f6nnen Sie unsere sch\u00f6ne Terrasse geniessen.<\/p>\n<h2>Alle Einrichtungen<\/h2>\n<p>Nachfolgend finden Sie eine \u00dcbersicht aller verf\u00fcgbaren Einrichtungen. Der Komfort unserer G\u00e4ste steht bei uns immer an erster Stelle. Camping De Bocht bietet sowohl bequeme- als auch entspannende Einrichtungen sowie das Schwimmbad, die Duschen und der Fahrrad- und Go-Kart-Verleih.<\/p>\n<h3>\u00dcbersicht aller Einrichtungen:<\/h3>\n<ul>\n<li>Campingplatz mit Spielplatz<\/li>\n<li>Kegelzentrum<\/li>\n<li>Restaurant mit Terrasse<\/li>\n<li>Oberfl\u00e4che Stellplatz: 100 m2<\/li>\n<li>Drahtloses Internet (WLAN)<\/li>\n<li>Elektrizit\u00e4tsanschluss 10 Ampere<\/li>\n<li>Antennenanschluss<\/li>\n<li>Wasser und Entw\u00e4sserung bei jedem Fach<\/li>\n<li>Luxuri\u00f6se, ger\u00e4umige Duschen<\/li>\n<li>Familiendusche<\/li>\n<li>Sp\u00fclplatz<\/li>\n<li>Babywaschraum<\/li>\n<li>Waschsalon<\/li>\n<li>Schwimmbad (ge\u00f6ffnet von 1 Juli \u2013 31 August<\/li>\n<li>Planschbecken (ge\u00f6ffnet von 1 Juli \u2013 31 Aug<\/li>\n<li>Aktivit\u00e4ten in der Hochsaison<\/li>\n<li><a href=\"https:\/\/www.campingdebocht.nl\/de\/chalets\/\">Chaletvermietung<\/a><\/li>\n<li>Verkauf verschiedener Arten von Gasflaschen<\/li>\n<li>Fahrradverleih<\/li>\n<li>Go-Kart-Verleih<\/li>\n<\/ul>\n<p>Ist etwas undeutlich oder haben Sie Fragen? Bitte, nehmen Sie dann <a href=\"https:\/\/www.campingdebocht.nl\/de\/kontakt\/\">Kontakt<\/a> mit uns auf: <a href=\"tel:+31499550855\">+31 499 \u2013 550 855<\/a>.<\/p>\n","protected":false},"excerpt":{"rendered":"<p>Einrichtungen am Campingplatz mit einem Schwimmbad und Spielplatz Pfannkuchenrestaurant mit Terrasse Die Einrichtungen auf unserem Kindercampingplatz werden sicherlich einen angenehmen Aufenthalt aller G\u00e4ste garantieren. Kleine G\u00e4ste k\u00f6nnen sich zum Beispiel am Spielplatz am Campingplatz oder im herrlichen Camping-Pool am\u00fcsieren. Dar\u00fcber hinaus, bietet der Campingplatz Fahrradverleih, damit Familien eine sch\u00f6ne Radtour durch die wundersch\u00f6ne Brabanter Natur [&hellip;]<\/p>\n","protected":false},"author":1,"featured_media":0,"parent":0,"menu_order":80,"comment_status":"closed","ping_status":"closed","template":"template-sidebar.php","meta":{"_acf_changed":false,"footnotes":""},"class_list":["post-1418","page","type-page","status-publish","hentry"],"acf":[],"yoast_head":"<!-- This site is optimized with the Yoast SEO plugin v27.5 - https:\/\/yoast.com\/product\/yoast-seo-wordpress\/ -->\n<title>Einrichtungen - Camping De Bocht<\/title>\n<meta name=\"robots\" content=\"index, follow, max-snippet:-1, max-image-preview:large, max-video-preview:-1\" \/>\n<link rel=\"canonical\" href=\"https:\/\/www.campingdebocht.nl\/de\/einrichtungen\/\" \/>\n<meta property=\"og:locale\" content=\"de_DE\" \/>\n<meta property=\"og:type\" content=\"article\" \/>\n<meta property=\"og:title\" content=\"Einrichtungen - Camping De Bocht\" \/>\n<meta property=\"og:description\" content=\"Einrichtungen am Campingplatz mit einem Schwimmbad und Spielplatz Pfannkuchenrestaurant mit Terrasse Die Einrichtungen auf unserem Kindercampingplatz werden sicherlich einen angenehmen Aufenthalt aller G\u00e4ste garantieren. Kleine G\u00e4ste k\u00f6nnen sich zum Beispiel am Spielplatz am Campingplatz oder im herrlichen Camping-Pool am\u00fcsieren. Dar\u00fcber hinaus, bietet der Campingplatz Fahrradverleih, damit Familien eine sch\u00f6ne Radtour durch die wundersch\u00f6ne Brabanter Natur [&hellip;]\" \/>\n<meta property=\"og:url\" content=\"https:\/\/www.campingdebocht.nl\/de\/einrichtungen\/\" \/>\n<meta property=\"og:site_name\" content=\"Camping De Bocht\" \/>\n<meta property=\"article:publisher\" content=\"https:\/\/www.facebook.com\/DeBocht\/\" \/>\n<meta property=\"article:modified_time\" content=\"2024-07-13T15:18:33+00:00\" \/>\n<meta property=\"og:image\" content=\"https:\/\/www.campingdebocht.nl\/wp-content\/uploads\/2018\/04\/zwembad-groot-300x225.jpg\" \/>\n<meta name=\"twitter:card\" content=\"summary_large_image\" \/>\n<script type=\"application\/ld+json\" class=\"yoast-schema-graph\">{\"@context\":\"https:\\\/\\\/schema.org\",\"@graph\":[{\"@type\":\"WebPage\",\"@id\":\"https:\\\/\\\/www.campingdebocht.nl\\\/de\\\/einrichtungen\\\/\",\"url\":\"https:\\\/\\\/www.campingdebocht.nl\\\/de\\\/einrichtungen\\\/\",\"name\":\"Einrichtungen - Camping De Bocht\",\"isPartOf\":{\"@id\":\"https:\\\/\\\/www.campingdebocht.nl\\\/#website\"},\"primaryImageOfPage\":{\"@id\":\"https:\\\/\\\/www.campingdebocht.nl\\\/de\\\/einrichtungen\\\/#primaryimage\"},\"image\":{\"@id\":\"https:\\\/\\\/www.campingdebocht.nl\\\/de\\\/einrichtungen\\\/#primaryimage\"},\"thumbnailUrl\":\"https:\\\/\\\/www.campingdebocht.nl\\\/wp-content\\\/uploads\\\/2018\\\/04\\\/zwembad-groot-300x225.jpg\",\"datePublished\":\"2021-01-13T19:43:59+00:00\",\"dateModified\":\"2024-07-13T15:18:33+00:00\",\"breadcrumb\":{\"@id\":\"https:\\\/\\\/www.campingdebocht.nl\\\/de\\\/einrichtungen\\\/#breadcrumb\"},\"inLanguage\":\"de\",\"potentialAction\":[{\"@type\":\"ReadAction\",\"target\":[\"https:\\\/\\\/www.campingdebocht.nl\\\/de\\\/einrichtungen\\\/\"]}]},{\"@type\":\"ImageObject\",\"inLanguage\":\"de\",\"@id\":\"https:\\\/\\\/www.campingdebocht.nl\\\/de\\\/einrichtungen\\\/#primaryimage\",\"url\":\"https:\\\/\\\/www.campingdebocht.nl\\\/wp-content\\\/uploads\\\/2018\\\/04\\\/zwembad-groot-300x225.jpg\",\"contentUrl\":\"https:\\\/\\\/www.campingdebocht.nl\\\/wp-content\\\/uploads\\\/2018\\\/04\\\/zwembad-groot-300x225.jpg\"},{\"@type\":\"BreadcrumbList\",\"@id\":\"https:\\\/\\\/www.campingdebocht.nl\\\/de\\\/einrichtungen\\\/#breadcrumb\",\"itemListElement\":[{\"@type\":\"ListItem\",\"position\":1,\"name\":\"Home\",\"item\":\"https:\\\/\\\/www.campingdebocht.nl\\\/de\\\/\"},{\"@type\":\"ListItem\",\"position\":2,\"name\":\"Einrichtungen\"}]},{\"@type\":\"WebSite\",\"@id\":\"https:\\\/\\\/www.campingdebocht.nl\\\/#website\",\"url\":\"https:\\\/\\\/www.campingdebocht.nl\\\/\",\"name\":\"Camping De Bocht\",\"description\":\"\",\"publisher\":{\"@id\":\"https:\\\/\\\/www.campingdebocht.nl\\\/#organization\"},\"potentialAction\":[{\"@type\":\"SearchAction\",\"target\":{\"@type\":\"EntryPoint\",\"urlTemplate\":\"https:\\\/\\\/www.campingdebocht.nl\\\/?s={search_term_string}\"},\"query-input\":{\"@type\":\"PropertyValueSpecification\",\"valueRequired\":true,\"valueName\":\"search_term_string\"}}],\"inLanguage\":\"de\"},{\"@type\":\"Organization\",\"@id\":\"https:\\\/\\\/www.campingdebocht.nl\\\/#organization\",\"name\":\"Camping De Bocht\",\"url\":\"https:\\\/\\\/www.campingdebocht.nl\\\/\",\"logo\":{\"@type\":\"ImageObject\",\"inLanguage\":\"de\",\"@id\":\"https:\\\/\\\/www.campingdebocht.nl\\\/#\\\/schema\\\/logo\\\/image\\\/\",\"url\":\"https:\\\/\\\/www.campingdebocht.nl\\\/wp-content\\\/uploads\\\/2018\\\/03\\\/logo.png\",\"contentUrl\":\"https:\\\/\\\/www.campingdebocht.nl\\\/wp-content\\\/uploads\\\/2018\\\/03\\\/logo.png\",\"width\":160,\"height\":101,\"caption\":\"Camping De Bocht\"},\"image\":{\"@id\":\"https:\\\/\\\/www.campingdebocht.nl\\\/#\\\/schema\\\/logo\\\/image\\\/\"},\"sameAs\":[\"https:\\\/\\\/www.facebook.com\\\/DeBocht\\\/\",\"https:\\\/\\\/www.youtube.com\\\/channel\\\/UCGfdDFj8qB5BdynzAA8AD7Q\"]}]}<\/script>\n<!-- \/ Yoast SEO plugin. -->","yoast_head_json":{"title":"Einrichtungen - Camping De Bocht","robots":{"index":"index","follow":"follow","max-snippet":"max-snippet:-1","max-image-preview":"max-image-preview:large","max-video-preview":"max-video-preview:-1"},"canonical":"https:\/\/www.campingdebocht.nl\/de\/einrichtungen\/","og_locale":"de_DE","og_type":"article","og_title":"Einrichtungen - Camping De Bocht","og_description":"Einrichtungen am Campingplatz mit einem Schwimmbad und Spielplatz Pfannkuchenrestaurant mit Terrasse Die Einrichtungen auf unserem Kindercampingplatz werden sicherlich einen angenehmen Aufenthalt aller G\u00e4ste garantieren. Kleine G\u00e4ste k\u00f6nnen sich zum Beispiel am Spielplatz am Campingplatz oder im herrlichen Camping-Pool am\u00fcsieren. Dar\u00fcber hinaus, bietet der Campingplatz Fahrradverleih, damit Familien eine sch\u00f6ne Radtour durch die wundersch\u00f6ne Brabanter Natur [&hellip;]","og_url":"https:\/\/www.campingdebocht.nl\/de\/einrichtungen\/","og_site_name":"Camping De Bocht","article_publisher":"https:\/\/www.facebook.com\/DeBocht\/","article_modified_time":"2024-07-13T15:18:33+00:00","og_image":[{"url":"https:\/\/www.campingdebocht.nl\/wp-content\/uploads\/2018\/04\/zwembad-groot-300x225.jpg","type":"","width":"","height":""}],"twitter_card":"summary_large_image","schema":{"@context":"https:\/\/schema.org","@graph":[{"@type":"WebPage","@id":"https:\/\/www.campingdebocht.nl\/de\/einrichtungen\/","url":"https:\/\/www.campingdebocht.nl\/de\/einrichtungen\/","name":"Einrichtungen - Camping De Bocht","isPartOf":{"@id":"https:\/\/www.campingdebocht.nl\/#website"},"primaryImageOfPage":{"@id":"https:\/\/www.campingdebocht.nl\/de\/einrichtungen\/#primaryimage"},"image":{"@id":"https:\/\/www.campingdebocht.nl\/de\/einrichtungen\/#primaryimage"},"thumbnailUrl":"https:\/\/www.campingdebocht.nl\/wp-content\/uploads\/2018\/04\/zwembad-groot-300x225.jpg","datePublished":"2021-01-13T19:43:59+00:00","dateModified":"2024-07-13T15:18:33+00:00","breadcrumb":{"@id":"https:\/\/www.campingdebocht.nl\/de\/einrichtungen\/#breadcrumb"},"inLanguage":"de","potentialAction":[{"@type":"ReadAction","target":["https:\/\/www.campingdebocht.nl\/de\/einrichtungen\/"]}]},{"@type":"ImageObject","inLanguage":"de","@id":"https:\/\/www.campingdebocht.nl\/de\/einrichtungen\/#primaryimage","url":"https:\/\/www.campingdebocht.nl\/wp-content\/uploads\/2018\/04\/zwembad-groot-300x225.jpg","contentUrl":"https:\/\/www.campingdebocht.nl\/wp-content\/uploads\/2018\/04\/zwembad-groot-300x225.jpg"},{"@type":"BreadcrumbList","@id":"https:\/\/www.campingdebocht.nl\/de\/einrichtungen\/#breadcrumb","itemListElement":[{"@type":"ListItem","position":1,"name":"Home","item":"https:\/\/www.campingdebocht.nl\/de\/"},{"@type":"ListItem","position":2,"name":"Einrichtungen"}]},{"@type":"WebSite","@id":"https:\/\/www.campingdebocht.nl\/#website","url":"https:\/\/www.campingdebocht.nl\/","name":"Camping De Bocht","description":"","publisher":{"@id":"https:\/\/www.campingdebocht.nl\/#organization"},"potentialAction":[{"@type":"SearchAction","target":{"@type":"EntryPoint","urlTemplate":"https:\/\/www.campingdebocht.nl\/?s={search_term_string}"},"query-input":{"@type":"PropertyValueSpecification","valueRequired":true,"valueName":"search_term_string"}}],"inLanguage":"de"},{"@type":"Organization","@id":"https:\/\/www.campingdebocht.nl\/#organization","name":"Camping De Bocht","url":"https:\/\/www.campingdebocht.nl\/","logo":{"@type":"ImageObject","inLanguage":"de","@id":"https:\/\/www.campingdebocht.nl\/#\/schema\/logo\/image\/","url":"https:\/\/www.campingdebocht.nl\/wp-content\/uploads\/2018\/03\/logo.png","contentUrl":"https:\/\/www.campingdebocht.nl\/wp-content\/uploads\/2018\/03\/logo.png","width":160,"height":101,"caption":"Camping De Bocht"},"image":{"@id":"https:\/\/www.campingdebocht.nl\/#\/schema\/logo\/image\/"},"sameAs":["https:\/\/www.facebook.com\/DeBocht\/","https:\/\/www.youtube.com\/channel\/UCGfdDFj8qB5BdynzAA8AD7Q"]}]}},"_links":{"self":[{"href":"https:\/\/www.campingdebocht.nl\/de\/wp-json\/wp\/v2\/pages\/1418","targetHints":{"allow":["GET"]}}],"collection":[{"href":"https:\/\/www.campingdebocht.nl\/de\/wp-json\/wp\/v2\/pages"}],"about":[{"href":"https:\/\/www.campingdebocht.nl\/de\/wp-json\/wp\/v2\/types\/page"}],"author":[{"embeddable":true,"href":"https:\/\/www.campingdebocht.nl\/de\/wp-json\/wp\/v2\/users\/1"}],"replies":[{"embeddable":true,"href":"https:\/\/www.campingdebocht.nl\/de\/wp-json\/wp\/v2\/comments?post=1418"}],"version-history":[{"count":9,"href":"https:\/\/www.campingdebocht.nl\/de\/wp-json\/wp\/v2\/pages\/1418\/revisions"}],"predecessor-version":[{"id":2643,"href":"https:\/\/www.campingdebocht.nl\/de\/wp-json\/wp\/v2\/pages\/1418\/revisions\/2643"}],"wp:attachment":[{"href":"https:\/\/www.campingdebocht.nl\/de\/wp-json\/wp\/v2\/media?parent=1418"}],"curies":[{"name":"wp","href":"https:\/\/api.w.org\/{rel}","templated":true}]}}