{"id":1414,"date":"2021-01-13T19:28:36","date_gmt":"2021-01-13T19:28:36","guid":{"rendered":"https:\/\/www.campingdebocht.nl\/?page_id=1414"},"modified":"2021-10-03T13:15:07","modified_gmt":"2021-10-03T13:15:07","slug":"jahresplaetze","status":"publish","type":"page","link":"https:\/\/www.campingdebocht.nl\/de\/jahresplaetze\/","title":{"rendered":"Jahrespl\u00e4tze"},"content":{"rendered":"<h1><strong>Jahrespl\u00e4tze in Brabant<\/strong><\/h1>\n<p>Wann immer Sie m\u00f6chten, k\u00f6nnen Sie dem Alltagsstress entfliehen. Mit Ihrem Auto erreichen Sie in k\u00fcrzester Zeit Ihr \u2018zweites Haus\u2018. Nach einer langen Arbeitswoche Ihre Wochenendtasche packen und sich auf Ihrem <strong>sch\u00f6nen Jahresplatz <\/strong>auf unserem Campingplatz entspannen? Ist das Musik in Ihren Ohren? Dann sind Sie auf Camping De Bocht in Oirschot an der richtigen Adresse f\u00fcr <strong>Saisonpl\u00e4tze und Jahrespl\u00e4tze. <\/strong><\/p>\n<h2><strong>Saisonplatz auf Camping De Bocht<\/strong><\/h2>\n<p>Der grosse Vorteil eines Saison- oder Jahresplatzes ist nat\u00fcrlich, dass Sie Ihren Urlaub geniessen k\u00f6nnen, wann es Ihnen am besten passt. Sie k\u00f6nnen einen Saisonplatz f\u00fcr verschiedene Perioden mieten. Sehen Sie unsere Preisliste f\u00fcr weitere Informationen.<\/p>\n<p>Egal ob Sie einen sch\u00f6nen Fr\u00fchling, einen hei\u00dfen Sommer oder einen wundersch\u00f6nen Herbst in Ihrem Wohnwagen, Caravan oder Zelt geniessen m\u00f6chten: Camping De Bocht ist die richtige Adresse f\u00fcr einen fantastischen Saisonplatz in einer Saison Ihrer Wahl.<\/p>\n<h2><strong>Jahresplatz auf Camping De Bocht<\/strong><\/h2>\n<p>Ein Jahresplatz f\u00fcr einen Caravan, Wohnwagen oder ein Chalet k\u00f6nnen Sie logischerweise f\u00fcr einen Zeitraum eines ganzen Jahres mieten. Der Jahresplatz l\u00e4uft vom 1. Januar bis zum 31. Dezember. Ein Jahresplatz garantiert das ganze Jahr \u00fcber eine herrliche Urlaubsadresse zu einem attraktiven Preis!<\/p>\n","protected":false},"excerpt":{"rendered":"<p>Jahrespl\u00e4tze in Brabant Wann immer Sie m\u00f6chten, k\u00f6nnen Sie dem Alltagsstress entfliehen. Mit Ihrem Auto erreichen Sie in k\u00fcrzester Zeit Ihr \u2018zweites Haus\u2018. Nach einer langen Arbeitswoche Ihre Wochenendtasche packen und sich auf Ihrem sch\u00f6nen Jahresplatz auf unserem Campingplatz entspannen? Ist das Musik in Ihren Ohren? Dann sind Sie auf Camping De Bocht in Oirschot [&hellip;]<\/p>\n","protected":false},"author":1,"featured_media":0,"parent":0,"menu_order":60,"comment_status":"closed","ping_status":"closed","template":"template-sidebar.php","meta":{"_acf_changed":false,"footnotes":""},"class_list":["post-1414","page","type-page","status-publish","hentry"],"acf":[],"yoast_head":"<!-- This site is optimized with the Yoast SEO plugin v27.5 - https:\/\/yoast.com\/product\/yoast-seo-wordpress\/ -->\n<title>Jahrespl\u00e4tze - Camping De Bocht<\/title>\n<meta name=\"robots\" content=\"index, follow, max-snippet:-1, max-image-preview:large, max-video-preview:-1\" \/>\n<link rel=\"canonical\" href=\"https:\/\/www.campingdebocht.nl\/de\/jahresplaetze\/\" \/>\n<meta property=\"og:locale\" content=\"de_DE\" \/>\n<meta property=\"og:type\" content=\"article\" \/>\n<meta property=\"og:title\" content=\"Jahrespl\u00e4tze - Camping De Bocht\" \/>\n<meta property=\"og:description\" content=\"Jahrespl\u00e4tze in Brabant Wann immer Sie m\u00f6chten, k\u00f6nnen Sie dem Alltagsstress entfliehen. Mit Ihrem Auto erreichen Sie in k\u00fcrzester Zeit Ihr \u2018zweites Haus\u2018. Nach einer langen Arbeitswoche Ihre Wochenendtasche packen und sich auf Ihrem sch\u00f6nen Jahresplatz auf unserem Campingplatz entspannen? Ist das Musik in Ihren Ohren? Dann sind Sie auf Camping De Bocht in Oirschot [&hellip;]\" \/>\n<meta property=\"og:url\" content=\"https:\/\/www.campingdebocht.nl\/de\/jahresplaetze\/\" \/>\n<meta property=\"og:site_name\" content=\"Camping De Bocht\" \/>\n<meta property=\"article:publisher\" content=\"https:\/\/www.facebook.com\/DeBocht\/\" \/>\n<meta property=\"article:modified_time\" content=\"2021-10-03T13:15:07+00:00\" \/>\n<meta property=\"og:image\" content=\"https:\/\/www.campingdebocht.nl\/wp-content\/uploads\/2018\/12\/camping-de-bocht-social.png\" \/>\n\t<meta property=\"og:image:width\" content=\"1200\" \/>\n\t<meta property=\"og:image:height\" content=\"630\" \/>\n\t<meta property=\"og:image:type\" content=\"image\/png\" \/>\n<meta name=\"twitter:card\" content=\"summary_large_image\" \/>\n<script type=\"application\/ld+json\" class=\"yoast-schema-graph\">{\"@context\":\"https:\\\/\\\/schema.org\",\"@graph\":[{\"@type\":\"WebPage\",\"@id\":\"https:\\\/\\\/www.campingdebocht.nl\\\/de\\\/jahresplaetze\\\/\",\"url\":\"https:\\\/\\\/www.campingdebocht.nl\\\/de\\\/jahresplaetze\\\/\",\"name\":\"Jahrespl\u00e4tze - Camping De Bocht\",\"isPartOf\":{\"@id\":\"https:\\\/\\\/www.campingdebocht.nl\\\/#website\"},\"datePublished\":\"2021-01-13T19:28:36+00:00\",\"dateModified\":\"2021-10-03T13:15:07+00:00\",\"breadcrumb\":{\"@id\":\"https:\\\/\\\/www.campingdebocht.nl\\\/de\\\/jahresplaetze\\\/#breadcrumb\"},\"inLanguage\":\"de\",\"potentialAction\":[{\"@type\":\"ReadAction\",\"target\":[\"https:\\\/\\\/www.campingdebocht.nl\\\/de\\\/jahresplaetze\\\/\"]}]},{\"@type\":\"BreadcrumbList\",\"@id\":\"https:\\\/\\\/www.campingdebocht.nl\\\/de\\\/jahresplaetze\\\/#breadcrumb\",\"itemListElement\":[{\"@type\":\"ListItem\",\"position\":1,\"name\":\"Home\",\"item\":\"https:\\\/\\\/www.campingdebocht.nl\\\/de\\\/\"},{\"@type\":\"ListItem\",\"position\":2,\"name\":\"Jahrespl\u00e4tze\"}]},{\"@type\":\"WebSite\",\"@id\":\"https:\\\/\\\/www.campingdebocht.nl\\\/#website\",\"url\":\"https:\\\/\\\/www.campingdebocht.nl\\\/\",\"name\":\"Camping De Bocht\",\"description\":\"\",\"publisher\":{\"@id\":\"https:\\\/\\\/www.campingdebocht.nl\\\/#organization\"},\"potentialAction\":[{\"@type\":\"SearchAction\",\"target\":{\"@type\":\"EntryPoint\",\"urlTemplate\":\"https:\\\/\\\/www.campingdebocht.nl\\\/?s={search_term_string}\"},\"query-input\":{\"@type\":\"PropertyValueSpecification\",\"valueRequired\":true,\"valueName\":\"search_term_string\"}}],\"inLanguage\":\"de\"},{\"@type\":\"Organization\",\"@id\":\"https:\\\/\\\/www.campingdebocht.nl\\\/#organization\",\"name\":\"Camping De Bocht\",\"url\":\"https:\\\/\\\/www.campingdebocht.nl\\\/\",\"logo\":{\"@type\":\"ImageObject\",\"inLanguage\":\"de\",\"@id\":\"https:\\\/\\\/www.campingdebocht.nl\\\/#\\\/schema\\\/logo\\\/image\\\/\",\"url\":\"https:\\\/\\\/www.campingdebocht.nl\\\/wp-content\\\/uploads\\\/2018\\\/03\\\/logo.png\",\"contentUrl\":\"https:\\\/\\\/www.campingdebocht.nl\\\/wp-content\\\/uploads\\\/2018\\\/03\\\/logo.png\",\"width\":160,\"height\":101,\"caption\":\"Camping De Bocht\"},\"image\":{\"@id\":\"https:\\\/\\\/www.campingdebocht.nl\\\/#\\\/schema\\\/logo\\\/image\\\/\"},\"sameAs\":[\"https:\\\/\\\/www.facebook.com\\\/DeBocht\\\/\",\"https:\\\/\\\/www.youtube.com\\\/channel\\\/UCGfdDFj8qB5BdynzAA8AD7Q\"]}]}<\/script>\n<!-- \/ Yoast SEO plugin. -->","yoast_head_json":{"title":"Jahrespl\u00e4tze - Camping De Bocht","robots":{"index":"index","follow":"follow","max-snippet":"max-snippet:-1","max-image-preview":"max-image-preview:large","max-video-preview":"max-video-preview:-1"},"canonical":"https:\/\/www.campingdebocht.nl\/de\/jahresplaetze\/","og_locale":"de_DE","og_type":"article","og_title":"Jahrespl\u00e4tze - Camping De Bocht","og_description":"Jahrespl\u00e4tze in Brabant Wann immer Sie m\u00f6chten, k\u00f6nnen Sie dem Alltagsstress entfliehen. Mit Ihrem Auto erreichen Sie in k\u00fcrzester Zeit Ihr \u2018zweites Haus\u2018. Nach einer langen Arbeitswoche Ihre Wochenendtasche packen und sich auf Ihrem sch\u00f6nen Jahresplatz auf unserem Campingplatz entspannen? Ist das Musik in Ihren Ohren? Dann sind Sie auf Camping De Bocht in Oirschot [&hellip;]","og_url":"https:\/\/www.campingdebocht.nl\/de\/jahresplaetze\/","og_site_name":"Camping De Bocht","article_publisher":"https:\/\/www.facebook.com\/DeBocht\/","article_modified_time":"2021-10-03T13:15:07+00:00","og_image":[{"width":1200,"height":630,"url":"https:\/\/www.campingdebocht.nl\/wp-content\/uploads\/2018\/12\/camping-de-bocht-social.png","type":"image\/png"}],"twitter_card":"summary_large_image","schema":{"@context":"https:\/\/schema.org","@graph":[{"@type":"WebPage","@id":"https:\/\/www.campingdebocht.nl\/de\/jahresplaetze\/","url":"https:\/\/www.campingdebocht.nl\/de\/jahresplaetze\/","name":"Jahrespl\u00e4tze - Camping De Bocht","isPartOf":{"@id":"https:\/\/www.campingdebocht.nl\/#website"},"datePublished":"2021-01-13T19:28:36+00:00","dateModified":"2021-10-03T13:15:07+00:00","breadcrumb":{"@id":"https:\/\/www.campingdebocht.nl\/de\/jahresplaetze\/#breadcrumb"},"inLanguage":"de","potentialAction":[{"@type":"ReadAction","target":["https:\/\/www.campingdebocht.nl\/de\/jahresplaetze\/"]}]},{"@type":"BreadcrumbList","@id":"https:\/\/www.campingdebocht.nl\/de\/jahresplaetze\/#breadcrumb","itemListElement":[{"@type":"ListItem","position":1,"name":"Home","item":"https:\/\/www.campingdebocht.nl\/de\/"},{"@type":"ListItem","position":2,"name":"Jahrespl\u00e4tze"}]},{"@type":"WebSite","@id":"https:\/\/www.campingdebocht.nl\/#website","url":"https:\/\/www.campingdebocht.nl\/","name":"Camping De Bocht","description":"","publisher":{"@id":"https:\/\/www.campingdebocht.nl\/#organization"},"potentialAction":[{"@type":"SearchAction","target":{"@type":"EntryPoint","urlTemplate":"https:\/\/www.campingdebocht.nl\/?s={search_term_string}"},"query-input":{"@type":"PropertyValueSpecification","valueRequired":true,"valueName":"search_term_string"}}],"inLanguage":"de"},{"@type":"Organization","@id":"https:\/\/www.campingdebocht.nl\/#organization","name":"Camping De Bocht","url":"https:\/\/www.campingdebocht.nl\/","logo":{"@type":"ImageObject","inLanguage":"de","@id":"https:\/\/www.campingdebocht.nl\/#\/schema\/logo\/image\/","url":"https:\/\/www.campingdebocht.nl\/wp-content\/uploads\/2018\/03\/logo.png","contentUrl":"https:\/\/www.campingdebocht.nl\/wp-content\/uploads\/2018\/03\/logo.png","width":160,"height":101,"caption":"Camping De Bocht"},"image":{"@id":"https:\/\/www.campingdebocht.nl\/#\/schema\/logo\/image\/"},"sameAs":["https:\/\/www.facebook.com\/DeBocht\/","https:\/\/www.youtube.com\/channel\/UCGfdDFj8qB5BdynzAA8AD7Q"]}]}},"_links":{"self":[{"href":"https:\/\/www.campingdebocht.nl\/de\/wp-json\/wp\/v2\/pages\/1414","targetHints":{"allow":["GET"]}}],"collection":[{"href":"https:\/\/www.campingdebocht.nl\/de\/wp-json\/wp\/v2\/pages"}],"about":[{"href":"https:\/\/www.campingdebocht.nl\/de\/wp-json\/wp\/v2\/types\/page"}],"author":[{"embeddable":true,"href":"https:\/\/www.campingdebocht.nl\/de\/wp-json\/wp\/v2\/users\/1"}],"replies":[{"embeddable":true,"href":"https:\/\/www.campingdebocht.nl\/de\/wp-json\/wp\/v2\/comments?post=1414"}],"version-history":[{"count":5,"href":"https:\/\/www.campingdebocht.nl\/de\/wp-json\/wp\/v2\/pages\/1414\/revisions"}],"predecessor-version":[{"id":1928,"href":"https:\/\/www.campingdebocht.nl\/de\/wp-json\/wp\/v2\/pages\/1414\/revisions\/1928"}],"wp:attachment":[{"href":"https:\/\/www.campingdebocht.nl\/de\/wp-json\/wp\/v2\/media?parent=1414"}],"curies":[{"name":"wp","href":"https:\/\/api.w.org\/{rel}","templated":true}]}}