{"id":1411,"date":"2020-06-12T08:26:59","date_gmt":"2020-06-12T08:26:59","guid":{"rendered":"https:\/\/www.campingdebocht.nl\/covid-19-maatregelen\/"},"modified":"2021-10-03T12:59:32","modified_gmt":"2021-10-03T12:59:32","slug":"covid-19-maatregelen","status":"publish","type":"page","link":"https:\/\/www.campingdebocht.nl\/de\/covid-19-maatregelen\/","title":{"rendered":"COVID-19 Ma\u00dfnahmen"},"content":{"rendered":"<h1>Unsere Ma\u00dfnahmen gegen das Corona-Virus<\/h1>\n<p>Auf unserem Campingplatz m\u00fcssen Sie die nationalen Ma\u00dfnahmen des RIVM befolgen. Wir haben sie hier f\u00fcr Sie aufgelistet:<\/p>\n<ul>\n<li>Bleiben Sie zu Hause, wenn Sie Symptome haben<\/li>\n<li>Keine H\u00e4nde sch\u00fctteln<\/li>\n<li>Husten und Niesen in die Innenseite des Ellenbogens<\/li>\n<li>Waschen Sie Ihre H\u00e4nde oft mit Wasser und Seife<\/li>\n<li>Verwenden Sie Papiertaschent\u00fccher um sich die Nase zu putzen und werfen Sie sie dann weg<\/li>\n<\/ul>\n<h2><strong>Toilettengeb\u00e4ude<\/strong><\/h2>\n<p>Dar\u00fcber hinaus haben wir im Toilettengeb\u00e4ude einige zus\u00e4tzliche Ma\u00dfnahmen ergriffen:<\/p>\n<ul>\n<li>Maximal 1 Person pro Raum, ausgen. des Abwaschbereichs<\/li>\n<li>Geben Sie sich gegenseitig Platz zum Passieren, wenn n\u00f6tig m\u00fcssen Sie den Raum verlassen.<\/li>\n<li>Im Falle einer Warteschlange, warten Sie draussen<\/li>\n<li>Hinterlassen Sie das Geb\u00e4ude so sauber und trocken wie m\u00f6glich<\/li>\n<\/ul>\n<h2><strong>Schwimmbad<\/strong><\/h2>\n<p>Das Schwimmbad ist dieses Jahr (wie in anderen Jahren) in Juli und August ge\u00f6ffnet. Es gibt zus\u00e4tzliche Ma\u00dfnahmen f\u00fcr das Schwimmbad:<\/p>\n<ul>\n<li>Das Schwimmbad hat eine maximale Besucheranzahl von 20 Personen<\/li>\n<li>Kein Eintritt f\u00fcr Personen die in den vergangenen zwei Wochen Corona-Symptome hatten<\/li>\n<li>Auch im Wasser Abstand halten<\/li>\n<li>Schwimmwindeln sind nur im Kinderbecken erlaubt<\/li>\n<li>Kein Poolwasserschlucken<\/li>\n<li>Die Verwendung von Wasserpistolen und anderen Zerst\u00e4ubungsgegenst\u00e4nden ist verboten.<\/li>\n<\/ul>\n<p>&nbsp;<\/p>\n","protected":false},"excerpt":{"rendered":"<p>Unsere Ma\u00dfnahmen gegen das Corona-Virus Auf unserem Campingplatz m\u00fcssen Sie die nationalen Ma\u00dfnahmen des RIVM befolgen. Wir haben sie hier f\u00fcr Sie aufgelistet: Bleiben Sie zu Hause, wenn Sie Symptome haben Keine H\u00e4nde sch\u00fctteln Husten und Niesen in die Innenseite des Ellenbogens Waschen Sie Ihre H\u00e4nde oft mit Wasser und Seife Verwenden Sie Papiertaschent\u00fccher um [&hellip;]<\/p>\n","protected":false},"author":1,"featured_media":0,"parent":0,"menu_order":0,"comment_status":"closed","ping_status":"closed","template":"","meta":{"_acf_changed":false,"footnotes":""},"class_list":["post-1411","page","type-page","status-publish","hentry"],"acf":[],"yoast_head":"<!-- This site is optimized with the Yoast SEO plugin v27.5 - https:\/\/yoast.com\/product\/yoast-seo-wordpress\/ -->\n<title>COVID-19 Ma\u00dfnahmen bij Camping De Bocht Oirschot<\/title>\n<meta name=\"description\" content=\"Onze maatregelen tegen het Corona-virus leest u hier. Samen zorgen we voor een veilige en ontspannen vakantie op onze camping.\" \/>\n<meta name=\"robots\" content=\"index, follow, max-snippet:-1, max-image-preview:large, max-video-preview:-1\" \/>\n<link rel=\"canonical\" href=\"https:\/\/www.campingdebocht.nl\/de\/covid-19-maatregelen\/\" \/>\n<meta property=\"og:locale\" content=\"de_DE\" \/>\n<meta property=\"og:type\" content=\"article\" \/>\n<meta property=\"og:title\" content=\"COVID-19 Ma\u00dfnahmen bij Camping De Bocht Oirschot\" \/>\n<meta property=\"og:description\" content=\"Onze maatregelen tegen het Corona-virus leest u hier. Samen zorgen we voor een veilige en ontspannen vakantie op onze camping.\" \/>\n<meta property=\"og:url\" content=\"https:\/\/www.campingdebocht.nl\/de\/covid-19-maatregelen\/\" \/>\n<meta property=\"og:site_name\" content=\"Camping De Bocht\" \/>\n<meta property=\"article:publisher\" content=\"https:\/\/www.facebook.com\/DeBocht\/\" \/>\n<meta property=\"article:modified_time\" content=\"2021-10-03T12:59:32+00:00\" \/>\n<meta property=\"og:image\" content=\"https:\/\/www.campingdebocht.nl\/wp-content\/uploads\/2018\/12\/camping-de-bocht-social.png\" \/>\n\t<meta property=\"og:image:width\" content=\"1200\" \/>\n\t<meta property=\"og:image:height\" content=\"630\" \/>\n\t<meta property=\"og:image:type\" content=\"image\/png\" \/>\n<meta name=\"twitter:card\" content=\"summary_large_image\" \/>\n<script type=\"application\/ld+json\" class=\"yoast-schema-graph\">{\"@context\":\"https:\\\/\\\/schema.org\",\"@graph\":[{\"@type\":\"WebPage\",\"@id\":\"https:\\\/\\\/www.campingdebocht.nl\\\/de\\\/covid-19-maatregelen\\\/\",\"url\":\"https:\\\/\\\/www.campingdebocht.nl\\\/de\\\/covid-19-maatregelen\\\/\",\"name\":\"COVID-19 Ma\u00dfnahmen bij Camping De Bocht Oirschot\",\"isPartOf\":{\"@id\":\"https:\\\/\\\/www.campingdebocht.nl\\\/#website\"},\"datePublished\":\"2020-06-12T08:26:59+00:00\",\"dateModified\":\"2021-10-03T12:59:32+00:00\",\"description\":\"Onze maatregelen tegen het Corona-virus leest u hier. Samen zorgen we voor een veilige en ontspannen vakantie op onze camping.\",\"breadcrumb\":{\"@id\":\"https:\\\/\\\/www.campingdebocht.nl\\\/de\\\/covid-19-maatregelen\\\/#breadcrumb\"},\"inLanguage\":\"de\",\"potentialAction\":[{\"@type\":\"ReadAction\",\"target\":[\"https:\\\/\\\/www.campingdebocht.nl\\\/de\\\/covid-19-maatregelen\\\/\"]}]},{\"@type\":\"BreadcrumbList\",\"@id\":\"https:\\\/\\\/www.campingdebocht.nl\\\/de\\\/covid-19-maatregelen\\\/#breadcrumb\",\"itemListElement\":[{\"@type\":\"ListItem\",\"position\":1,\"name\":\"Home\",\"item\":\"https:\\\/\\\/www.campingdebocht.nl\\\/de\\\/\"},{\"@type\":\"ListItem\",\"position\":2,\"name\":\"COVID-19 Ma\u00dfnahmen\"}]},{\"@type\":\"WebSite\",\"@id\":\"https:\\\/\\\/www.campingdebocht.nl\\\/#website\",\"url\":\"https:\\\/\\\/www.campingdebocht.nl\\\/\",\"name\":\"Camping De Bocht\",\"description\":\"\",\"publisher\":{\"@id\":\"https:\\\/\\\/www.campingdebocht.nl\\\/#organization\"},\"potentialAction\":[{\"@type\":\"SearchAction\",\"target\":{\"@type\":\"EntryPoint\",\"urlTemplate\":\"https:\\\/\\\/www.campingdebocht.nl\\\/?s={search_term_string}\"},\"query-input\":{\"@type\":\"PropertyValueSpecification\",\"valueRequired\":true,\"valueName\":\"search_term_string\"}}],\"inLanguage\":\"de\"},{\"@type\":\"Organization\",\"@id\":\"https:\\\/\\\/www.campingdebocht.nl\\\/#organization\",\"name\":\"Camping De Bocht\",\"url\":\"https:\\\/\\\/www.campingdebocht.nl\\\/\",\"logo\":{\"@type\":\"ImageObject\",\"inLanguage\":\"de\",\"@id\":\"https:\\\/\\\/www.campingdebocht.nl\\\/#\\\/schema\\\/logo\\\/image\\\/\",\"url\":\"https:\\\/\\\/www.campingdebocht.nl\\\/wp-content\\\/uploads\\\/2018\\\/03\\\/logo.png\",\"contentUrl\":\"https:\\\/\\\/www.campingdebocht.nl\\\/wp-content\\\/uploads\\\/2018\\\/03\\\/logo.png\",\"width\":160,\"height\":101,\"caption\":\"Camping De Bocht\"},\"image\":{\"@id\":\"https:\\\/\\\/www.campingdebocht.nl\\\/#\\\/schema\\\/logo\\\/image\\\/\"},\"sameAs\":[\"https:\\\/\\\/www.facebook.com\\\/DeBocht\\\/\",\"https:\\\/\\\/www.youtube.com\\\/channel\\\/UCGfdDFj8qB5BdynzAA8AD7Q\"]}]}<\/script>\n<!-- \/ Yoast SEO plugin. -->","yoast_head_json":{"title":"COVID-19 Ma\u00dfnahmen bij Camping De Bocht Oirschot","description":"Onze maatregelen tegen het Corona-virus leest u hier. Samen zorgen we voor een veilige en ontspannen vakantie op onze camping.","robots":{"index":"index","follow":"follow","max-snippet":"max-snippet:-1","max-image-preview":"max-image-preview:large","max-video-preview":"max-video-preview:-1"},"canonical":"https:\/\/www.campingdebocht.nl\/de\/covid-19-maatregelen\/","og_locale":"de_DE","og_type":"article","og_title":"COVID-19 Ma\u00dfnahmen bij Camping De Bocht Oirschot","og_description":"Onze maatregelen tegen het Corona-virus leest u hier. Samen zorgen we voor een veilige en ontspannen vakantie op onze camping.","og_url":"https:\/\/www.campingdebocht.nl\/de\/covid-19-maatregelen\/","og_site_name":"Camping De Bocht","article_publisher":"https:\/\/www.facebook.com\/DeBocht\/","article_modified_time":"2021-10-03T12:59:32+00:00","og_image":[{"width":1200,"height":630,"url":"https:\/\/www.campingdebocht.nl\/wp-content\/uploads\/2018\/12\/camping-de-bocht-social.png","type":"image\/png"}],"twitter_card":"summary_large_image","schema":{"@context":"https:\/\/schema.org","@graph":[{"@type":"WebPage","@id":"https:\/\/www.campingdebocht.nl\/de\/covid-19-maatregelen\/","url":"https:\/\/www.campingdebocht.nl\/de\/covid-19-maatregelen\/","name":"COVID-19 Ma\u00dfnahmen bij Camping De Bocht Oirschot","isPartOf":{"@id":"https:\/\/www.campingdebocht.nl\/#website"},"datePublished":"2020-06-12T08:26:59+00:00","dateModified":"2021-10-03T12:59:32+00:00","description":"Onze maatregelen tegen het Corona-virus leest u hier. Samen zorgen we voor een veilige en ontspannen vakantie op onze camping.","breadcrumb":{"@id":"https:\/\/www.campingdebocht.nl\/de\/covid-19-maatregelen\/#breadcrumb"},"inLanguage":"de","potentialAction":[{"@type":"ReadAction","target":["https:\/\/www.campingdebocht.nl\/de\/covid-19-maatregelen\/"]}]},{"@type":"BreadcrumbList","@id":"https:\/\/www.campingdebocht.nl\/de\/covid-19-maatregelen\/#breadcrumb","itemListElement":[{"@type":"ListItem","position":1,"name":"Home","item":"https:\/\/www.campingdebocht.nl\/de\/"},{"@type":"ListItem","position":2,"name":"COVID-19 Ma\u00dfnahmen"}]},{"@type":"WebSite","@id":"https:\/\/www.campingdebocht.nl\/#website","url":"https:\/\/www.campingdebocht.nl\/","name":"Camping De Bocht","description":"","publisher":{"@id":"https:\/\/www.campingdebocht.nl\/#organization"},"potentialAction":[{"@type":"SearchAction","target":{"@type":"EntryPoint","urlTemplate":"https:\/\/www.campingdebocht.nl\/?s={search_term_string}"},"query-input":{"@type":"PropertyValueSpecification","valueRequired":true,"valueName":"search_term_string"}}],"inLanguage":"de"},{"@type":"Organization","@id":"https:\/\/www.campingdebocht.nl\/#organization","name":"Camping De Bocht","url":"https:\/\/www.campingdebocht.nl\/","logo":{"@type":"ImageObject","inLanguage":"de","@id":"https:\/\/www.campingdebocht.nl\/#\/schema\/logo\/image\/","url":"https:\/\/www.campingdebocht.nl\/wp-content\/uploads\/2018\/03\/logo.png","contentUrl":"https:\/\/www.campingdebocht.nl\/wp-content\/uploads\/2018\/03\/logo.png","width":160,"height":101,"caption":"Camping De Bocht"},"image":{"@id":"https:\/\/www.campingdebocht.nl\/#\/schema\/logo\/image\/"},"sameAs":["https:\/\/www.facebook.com\/DeBocht\/","https:\/\/www.youtube.com\/channel\/UCGfdDFj8qB5BdynzAA8AD7Q"]}]}},"_links":{"self":[{"href":"https:\/\/www.campingdebocht.nl\/de\/wp-json\/wp\/v2\/pages\/1411","targetHints":{"allow":["GET"]}}],"collection":[{"href":"https:\/\/www.campingdebocht.nl\/de\/wp-json\/wp\/v2\/pages"}],"about":[{"href":"https:\/\/www.campingdebocht.nl\/de\/wp-json\/wp\/v2\/types\/page"}],"author":[{"embeddable":true,"href":"https:\/\/www.campingdebocht.nl\/de\/wp-json\/wp\/v2\/users\/1"}],"replies":[{"embeddable":true,"href":"https:\/\/www.campingdebocht.nl\/de\/wp-json\/wp\/v2\/comments?post=1411"}],"version-history":[{"count":3,"href":"https:\/\/www.campingdebocht.nl\/de\/wp-json\/wp\/v2\/pages\/1411\/revisions"}],"predecessor-version":[{"id":1920,"href":"https:\/\/www.campingdebocht.nl\/de\/wp-json\/wp\/v2\/pages\/1411\/revisions\/1920"}],"wp:attachment":[{"href":"https:\/\/www.campingdebocht.nl\/de\/wp-json\/wp\/v2\/media?parent=1411"}],"curies":[{"name":"wp","href":"https:\/\/api.w.org\/{rel}","templated":true}]}}