{"id":1407,"date":"2021-01-13T19:22:06","date_gmt":"2021-01-13T19:22:06","guid":{"rendered":"https:\/\/www.campingdebocht.nl\/?page_id=1407"},"modified":"2021-10-03T13:11:39","modified_gmt":"2021-10-03T13:11:39","slug":"wir-ueber-uns","status":"publish","type":"page","link":"https:\/\/www.campingdebocht.nl\/de\/wir-ueber-uns\/","title":{"rendered":"Wir \u00fcber uns"},"content":{"rendered":"<h1><strong>Kleiner Campingplatz in der Provinz Brabant<\/strong><\/h1>\n<p>Camping De Bocht entstand in einem Obstgarten, bei einem kleinen Lokal an der Hauptstra\u00dfe nach Boxtel. Im Laufe der Jahre ist dieser Obstgarten verloren gegangen und der Campingplatz ist gewachsen. Unser <a href=\"https:\/\/www.campingdebocht.nl\/de\/\">kleiner Campingplatz<\/a> ist gro\u00dfz\u00fcgig angelegt. Jeder hat sein eigenes Feld mit weitem Blick auf den Mittelbereich, auf dem im Sommer einige Wanderzelte stehen k\u00f6nnen. Jeder Platz verf\u00fcgt \u00fcber 10 Amp. Strom, einen TV-Anschluss, eine Wasserhahn mit Entw\u00e4sserung und es gibt viele Maste die drahtloses Internet bieten.<\/p>\n<p><strong>Camping de Bocht stammt aus den 50. Jahren und ist daher einer der \u00e4ltesten Campingpl\u00e4tze der Niederlande.<\/strong><\/p>\n<p><iframe loading=\"lazy\" src=\"https:\/\/www.youtube-nocookie.com\/embed\/Fu9oddqfoEc?rel=0\" width=\"560\" height=\"315\" frameborder=\"0\" allowfullscreen=\"allowfullscreen\" data-mce-fragment=\"1\"><\/iframe><\/p>\n<h2><strong>Kinderfreundlicher Campingplatz Brabant<\/strong><\/h2>\n<p>Unser kleiner Campingplatz ist kinderfreundlich angelegt, damit Kinder sicher auf dem Campingplatz spielen k\u00f6nnen. Nur der Eingang hat eine offene Verbindung zur \u00f6ffentlichen Stra\u00dfe. Der Spielplatz und das Schwimmbad sind eingez\u00e4unt. Das Gel\u00e4nde bietet ein Spielger\u00e4t f\u00fcr die Kleinen sowie einen Tischtennistisch f\u00fcr die Liebhaber. In den Sommerferien bieten wir Unterhaltung f\u00fcr Kinder bis 12 Jahre alt. Wir werden z.B. gemeinsam basteln, Go-Kart fahren und Spiele spielen. Pfannkuchen backen ist ein festes Ritual, an dem sowohl gro\u00df als auch klein sich beteiligen k\u00f6nnen.<\/p>\n<p><a href=\"https:\/\/www.campingdebocht.nl\/wp-content\/uploads\/2018\/04\/luchtfoto-groot.jpg\"><img loading=\"lazy\" decoding=\"async\" class=\"alignnone size-medium wp-image-483\" src=\"https:\/\/www.campingdebocht.nl\/wp-content\/uploads\/2018\/04\/luchtfoto-groot-300x225.jpg\" alt=\"Kleine camping de Bocht\" width=\"300\" height=\"225\" srcset=\"https:\/\/www.campingdebocht.nl\/wp-content\/uploads\/2018\/04\/luchtfoto-groot-300x225.jpg 300w, https:\/\/www.campingdebocht.nl\/wp-content\/uploads\/2018\/04\/luchtfoto-groot-768x576.jpg 768w, https:\/\/www.campingdebocht.nl\/wp-content\/uploads\/2018\/04\/luchtfoto-groot.jpg 1024w\" sizes=\"auto, (max-width: 300px) 100vw, 300px\" \/><\/a><\/p>\n<h2><strong>Gem\u00fctlicher kleiner Campingplatz<\/strong><\/h2>\n<p>Suchen Sie <strong>einen sch\u00f6nen, kleinen Campingplatz in Brabant <\/strong>? Dann sind Sie an der richtigen Adresse! Der idealer Ort um sich zu entspannen und dem Alltagsstress zu entfliehen. Au\u00dferhalb der Schulferien geniessen aktive G\u00e4ste sch\u00f6ne Wander- und Radtouren in dieser sch\u00f6nen Umgebung. Auf diesem Campingplatz herrscht eine freundliche Atmosph\u00e4re. Sind Sie alleine und brauchen Sie Hilfe beim Aufbau Ihres Wohnwagens? Wir sind Ihnen immer gerne behilflich!<\/p>\n<p>Die vielen Einrichtungen am Campingplatz garantieren einen angenehmen Aufenthalt. Es gibt ein <a href=\"https:\/\/www.campingdebocht.nl\/de\/einrichtungen\/\">herrliches Freibad<\/a>, gepflegte Duschen und einen sch\u00f6nen Spielplatz. Sie k\u00f6nnen bei uns einen sch\u00f6nen Wohnwagen oder <a href=\"https:\/\/www.campingdebocht.nl\/de\/chalets\/\">Chalet mieten<\/a>. Dies in Kombination mit unseren gastfreundlichen, begeisterten Mitarbeitern, macht den Aufenthalt auf unserem Campingplatz in Brabant unvergesslich!<\/p>\n<p>Auf dieser Website erfahren Sie mehr \u00fcber die M\u00f6glichkeiten, die Camping De Bocht bietet. Sie k\u00f6nnen z.B. vor\u00fcbergehend Wohnraum mieten. F\u00fcr weitere Informationen \u00fcber unseren kleinen Campingplatz in Brabant k\u00f6nnen Sie <a href=\"https:\/\/www.campingdebocht.nl\/de\/kontakt\/\">Kontakt<\/a> mit uns aufnehmen. Wir sind Ihnen gerne behilflich.<\/p>\n","protected":false},"excerpt":{"rendered":"<p>Kleiner Campingplatz in der Provinz Brabant Camping De Bocht entstand in einem Obstgarten, bei einem kleinen Lokal an der Hauptstra\u00dfe nach Boxtel. Im Laufe der Jahre ist dieser Obstgarten verloren gegangen und der Campingplatz ist gewachsen. Unser kleiner Campingplatz ist gro\u00dfz\u00fcgig angelegt. Jeder hat sein eigenes Feld mit weitem Blick auf den Mittelbereich, auf dem [&hellip;]<\/p>\n","protected":false},"author":1,"featured_media":0,"parent":0,"menu_order":50,"comment_status":"closed","ping_status":"closed","template":"template-sidebar.php","meta":{"_acf_changed":false,"footnotes":""},"class_list":["post-1407","page","type-page","status-publish","hentry"],"acf":[],"yoast_head":"<!-- This site is optimized with the Yoast SEO plugin v27.5 - https:\/\/yoast.com\/product\/yoast-seo-wordpress\/ -->\n<title>Wir \u00fcber uns - Camping De Bocht<\/title>\n<meta name=\"robots\" content=\"index, follow, max-snippet:-1, max-image-preview:large, max-video-preview:-1\" \/>\n<link rel=\"canonical\" href=\"https:\/\/www.campingdebocht.nl\/de\/wir-ueber-uns\/\" \/>\n<meta property=\"og:locale\" content=\"de_DE\" \/>\n<meta property=\"og:type\" content=\"article\" \/>\n<meta property=\"og:title\" content=\"Wir \u00fcber uns - Camping De Bocht\" \/>\n<meta property=\"og:description\" content=\"Kleiner Campingplatz in der Provinz Brabant Camping De Bocht entstand in einem Obstgarten, bei einem kleinen Lokal an der Hauptstra\u00dfe nach Boxtel. Im Laufe der Jahre ist dieser Obstgarten verloren gegangen und der Campingplatz ist gewachsen. Unser kleiner Campingplatz ist gro\u00dfz\u00fcgig angelegt. Jeder hat sein eigenes Feld mit weitem Blick auf den Mittelbereich, auf dem [&hellip;]\" \/>\n<meta property=\"og:url\" content=\"https:\/\/www.campingdebocht.nl\/de\/wir-ueber-uns\/\" \/>\n<meta property=\"og:site_name\" content=\"Camping De Bocht\" \/>\n<meta property=\"article:publisher\" content=\"https:\/\/www.facebook.com\/DeBocht\/\" \/>\n<meta property=\"article:modified_time\" content=\"2021-10-03T13:11:39+00:00\" \/>\n<meta property=\"og:image\" content=\"https:\/\/www.campingdebocht.nl\/wp-content\/uploads\/2018\/04\/luchtfoto-groot-300x225.jpg\" \/>\n<meta name=\"twitter:card\" content=\"summary_large_image\" \/>\n<script type=\"application\/ld+json\" class=\"yoast-schema-graph\">{\"@context\":\"https:\\\/\\\/schema.org\",\"@graph\":[{\"@type\":\"WebPage\",\"@id\":\"https:\\\/\\\/www.campingdebocht.nl\\\/de\\\/wir-ueber-uns\\\/\",\"url\":\"https:\\\/\\\/www.campingdebocht.nl\\\/de\\\/wir-ueber-uns\\\/\",\"name\":\"Wir \u00fcber uns - Camping De Bocht\",\"isPartOf\":{\"@id\":\"https:\\\/\\\/www.campingdebocht.nl\\\/#website\"},\"primaryImageOfPage\":{\"@id\":\"https:\\\/\\\/www.campingdebocht.nl\\\/de\\\/wir-ueber-uns\\\/#primaryimage\"},\"image\":{\"@id\":\"https:\\\/\\\/www.campingdebocht.nl\\\/de\\\/wir-ueber-uns\\\/#primaryimage\"},\"thumbnailUrl\":\"https:\\\/\\\/www.campingdebocht.nl\\\/wp-content\\\/uploads\\\/2018\\\/04\\\/luchtfoto-groot-300x225.jpg\",\"datePublished\":\"2021-01-13T19:22:06+00:00\",\"dateModified\":\"2021-10-03T13:11:39+00:00\",\"breadcrumb\":{\"@id\":\"https:\\\/\\\/www.campingdebocht.nl\\\/de\\\/wir-ueber-uns\\\/#breadcrumb\"},\"inLanguage\":\"de\",\"potentialAction\":[{\"@type\":\"ReadAction\",\"target\":[\"https:\\\/\\\/www.campingdebocht.nl\\\/de\\\/wir-ueber-uns\\\/\"]}]},{\"@type\":\"ImageObject\",\"inLanguage\":\"de\",\"@id\":\"https:\\\/\\\/www.campingdebocht.nl\\\/de\\\/wir-ueber-uns\\\/#primaryimage\",\"url\":\"https:\\\/\\\/www.campingdebocht.nl\\\/wp-content\\\/uploads\\\/2018\\\/04\\\/luchtfoto-groot-300x225.jpg\",\"contentUrl\":\"https:\\\/\\\/www.campingdebocht.nl\\\/wp-content\\\/uploads\\\/2018\\\/04\\\/luchtfoto-groot-300x225.jpg\"},{\"@type\":\"BreadcrumbList\",\"@id\":\"https:\\\/\\\/www.campingdebocht.nl\\\/de\\\/wir-ueber-uns\\\/#breadcrumb\",\"itemListElement\":[{\"@type\":\"ListItem\",\"position\":1,\"name\":\"Home\",\"item\":\"https:\\\/\\\/www.campingdebocht.nl\\\/de\\\/\"},{\"@type\":\"ListItem\",\"position\":2,\"name\":\"Wir \u00fcber uns\"}]},{\"@type\":\"WebSite\",\"@id\":\"https:\\\/\\\/www.campingdebocht.nl\\\/#website\",\"url\":\"https:\\\/\\\/www.campingdebocht.nl\\\/\",\"name\":\"Camping De Bocht\",\"description\":\"\",\"publisher\":{\"@id\":\"https:\\\/\\\/www.campingdebocht.nl\\\/#organization\"},\"potentialAction\":[{\"@type\":\"SearchAction\",\"target\":{\"@type\":\"EntryPoint\",\"urlTemplate\":\"https:\\\/\\\/www.campingdebocht.nl\\\/?s={search_term_string}\"},\"query-input\":{\"@type\":\"PropertyValueSpecification\",\"valueRequired\":true,\"valueName\":\"search_term_string\"}}],\"inLanguage\":\"de\"},{\"@type\":\"Organization\",\"@id\":\"https:\\\/\\\/www.campingdebocht.nl\\\/#organization\",\"name\":\"Camping De Bocht\",\"url\":\"https:\\\/\\\/www.campingdebocht.nl\\\/\",\"logo\":{\"@type\":\"ImageObject\",\"inLanguage\":\"de\",\"@id\":\"https:\\\/\\\/www.campingdebocht.nl\\\/#\\\/schema\\\/logo\\\/image\\\/\",\"url\":\"https:\\\/\\\/www.campingdebocht.nl\\\/wp-content\\\/uploads\\\/2018\\\/03\\\/logo.png\",\"contentUrl\":\"https:\\\/\\\/www.campingdebocht.nl\\\/wp-content\\\/uploads\\\/2018\\\/03\\\/logo.png\",\"width\":160,\"height\":101,\"caption\":\"Camping De Bocht\"},\"image\":{\"@id\":\"https:\\\/\\\/www.campingdebocht.nl\\\/#\\\/schema\\\/logo\\\/image\\\/\"},\"sameAs\":[\"https:\\\/\\\/www.facebook.com\\\/DeBocht\\\/\",\"https:\\\/\\\/www.youtube.com\\\/channel\\\/UCGfdDFj8qB5BdynzAA8AD7Q\"]}]}<\/script>\n<!-- \/ Yoast SEO plugin. -->","yoast_head_json":{"title":"Wir \u00fcber uns - Camping De Bocht","robots":{"index":"index","follow":"follow","max-snippet":"max-snippet:-1","max-image-preview":"max-image-preview:large","max-video-preview":"max-video-preview:-1"},"canonical":"https:\/\/www.campingdebocht.nl\/de\/wir-ueber-uns\/","og_locale":"de_DE","og_type":"article","og_title":"Wir \u00fcber uns - Camping De Bocht","og_description":"Kleiner Campingplatz in der Provinz Brabant Camping De Bocht entstand in einem Obstgarten, bei einem kleinen Lokal an der Hauptstra\u00dfe nach Boxtel. Im Laufe der Jahre ist dieser Obstgarten verloren gegangen und der Campingplatz ist gewachsen. Unser kleiner Campingplatz ist gro\u00dfz\u00fcgig angelegt. Jeder hat sein eigenes Feld mit weitem Blick auf den Mittelbereich, auf dem [&hellip;]","og_url":"https:\/\/www.campingdebocht.nl\/de\/wir-ueber-uns\/","og_site_name":"Camping De Bocht","article_publisher":"https:\/\/www.facebook.com\/DeBocht\/","article_modified_time":"2021-10-03T13:11:39+00:00","og_image":[{"url":"https:\/\/www.campingdebocht.nl\/wp-content\/uploads\/2018\/04\/luchtfoto-groot-300x225.jpg","type":"","width":"","height":""}],"twitter_card":"summary_large_image","schema":{"@context":"https:\/\/schema.org","@graph":[{"@type":"WebPage","@id":"https:\/\/www.campingdebocht.nl\/de\/wir-ueber-uns\/","url":"https:\/\/www.campingdebocht.nl\/de\/wir-ueber-uns\/","name":"Wir \u00fcber uns - Camping De Bocht","isPartOf":{"@id":"https:\/\/www.campingdebocht.nl\/#website"},"primaryImageOfPage":{"@id":"https:\/\/www.campingdebocht.nl\/de\/wir-ueber-uns\/#primaryimage"},"image":{"@id":"https:\/\/www.campingdebocht.nl\/de\/wir-ueber-uns\/#primaryimage"},"thumbnailUrl":"https:\/\/www.campingdebocht.nl\/wp-content\/uploads\/2018\/04\/luchtfoto-groot-300x225.jpg","datePublished":"2021-01-13T19:22:06+00:00","dateModified":"2021-10-03T13:11:39+00:00","breadcrumb":{"@id":"https:\/\/www.campingdebocht.nl\/de\/wir-ueber-uns\/#breadcrumb"},"inLanguage":"de","potentialAction":[{"@type":"ReadAction","target":["https:\/\/www.campingdebocht.nl\/de\/wir-ueber-uns\/"]}]},{"@type":"ImageObject","inLanguage":"de","@id":"https:\/\/www.campingdebocht.nl\/de\/wir-ueber-uns\/#primaryimage","url":"https:\/\/www.campingdebocht.nl\/wp-content\/uploads\/2018\/04\/luchtfoto-groot-300x225.jpg","contentUrl":"https:\/\/www.campingdebocht.nl\/wp-content\/uploads\/2018\/04\/luchtfoto-groot-300x225.jpg"},{"@type":"BreadcrumbList","@id":"https:\/\/www.campingdebocht.nl\/de\/wir-ueber-uns\/#breadcrumb","itemListElement":[{"@type":"ListItem","position":1,"name":"Home","item":"https:\/\/www.campingdebocht.nl\/de\/"},{"@type":"ListItem","position":2,"name":"Wir \u00fcber uns"}]},{"@type":"WebSite","@id":"https:\/\/www.campingdebocht.nl\/#website","url":"https:\/\/www.campingdebocht.nl\/","name":"Camping De Bocht","description":"","publisher":{"@id":"https:\/\/www.campingdebocht.nl\/#organization"},"potentialAction":[{"@type":"SearchAction","target":{"@type":"EntryPoint","urlTemplate":"https:\/\/www.campingdebocht.nl\/?s={search_term_string}"},"query-input":{"@type":"PropertyValueSpecification","valueRequired":true,"valueName":"search_term_string"}}],"inLanguage":"de"},{"@type":"Organization","@id":"https:\/\/www.campingdebocht.nl\/#organization","name":"Camping De Bocht","url":"https:\/\/www.campingdebocht.nl\/","logo":{"@type":"ImageObject","inLanguage":"de","@id":"https:\/\/www.campingdebocht.nl\/#\/schema\/logo\/image\/","url":"https:\/\/www.campingdebocht.nl\/wp-content\/uploads\/2018\/03\/logo.png","contentUrl":"https:\/\/www.campingdebocht.nl\/wp-content\/uploads\/2018\/03\/logo.png","width":160,"height":101,"caption":"Camping De Bocht"},"image":{"@id":"https:\/\/www.campingdebocht.nl\/#\/schema\/logo\/image\/"},"sameAs":["https:\/\/www.facebook.com\/DeBocht\/","https:\/\/www.youtube.com\/channel\/UCGfdDFj8qB5BdynzAA8AD7Q"]}]}},"_links":{"self":[{"href":"https:\/\/www.campingdebocht.nl\/de\/wp-json\/wp\/v2\/pages\/1407","targetHints":{"allow":["GET"]}}],"collection":[{"href":"https:\/\/www.campingdebocht.nl\/de\/wp-json\/wp\/v2\/pages"}],"about":[{"href":"https:\/\/www.campingdebocht.nl\/de\/wp-json\/wp\/v2\/types\/page"}],"author":[{"embeddable":true,"href":"https:\/\/www.campingdebocht.nl\/de\/wp-json\/wp\/v2\/users\/1"}],"replies":[{"embeddable":true,"href":"https:\/\/www.campingdebocht.nl\/de\/wp-json\/wp\/v2\/comments?post=1407"}],"version-history":[{"count":6,"href":"https:\/\/www.campingdebocht.nl\/de\/wp-json\/wp\/v2\/pages\/1407\/revisions"}],"predecessor-version":[{"id":1926,"href":"https:\/\/www.campingdebocht.nl\/de\/wp-json\/wp\/v2\/pages\/1407\/revisions\/1926"}],"wp:attachment":[{"href":"https:\/\/www.campingdebocht.nl\/de\/wp-json\/wp\/v2\/media?parent=1407"}],"curies":[{"name":"wp","href":"https:\/\/api.w.org\/{rel}","templated":true}]}}