{"id":1403,"date":"2021-01-13T19:10:58","date_gmt":"2021-01-13T19:10:58","guid":{"rendered":"https:\/\/www.campingdebocht.nl\/?page_id=1403"},"modified":"2023-03-21T10:06:19","modified_gmt":"2023-03-21T10:06:19","slug":"voruebergehend-mieten","status":"publish","type":"page","link":"https:\/\/www.campingdebocht.nl\/de\/voruebergehend-mieten\/","title":{"rendered":"Vor\u00fcbergehend mieten"},"content":{"rendered":"<h1>Vor\u00fcbergehende Unterkunft auf Camping De Bocht mieten<\/h1>\n<h2><em><span style=\"color: #ff0000;\">Leider sind alle unsere Chalets ausgeb\u00fccht bis ende 2023.<\/span><\/em><\/h2>\n<p>Auf unserem Campingplatz k\u00f6nnen Sie auch eine vor\u00fcbergehende Unterkunft mieten. Vierzehn Chalets stehen Ihnen hierzu zur Vermietung. Wir sind das ganze Jahr \u00fcber f\u00fcr alle G\u00e4ste Ihres Campingplatzes ge\u00f6ffnet. Es gibt daher immer Menschen im Park. Die Gastst\u00e4tte ist auch das ganze Jahr \u00fcber ge\u00f6ffnet. Alle Chalets befinden sich auf einem Grundst\u00fcck, umgeben von B\u00e4umen\/Str\u00e4uchern und einem Rasen vor dem Chalet mit viel Privatsph\u00e4re. Alle Chalets sind ger\u00e4umig eingerichtet. Es gibt u.a. herrliche Betten, ein gutes Badezimmer, M\u00f6beln, Fernseher, Staubsauger, Kaffeemaschine, Wasserkocher, Teller, Pfannen, Besteck usw. Deckbetten und Kissen stehen Ihnen kostenlos zur Verf\u00fcgung. Am Campingplatz befindet sich ein Waschsalon mit einer Waschmaschine, einem Trockner und einer W\u00e4scheschleuder. Wir wohnen am Campingplatz, so dass immer jemand in der N\u00e4he ist.<\/p>\n<p><img loading=\"lazy\" decoding=\"async\" class=\"alignnone size-medium wp-image-655\" src=\"https:\/\/www.campingdebocht.nl\/wp-content\/uploads\/2018\/07\/Chalet-nr-38-Web-300x225.jpg\" alt=\"Chalet nummer 38 - Camping De Bocht Oirschot\" width=\"600\" height=\"450\" srcset=\"https:\/\/www.campingdebocht.nl\/wp-content\/uploads\/2018\/07\/Chalet-nr-38-Web-300x225.jpg 300w, https:\/\/www.campingdebocht.nl\/wp-content\/uploads\/2018\/07\/Chalet-nr-38-Web-768x576.jpg 768w, https:\/\/www.campingdebocht.nl\/wp-content\/uploads\/2018\/07\/Chalet-nr-38-Web.jpg 1000w\" sizes=\"auto, (max-width: 600px) 100vw, 600px\" \/><\/p>\n<h2>Vor\u00fcbergehend im sch\u00f6nen Dorf Oirschot wohnen<\/h2>\n<p><strong>Standard-Chalet als vor\u00fcbergehende Unterkunft<\/strong><br \/>\nJe nach Modell verf\u00fcgen die Chalets \u00fcber ein oder zwei Schlafzimmer. Es gibt eine K\u00fcche mit Gasherd, Abzugshaube, K\u00fchlschrank mit Gefrierfach. Ger\u00e4umiges Wohnzimmer und ein Badezimmer mit Dusche und Toilette. Die Chalets sind gut isoliert doppelt verglast. Heizung mit Erdgas \u00fcber einen Herd im Wohnzimmer. Die Chalets sind winterfest angeschlossen und verf\u00fcgen \u00fcber einen TV-Anschluss. Drahtloses Internet (WiFi) steht Ihnen \u00fcberall zur Verf\u00fcgung. Jedes Chalet verf\u00fcgt \u00fcber einen Abstellraum oder einen Schuppen. Bei sch\u00f6nem Wetter k\u00f6nnen Sie die gepflasterte Terrasse oder den ger\u00e4umigen Rasen beim Chalet mieten. Es gibt auch Terrassenm\u00f6bel.<\/p>\n<p><strong>Luxus-Chalet mieten<\/strong><br \/>\nEin Luxus-Chalet ist wie ein Standard-Chalet, jedoch mit einem ger\u00e4umigen Badezimmer. Luxus-K\u00fcche mit K\u00fchl-Gefrier-Kombination und Kombi-Mikrowelle. Es gibt Zentralheizung. Rauchen ist nicht erlaubt.<\/p>\n<p><strong>Comfort Chalet als vor\u00fcbergehende Unterkunft<\/strong><br \/>\nDieses Chalet ist wie das Luxus-Chalet jedoch mit Geschirrsp\u00fcler. Die Comfort Plus Chalets verf\u00fcgen sogar \u00fcber Fu\u00dfbodenheizung und breitere Betten. Rauchen ist nicht erlaubt.<\/p>\n<p>Haben Sie Fragen zur Mietung einer vor\u00fcbergehenden Unterkunft auf unserem Ferienpark in Brabant. Bitte, nehmen Sie Kontakt mit uns auf: <a href=\"tel:+31499550855\">+31 <\/a><a href=\"tel:+31499550855\">499 \u2013 55 08 55<\/a> oder \u00fcber das <a href=\"https:\/\/www.campingdebocht.nl\/de\/kontakt\/\">Kontaktformular<\/a>.<\/p>\n","protected":false},"excerpt":{"rendered":"<p>Vor\u00fcbergehende Unterkunft auf Camping De Bocht mieten Leider sind alle unsere Chalets ausgeb\u00fccht bis ende 2023. Auf unserem Campingplatz k\u00f6nnen Sie auch eine vor\u00fcbergehende Unterkunft mieten. Vierzehn Chalets stehen Ihnen hierzu zur Vermietung. Wir sind das ganze Jahr \u00fcber f\u00fcr alle G\u00e4ste Ihres Campingplatzes ge\u00f6ffnet. Es gibt daher immer Menschen im Park. Die Gastst\u00e4tte ist [&hellip;]<\/p>\n","protected":false},"author":1,"featured_media":0,"parent":0,"menu_order":40,"comment_status":"closed","ping_status":"closed","template":"","meta":{"_acf_changed":false,"footnotes":""},"class_list":["post-1403","page","type-page","status-publish","hentry"],"acf":[],"yoast_head":"<!-- This site is optimized with the Yoast SEO plugin v27.5 - https:\/\/yoast.com\/product\/yoast-seo-wordpress\/ -->\n<title>Vor\u00fcbergehend mieten - Camping De Bocht<\/title>\n<meta name=\"robots\" content=\"index, follow, max-snippet:-1, max-image-preview:large, max-video-preview:-1\" \/>\n<link rel=\"canonical\" href=\"https:\/\/www.campingdebocht.nl\/de\/voruebergehend-mieten\/\" \/>\n<meta property=\"og:locale\" content=\"de_DE\" \/>\n<meta property=\"og:type\" content=\"article\" \/>\n<meta property=\"og:title\" content=\"Vor\u00fcbergehend mieten - Camping De Bocht\" \/>\n<meta property=\"og:description\" content=\"Vor\u00fcbergehende Unterkunft auf Camping De Bocht mieten Leider sind alle unsere Chalets ausgeb\u00fccht bis ende 2023. Auf unserem Campingplatz k\u00f6nnen Sie auch eine vor\u00fcbergehende Unterkunft mieten. Vierzehn Chalets stehen Ihnen hierzu zur Vermietung. Wir sind das ganze Jahr \u00fcber f\u00fcr alle G\u00e4ste Ihres Campingplatzes ge\u00f6ffnet. Es gibt daher immer Menschen im Park. Die Gastst\u00e4tte ist [&hellip;]\" \/>\n<meta property=\"og:url\" content=\"https:\/\/www.campingdebocht.nl\/de\/voruebergehend-mieten\/\" \/>\n<meta property=\"og:site_name\" content=\"Camping De Bocht\" \/>\n<meta property=\"article:publisher\" content=\"https:\/\/www.facebook.com\/DeBocht\/\" \/>\n<meta property=\"article:modified_time\" content=\"2023-03-21T10:06:19+00:00\" \/>\n<meta property=\"og:image\" content=\"https:\/\/www.campingdebocht.nl\/wp-content\/uploads\/2018\/07\/Chalet-nr-38-Web-300x225.jpg\" \/>\n<meta name=\"twitter:card\" content=\"summary_large_image\" \/>\n<script type=\"application\/ld+json\" class=\"yoast-schema-graph\">{\"@context\":\"https:\\\/\\\/schema.org\",\"@graph\":[{\"@type\":\"WebPage\",\"@id\":\"https:\\\/\\\/www.campingdebocht.nl\\\/de\\\/voruebergehend-mieten\\\/\",\"url\":\"https:\\\/\\\/www.campingdebocht.nl\\\/de\\\/voruebergehend-mieten\\\/\",\"name\":\"Vor\u00fcbergehend mieten - Camping De Bocht\",\"isPartOf\":{\"@id\":\"https:\\\/\\\/www.campingdebocht.nl\\\/#website\"},\"primaryImageOfPage\":{\"@id\":\"https:\\\/\\\/www.campingdebocht.nl\\\/de\\\/voruebergehend-mieten\\\/#primaryimage\"},\"image\":{\"@id\":\"https:\\\/\\\/www.campingdebocht.nl\\\/de\\\/voruebergehend-mieten\\\/#primaryimage\"},\"thumbnailUrl\":\"https:\\\/\\\/www.campingdebocht.nl\\\/wp-content\\\/uploads\\\/2018\\\/07\\\/Chalet-nr-38-Web-300x225.jpg\",\"datePublished\":\"2021-01-13T19:10:58+00:00\",\"dateModified\":\"2023-03-21T10:06:19+00:00\",\"breadcrumb\":{\"@id\":\"https:\\\/\\\/www.campingdebocht.nl\\\/de\\\/voruebergehend-mieten\\\/#breadcrumb\"},\"inLanguage\":\"de\",\"potentialAction\":[{\"@type\":\"ReadAction\",\"target\":[\"https:\\\/\\\/www.campingdebocht.nl\\\/de\\\/voruebergehend-mieten\\\/\"]}]},{\"@type\":\"ImageObject\",\"inLanguage\":\"de\",\"@id\":\"https:\\\/\\\/www.campingdebocht.nl\\\/de\\\/voruebergehend-mieten\\\/#primaryimage\",\"url\":\"https:\\\/\\\/www.campingdebocht.nl\\\/wp-content\\\/uploads\\\/2018\\\/07\\\/Chalet-nr-38-Web-300x225.jpg\",\"contentUrl\":\"https:\\\/\\\/www.campingdebocht.nl\\\/wp-content\\\/uploads\\\/2018\\\/07\\\/Chalet-nr-38-Web-300x225.jpg\"},{\"@type\":\"BreadcrumbList\",\"@id\":\"https:\\\/\\\/www.campingdebocht.nl\\\/de\\\/voruebergehend-mieten\\\/#breadcrumb\",\"itemListElement\":[{\"@type\":\"ListItem\",\"position\":1,\"name\":\"Home\",\"item\":\"https:\\\/\\\/www.campingdebocht.nl\\\/de\\\/\"},{\"@type\":\"ListItem\",\"position\":2,\"name\":\"Vor\u00fcbergehend mieten\"}]},{\"@type\":\"WebSite\",\"@id\":\"https:\\\/\\\/www.campingdebocht.nl\\\/#website\",\"url\":\"https:\\\/\\\/www.campingdebocht.nl\\\/\",\"name\":\"Camping De Bocht\",\"description\":\"\",\"publisher\":{\"@id\":\"https:\\\/\\\/www.campingdebocht.nl\\\/#organization\"},\"potentialAction\":[{\"@type\":\"SearchAction\",\"target\":{\"@type\":\"EntryPoint\",\"urlTemplate\":\"https:\\\/\\\/www.campingdebocht.nl\\\/?s={search_term_string}\"},\"query-input\":{\"@type\":\"PropertyValueSpecification\",\"valueRequired\":true,\"valueName\":\"search_term_string\"}}],\"inLanguage\":\"de\"},{\"@type\":\"Organization\",\"@id\":\"https:\\\/\\\/www.campingdebocht.nl\\\/#organization\",\"name\":\"Camping De Bocht\",\"url\":\"https:\\\/\\\/www.campingdebocht.nl\\\/\",\"logo\":{\"@type\":\"ImageObject\",\"inLanguage\":\"de\",\"@id\":\"https:\\\/\\\/www.campingdebocht.nl\\\/#\\\/schema\\\/logo\\\/image\\\/\",\"url\":\"https:\\\/\\\/www.campingdebocht.nl\\\/wp-content\\\/uploads\\\/2018\\\/03\\\/logo.png\",\"contentUrl\":\"https:\\\/\\\/www.campingdebocht.nl\\\/wp-content\\\/uploads\\\/2018\\\/03\\\/logo.png\",\"width\":160,\"height\":101,\"caption\":\"Camping De Bocht\"},\"image\":{\"@id\":\"https:\\\/\\\/www.campingdebocht.nl\\\/#\\\/schema\\\/logo\\\/image\\\/\"},\"sameAs\":[\"https:\\\/\\\/www.facebook.com\\\/DeBocht\\\/\",\"https:\\\/\\\/www.youtube.com\\\/channel\\\/UCGfdDFj8qB5BdynzAA8AD7Q\"]}]}<\/script>\n<!-- \/ Yoast SEO plugin. -->","yoast_head_json":{"title":"Vor\u00fcbergehend mieten - Camping De Bocht","robots":{"index":"index","follow":"follow","max-snippet":"max-snippet:-1","max-image-preview":"max-image-preview:large","max-video-preview":"max-video-preview:-1"},"canonical":"https:\/\/www.campingdebocht.nl\/de\/voruebergehend-mieten\/","og_locale":"de_DE","og_type":"article","og_title":"Vor\u00fcbergehend mieten - Camping De Bocht","og_description":"Vor\u00fcbergehende Unterkunft auf Camping De Bocht mieten Leider sind alle unsere Chalets ausgeb\u00fccht bis ende 2023. Auf unserem Campingplatz k\u00f6nnen Sie auch eine vor\u00fcbergehende Unterkunft mieten. Vierzehn Chalets stehen Ihnen hierzu zur Vermietung. Wir sind das ganze Jahr \u00fcber f\u00fcr alle G\u00e4ste Ihres Campingplatzes ge\u00f6ffnet. Es gibt daher immer Menschen im Park. Die Gastst\u00e4tte ist [&hellip;]","og_url":"https:\/\/www.campingdebocht.nl\/de\/voruebergehend-mieten\/","og_site_name":"Camping De Bocht","article_publisher":"https:\/\/www.facebook.com\/DeBocht\/","article_modified_time":"2023-03-21T10:06:19+00:00","og_image":[{"url":"https:\/\/www.campingdebocht.nl\/wp-content\/uploads\/2018\/07\/Chalet-nr-38-Web-300x225.jpg","type":"","width":"","height":""}],"twitter_card":"summary_large_image","schema":{"@context":"https:\/\/schema.org","@graph":[{"@type":"WebPage","@id":"https:\/\/www.campingdebocht.nl\/de\/voruebergehend-mieten\/","url":"https:\/\/www.campingdebocht.nl\/de\/voruebergehend-mieten\/","name":"Vor\u00fcbergehend mieten - Camping De Bocht","isPartOf":{"@id":"https:\/\/www.campingdebocht.nl\/#website"},"primaryImageOfPage":{"@id":"https:\/\/www.campingdebocht.nl\/de\/voruebergehend-mieten\/#primaryimage"},"image":{"@id":"https:\/\/www.campingdebocht.nl\/de\/voruebergehend-mieten\/#primaryimage"},"thumbnailUrl":"https:\/\/www.campingdebocht.nl\/wp-content\/uploads\/2018\/07\/Chalet-nr-38-Web-300x225.jpg","datePublished":"2021-01-13T19:10:58+00:00","dateModified":"2023-03-21T10:06:19+00:00","breadcrumb":{"@id":"https:\/\/www.campingdebocht.nl\/de\/voruebergehend-mieten\/#breadcrumb"},"inLanguage":"de","potentialAction":[{"@type":"ReadAction","target":["https:\/\/www.campingdebocht.nl\/de\/voruebergehend-mieten\/"]}]},{"@type":"ImageObject","inLanguage":"de","@id":"https:\/\/www.campingdebocht.nl\/de\/voruebergehend-mieten\/#primaryimage","url":"https:\/\/www.campingdebocht.nl\/wp-content\/uploads\/2018\/07\/Chalet-nr-38-Web-300x225.jpg","contentUrl":"https:\/\/www.campingdebocht.nl\/wp-content\/uploads\/2018\/07\/Chalet-nr-38-Web-300x225.jpg"},{"@type":"BreadcrumbList","@id":"https:\/\/www.campingdebocht.nl\/de\/voruebergehend-mieten\/#breadcrumb","itemListElement":[{"@type":"ListItem","position":1,"name":"Home","item":"https:\/\/www.campingdebocht.nl\/de\/"},{"@type":"ListItem","position":2,"name":"Vor\u00fcbergehend mieten"}]},{"@type":"WebSite","@id":"https:\/\/www.campingdebocht.nl\/#website","url":"https:\/\/www.campingdebocht.nl\/","name":"Camping De Bocht","description":"","publisher":{"@id":"https:\/\/www.campingdebocht.nl\/#organization"},"potentialAction":[{"@type":"SearchAction","target":{"@type":"EntryPoint","urlTemplate":"https:\/\/www.campingdebocht.nl\/?s={search_term_string}"},"query-input":{"@type":"PropertyValueSpecification","valueRequired":true,"valueName":"search_term_string"}}],"inLanguage":"de"},{"@type":"Organization","@id":"https:\/\/www.campingdebocht.nl\/#organization","name":"Camping De Bocht","url":"https:\/\/www.campingdebocht.nl\/","logo":{"@type":"ImageObject","inLanguage":"de","@id":"https:\/\/www.campingdebocht.nl\/#\/schema\/logo\/image\/","url":"https:\/\/www.campingdebocht.nl\/wp-content\/uploads\/2018\/03\/logo.png","contentUrl":"https:\/\/www.campingdebocht.nl\/wp-content\/uploads\/2018\/03\/logo.png","width":160,"height":101,"caption":"Camping De Bocht"},"image":{"@id":"https:\/\/www.campingdebocht.nl\/#\/schema\/logo\/image\/"},"sameAs":["https:\/\/www.facebook.com\/DeBocht\/","https:\/\/www.youtube.com\/channel\/UCGfdDFj8qB5BdynzAA8AD7Q"]}]}},"_links":{"self":[{"href":"https:\/\/www.campingdebocht.nl\/de\/wp-json\/wp\/v2\/pages\/1403","targetHints":{"allow":["GET"]}}],"collection":[{"href":"https:\/\/www.campingdebocht.nl\/de\/wp-json\/wp\/v2\/pages"}],"about":[{"href":"https:\/\/www.campingdebocht.nl\/de\/wp-json\/wp\/v2\/types\/page"}],"author":[{"embeddable":true,"href":"https:\/\/www.campingdebocht.nl\/de\/wp-json\/wp\/v2\/users\/1"}],"replies":[{"embeddable":true,"href":"https:\/\/www.campingdebocht.nl\/de\/wp-json\/wp\/v2\/comments?post=1403"}],"version-history":[{"count":13,"href":"https:\/\/www.campingdebocht.nl\/de\/wp-json\/wp\/v2\/pages\/1403\/revisions"}],"predecessor-version":[{"id":2337,"href":"https:\/\/www.campingdebocht.nl\/de\/wp-json\/wp\/v2\/pages\/1403\/revisions\/2337"}],"wp:attachment":[{"href":"https:\/\/www.campingdebocht.nl\/de\/wp-json\/wp\/v2\/media?parent=1403"}],"curies":[{"name":"wp","href":"https:\/\/api.w.org\/{rel}","templated":true}]}}