{"id":1400,"date":"2021-01-13T19:03:10","date_gmt":"2021-01-13T19:03:10","guid":{"rendered":"https:\/\/www.campingdebocht.nl\/?page_id=1400"},"modified":"2024-09-26T18:25:46","modified_gmt":"2024-09-26T18:25:46","slug":"campen","status":"publish","type":"page","link":"https:\/\/www.campingdebocht.nl\/de\/campen\/","title":{"rendered":"Campen"},"content":{"rendered":"<h1>Auf unserem gem\u00fctlichen Campingplatz in Brabant<\/h1>\n<p>Egal ob Sie einen Kurzaufenthalt alleine oder mit der ganzen Familie verbringen m\u00f6chten: wir begr\u00fc\u00dfen Sie immer recht herzlich auf unserem Campingplatz in Brabant! Campen mit Fahrrad und Zelt, mit Auto und Caravan oder mit einem Camper: Camping de Bocht ist absolut empfehlenswert. Gibt es etwas Sch\u00f6neres, als in Ihrem Zeltmittel in dieser sch\u00f6nen Region zu campen? Nicht sehr viel, denken wir und viele von uns.<\/p>\n<h2>Campen in der sch\u00f6nen Provinz Brabant<\/h2>\n<p>Aber nat\u00fcrlich m\u00f6chten Sie sich auf einem bequemen Campingplatz aufhalten. Camping De Bocht hat dies nat\u00fcrlich ber\u00fccksichtigt. Wir sorgen daf\u00fcr, dass Sie den Komfort erhalten, den Sie w\u00fcnschen, damit Sie zufrieden auf Ihren Aufenthalt auf Camping De Bocht zur\u00fcckblicken k\u00f6nnen. Unser <a href=\"https:\/\/www.campingdebocht.nl\/de\">kleiner Campingplatz<\/a> ist gro\u00dfz\u00fcgig angelegt. Jeder verf\u00fcgt \u00fcber sein eigenes Feld mit weitem Blick auf den Mittelbereich, in dem sich im Sommer einige Wanderzelte befinden k\u00f6nnen. Jeder Stellplatz hat 10 Ampere Strom, einen TV-Anschluss, eine Wasserhahn mit Ablauf und <a href=\"https:\/\/www.campingdebocht.nl\/de\/einrichtungen\/\">WLAN<\/a> auf dem ganzen Campingplatz.<\/p>\n<p><iframe loading=\"lazy\" src=\"https:\/\/www.youtube-nocookie.com\/embed\/zi0AXxGufgM?rel=0\" width=\"560\" height=\"315\" frameborder=\"0\" allowfullscreen=\"allowfullscreen\" data-mce-fragment=\"1\"><\/iframe><\/p>\n<h2>Camping in Brabant<\/h2>\n<p>Campen auf Camping De Bocht; ein gem\u00fctlicher Campingplatz in einer der sch\u00f6nsten Regionen der Provinz Brabant. Hier finden Sie eine Preis\u00fcbersicht.<\/p>\n<p>Bitte, nehmen Sie <a href=\"https:\/\/www.campingdebocht.nl\/de\/kontakt\/\">Kontakt<\/a> mit uns auf f\u00fcr weitere Informationen zu unserem Campingplatz und Campen in Brabant <a href=\"tel:+31499550855\">+31 <\/a><a href=\"tel:+31499550855\">499 \u2013 550 855<\/a>\u00a0oder\u00a0<a href=\"mailto:info@campingdebocht.nl\">info@campingdebocht.nl<\/a>. Wir sind Ihnen gerne behilflich!<\/p>\n<h2>Preise<\/h2>\n<p>M\u00f6chten Sie gerne wissen, was ein Aufenthalt auf Camping De Bocht kostet? Dann sehen Sie sich die Preistabelle unten an. Haben Sie spezielle W\u00fcnsche oder Fragen? Nehmen Sie dann Kontakt mit uns auf und erkundigen Sie sich nach den M\u00f6glichkeiten.<\/p>\n<h2>Reservierungen von Mai bis September sind wie folgt m\u00f6glich:<\/h2>\n<p>1, 2 Tage oder ein Wochenende, fr\u00fchestens eine Woche vor Anreise,<\/p>\n<p>3, 4 Tage oder eine Wochenmitte, fr\u00fchestens einen Monat vor Anreise,<\/p>\n<p>5 Tage oder l\u00e4nger k\u00f6nnen Sie jederzeit reservieren.<\/p>\n<p>In den Sommerferien k\u00f6nnen Sie mit Wohnwagen oder Wohnmobil nur einen Komfortplatz\u00a0 buchen; In diesen Wochen stehen auf dem feld nur Zelte\/Klappanh\u00e4nger.<\/p>\n<p>Auf unserem Campingplatz legen wir Wert auf Ruhe und Platz und parken die Autos auf dem Parkplatz. (au\u00dfer Behinderte)<\/p>\n","protected":false},"excerpt":{"rendered":"<p>Auf unserem gem\u00fctlichen Campingplatz in Brabant Egal ob Sie einen Kurzaufenthalt alleine oder mit der ganzen Familie verbringen m\u00f6chten: wir begr\u00fc\u00dfen Sie immer recht herzlich auf unserem Campingplatz in Brabant! Campen mit Fahrrad und Zelt, mit Auto und Caravan oder mit einem Camper: Camping de Bocht ist absolut empfehlenswert. Gibt es etwas Sch\u00f6neres, als in [&hellip;]<\/p>\n","protected":false},"author":1,"featured_media":0,"parent":0,"menu_order":20,"comment_status":"closed","ping_status":"closed","template":"","meta":{"_acf_changed":false,"footnotes":""},"class_list":["post-1400","page","type-page","status-publish","hentry"],"acf":[],"yoast_head":"<!-- This site is optimized with the Yoast SEO plugin v27.4 - https:\/\/yoast.com\/product\/yoast-seo-wordpress\/ -->\n<title>Campen - Camping De Bocht<\/title>\n<meta name=\"robots\" content=\"index, follow, max-snippet:-1, max-image-preview:large, max-video-preview:-1\" \/>\n<link rel=\"canonical\" href=\"https:\/\/www.campingdebocht.nl\/de\/campen\/\" \/>\n<meta property=\"og:locale\" content=\"de_DE\" \/>\n<meta property=\"og:type\" content=\"article\" \/>\n<meta property=\"og:title\" content=\"Campen - Camping De Bocht\" \/>\n<meta property=\"og:description\" content=\"Auf unserem gem\u00fctlichen Campingplatz in Brabant Egal ob Sie einen Kurzaufenthalt alleine oder mit der ganzen Familie verbringen m\u00f6chten: wir begr\u00fc\u00dfen Sie immer recht herzlich auf unserem Campingplatz in Brabant! Campen mit Fahrrad und Zelt, mit Auto und Caravan oder mit einem Camper: Camping de Bocht ist absolut empfehlenswert. Gibt es etwas Sch\u00f6neres, als in [&hellip;]\" \/>\n<meta property=\"og:url\" content=\"https:\/\/www.campingdebocht.nl\/de\/campen\/\" \/>\n<meta property=\"og:site_name\" content=\"Camping De Bocht\" \/>\n<meta property=\"article:publisher\" content=\"https:\/\/www.facebook.com\/DeBocht\/\" \/>\n<meta property=\"article:modified_time\" content=\"2024-09-26T18:25:46+00:00\" \/>\n<meta property=\"og:image\" content=\"https:\/\/www.campingdebocht.nl\/wp-content\/uploads\/2018\/12\/camping-de-bocht-social.png\" \/>\n\t<meta property=\"og:image:width\" content=\"1200\" \/>\n\t<meta property=\"og:image:height\" content=\"630\" \/>\n\t<meta property=\"og:image:type\" content=\"image\/png\" \/>\n<meta name=\"twitter:card\" content=\"summary_large_image\" \/>\n<script type=\"application\/ld+json\" class=\"yoast-schema-graph\">{\"@context\":\"https:\\\/\\\/schema.org\",\"@graph\":[{\"@type\":\"WebPage\",\"@id\":\"https:\\\/\\\/www.campingdebocht.nl\\\/de\\\/campen\\\/\",\"url\":\"https:\\\/\\\/www.campingdebocht.nl\\\/de\\\/campen\\\/\",\"name\":\"Campen - Camping De Bocht\",\"isPartOf\":{\"@id\":\"https:\\\/\\\/www.campingdebocht.nl\\\/#website\"},\"datePublished\":\"2021-01-13T19:03:10+00:00\",\"dateModified\":\"2024-09-26T18:25:46+00:00\",\"breadcrumb\":{\"@id\":\"https:\\\/\\\/www.campingdebocht.nl\\\/de\\\/campen\\\/#breadcrumb\"},\"inLanguage\":\"de\",\"potentialAction\":[{\"@type\":\"ReadAction\",\"target\":[\"https:\\\/\\\/www.campingdebocht.nl\\\/de\\\/campen\\\/\"]}]},{\"@type\":\"BreadcrumbList\",\"@id\":\"https:\\\/\\\/www.campingdebocht.nl\\\/de\\\/campen\\\/#breadcrumb\",\"itemListElement\":[{\"@type\":\"ListItem\",\"position\":1,\"name\":\"Home\",\"item\":\"https:\\\/\\\/www.campingdebocht.nl\\\/de\\\/\"},{\"@type\":\"ListItem\",\"position\":2,\"name\":\"Campen\"}]},{\"@type\":\"WebSite\",\"@id\":\"https:\\\/\\\/www.campingdebocht.nl\\\/#website\",\"url\":\"https:\\\/\\\/www.campingdebocht.nl\\\/\",\"name\":\"Camping De Bocht\",\"description\":\"\",\"publisher\":{\"@id\":\"https:\\\/\\\/www.campingdebocht.nl\\\/#organization\"},\"potentialAction\":[{\"@type\":\"SearchAction\",\"target\":{\"@type\":\"EntryPoint\",\"urlTemplate\":\"https:\\\/\\\/www.campingdebocht.nl\\\/?s={search_term_string}\"},\"query-input\":{\"@type\":\"PropertyValueSpecification\",\"valueRequired\":true,\"valueName\":\"search_term_string\"}}],\"inLanguage\":\"de\"},{\"@type\":\"Organization\",\"@id\":\"https:\\\/\\\/www.campingdebocht.nl\\\/#organization\",\"name\":\"Camping De Bocht\",\"url\":\"https:\\\/\\\/www.campingdebocht.nl\\\/\",\"logo\":{\"@type\":\"ImageObject\",\"inLanguage\":\"de\",\"@id\":\"https:\\\/\\\/www.campingdebocht.nl\\\/#\\\/schema\\\/logo\\\/image\\\/\",\"url\":\"https:\\\/\\\/www.campingdebocht.nl\\\/wp-content\\\/uploads\\\/2018\\\/03\\\/logo.png\",\"contentUrl\":\"https:\\\/\\\/www.campingdebocht.nl\\\/wp-content\\\/uploads\\\/2018\\\/03\\\/logo.png\",\"width\":160,\"height\":101,\"caption\":\"Camping De Bocht\"},\"image\":{\"@id\":\"https:\\\/\\\/www.campingdebocht.nl\\\/#\\\/schema\\\/logo\\\/image\\\/\"},\"sameAs\":[\"https:\\\/\\\/www.facebook.com\\\/DeBocht\\\/\",\"https:\\\/\\\/www.youtube.com\\\/channel\\\/UCGfdDFj8qB5BdynzAA8AD7Q\"]}]}<\/script>\n<!-- \/ Yoast SEO plugin. -->","yoast_head_json":{"title":"Campen - Camping De Bocht","robots":{"index":"index","follow":"follow","max-snippet":"max-snippet:-1","max-image-preview":"max-image-preview:large","max-video-preview":"max-video-preview:-1"},"canonical":"https:\/\/www.campingdebocht.nl\/de\/campen\/","og_locale":"de_DE","og_type":"article","og_title":"Campen - Camping De Bocht","og_description":"Auf unserem gem\u00fctlichen Campingplatz in Brabant Egal ob Sie einen Kurzaufenthalt alleine oder mit der ganzen Familie verbringen m\u00f6chten: wir begr\u00fc\u00dfen Sie immer recht herzlich auf unserem Campingplatz in Brabant! Campen mit Fahrrad und Zelt, mit Auto und Caravan oder mit einem Camper: Camping de Bocht ist absolut empfehlenswert. Gibt es etwas Sch\u00f6neres, als in [&hellip;]","og_url":"https:\/\/www.campingdebocht.nl\/de\/campen\/","og_site_name":"Camping De Bocht","article_publisher":"https:\/\/www.facebook.com\/DeBocht\/","article_modified_time":"2024-09-26T18:25:46+00:00","og_image":[{"width":1200,"height":630,"url":"https:\/\/www.campingdebocht.nl\/wp-content\/uploads\/2018\/12\/camping-de-bocht-social.png","type":"image\/png"}],"twitter_card":"summary_large_image","schema":{"@context":"https:\/\/schema.org","@graph":[{"@type":"WebPage","@id":"https:\/\/www.campingdebocht.nl\/de\/campen\/","url":"https:\/\/www.campingdebocht.nl\/de\/campen\/","name":"Campen - Camping De Bocht","isPartOf":{"@id":"https:\/\/www.campingdebocht.nl\/#website"},"datePublished":"2021-01-13T19:03:10+00:00","dateModified":"2024-09-26T18:25:46+00:00","breadcrumb":{"@id":"https:\/\/www.campingdebocht.nl\/de\/campen\/#breadcrumb"},"inLanguage":"de","potentialAction":[{"@type":"ReadAction","target":["https:\/\/www.campingdebocht.nl\/de\/campen\/"]}]},{"@type":"BreadcrumbList","@id":"https:\/\/www.campingdebocht.nl\/de\/campen\/#breadcrumb","itemListElement":[{"@type":"ListItem","position":1,"name":"Home","item":"https:\/\/www.campingdebocht.nl\/de\/"},{"@type":"ListItem","position":2,"name":"Campen"}]},{"@type":"WebSite","@id":"https:\/\/www.campingdebocht.nl\/#website","url":"https:\/\/www.campingdebocht.nl\/","name":"Camping De Bocht","description":"","publisher":{"@id":"https:\/\/www.campingdebocht.nl\/#organization"},"potentialAction":[{"@type":"SearchAction","target":{"@type":"EntryPoint","urlTemplate":"https:\/\/www.campingdebocht.nl\/?s={search_term_string}"},"query-input":{"@type":"PropertyValueSpecification","valueRequired":true,"valueName":"search_term_string"}}],"inLanguage":"de"},{"@type":"Organization","@id":"https:\/\/www.campingdebocht.nl\/#organization","name":"Camping De Bocht","url":"https:\/\/www.campingdebocht.nl\/","logo":{"@type":"ImageObject","inLanguage":"de","@id":"https:\/\/www.campingdebocht.nl\/#\/schema\/logo\/image\/","url":"https:\/\/www.campingdebocht.nl\/wp-content\/uploads\/2018\/03\/logo.png","contentUrl":"https:\/\/www.campingdebocht.nl\/wp-content\/uploads\/2018\/03\/logo.png","width":160,"height":101,"caption":"Camping De Bocht"},"image":{"@id":"https:\/\/www.campingdebocht.nl\/#\/schema\/logo\/image\/"},"sameAs":["https:\/\/www.facebook.com\/DeBocht\/","https:\/\/www.youtube.com\/channel\/UCGfdDFj8qB5BdynzAA8AD7Q"]}]}},"_links":{"self":[{"href":"https:\/\/www.campingdebocht.nl\/de\/wp-json\/wp\/v2\/pages\/1400","targetHints":{"allow":["GET"]}}],"collection":[{"href":"https:\/\/www.campingdebocht.nl\/de\/wp-json\/wp\/v2\/pages"}],"about":[{"href":"https:\/\/www.campingdebocht.nl\/de\/wp-json\/wp\/v2\/types\/page"}],"author":[{"embeddable":true,"href":"https:\/\/www.campingdebocht.nl\/de\/wp-json\/wp\/v2\/users\/1"}],"replies":[{"embeddable":true,"href":"https:\/\/www.campingdebocht.nl\/de\/wp-json\/wp\/v2\/comments?post=1400"}],"version-history":[{"count":13,"href":"https:\/\/www.campingdebocht.nl\/de\/wp-json\/wp\/v2\/pages\/1400\/revisions"}],"predecessor-version":[{"id":2658,"href":"https:\/\/www.campingdebocht.nl\/de\/wp-json\/wp\/v2\/pages\/1400\/revisions\/2658"}],"wp:attachment":[{"href":"https:\/\/www.campingdebocht.nl\/de\/wp-json\/wp\/v2\/media?parent=1400"}],"curies":[{"name":"wp","href":"https:\/\/api.w.org\/{rel}","templated":true}]}}