{"id":1386,"date":"2021-01-13T19:35:21","date_gmt":"2021-01-13T19:35:21","guid":{"rendered":"https:\/\/www.campingdebocht.nl\/?page_id=1386"},"modified":"2021-01-21T19:15:35","modified_gmt":"2021-01-21T19:15:35","slug":"preise","status":"publish","type":"page","link":"https:\/\/www.campingdebocht.nl\/de\/preise\/","title":{"rendered":"Preise"},"content":{"rendered":"<h1>Preise Camping De Bocht<\/h1>\n<p>Auf Camping De Bocht k\u00f6nnen Sie einen unbeschwerten Urlaub zu einem erschwinglichen Preis genie\u00dfen, unsere Campingpreise sind sehr wettbewerbsf\u00e4hig und wir haben verschiedene Unterkunftsm\u00f6glichkeiten: es ist also f\u00fcr jeden etwas dabei!<\/p>\n","protected":false},"excerpt":{"rendered":"<p>Preise Camping De Bocht Auf Camping De Bocht k\u00f6nnen Sie einen unbeschwerten Urlaub zu einem erschwinglichen Preis genie\u00dfen, unsere Campingpreise sind sehr wettbewerbsf\u00e4hig und wir haben verschiedene Unterkunftsm\u00f6glichkeiten: es ist also f\u00fcr jeden etwas dabei!<\/p>\n","protected":false},"author":1,"featured_media":0,"parent":0,"menu_order":70,"comment_status":"closed","ping_status":"closed","template":"template-prijzen.php","meta":{"_acf_changed":false,"footnotes":""},"class_list":["post-1386","page","type-page","status-publish","hentry"],"acf":[],"yoast_head":"<!-- This site is optimized with the Yoast SEO plugin v27.5 - https:\/\/yoast.com\/product\/yoast-seo-wordpress\/ -->\n<title>Prijzen Camping De Bocht: Kamperen en chalets in Brabant<\/title>\n<meta name=\"description\" content=\"Zoek je een Chalet in Brabant? Wil je kamperen of een stacaravan huren? Bekijk hier onze camping prijzen, stacaravan prijzen en meer over Camping De Bocht.\" \/>\n<meta name=\"robots\" content=\"index, follow, max-snippet:-1, max-image-preview:large, max-video-preview:-1\" \/>\n<link rel=\"canonical\" href=\"https:\/\/www.campingdebocht.nl\/de\/preise\/\" \/>\n<meta property=\"og:locale\" content=\"de_DE\" \/>\n<meta property=\"og:type\" content=\"article\" \/>\n<meta property=\"og:title\" content=\"Prijzen Camping De Bocht: Kamperen en chalets in Brabant\" \/>\n<meta property=\"og:description\" content=\"Zoek je een Chalet in Brabant? Wil je kamperen of een stacaravan huren? Bekijk hier onze camping prijzen, stacaravan prijzen en meer over Camping De Bocht.\" \/>\n<meta property=\"og:url\" content=\"https:\/\/www.campingdebocht.nl\/de\/preise\/\" \/>\n<meta property=\"og:site_name\" content=\"Camping De Bocht\" \/>\n<meta property=\"article:publisher\" content=\"https:\/\/www.facebook.com\/DeBocht\/\" \/>\n<meta property=\"article:modified_time\" content=\"2021-01-21T19:15:35+00:00\" \/>\n<meta property=\"og:image\" content=\"https:\/\/www.campingdebocht.nl\/wp-content\/uploads\/2018\/12\/camping-de-bocht-social.png\" \/>\n\t<meta property=\"og:image:width\" content=\"1200\" \/>\n\t<meta property=\"og:image:height\" content=\"630\" \/>\n\t<meta property=\"og:image:type\" content=\"image\/png\" \/>\n<meta name=\"twitter:card\" content=\"summary_large_image\" \/>\n<script type=\"application\/ld+json\" class=\"yoast-schema-graph\">{\"@context\":\"https:\\\/\\\/schema.org\",\"@graph\":[{\"@type\":\"WebPage\",\"@id\":\"https:\\\/\\\/www.campingdebocht.nl\\\/de\\\/preise\\\/\",\"url\":\"https:\\\/\\\/www.campingdebocht.nl\\\/de\\\/preise\\\/\",\"name\":\"Prijzen Camping De Bocht: Kamperen en chalets in Brabant\",\"isPartOf\":{\"@id\":\"https:\\\/\\\/www.campingdebocht.nl\\\/#website\"},\"datePublished\":\"2021-01-13T19:35:21+00:00\",\"dateModified\":\"2021-01-21T19:15:35+00:00\",\"description\":\"Zoek je een Chalet in Brabant? Wil je kamperen of een stacaravan huren? Bekijk hier onze camping prijzen, stacaravan prijzen en meer over Camping De Bocht.\",\"breadcrumb\":{\"@id\":\"https:\\\/\\\/www.campingdebocht.nl\\\/de\\\/preise\\\/#breadcrumb\"},\"inLanguage\":\"de\",\"potentialAction\":[{\"@type\":\"ReadAction\",\"target\":[\"https:\\\/\\\/www.campingdebocht.nl\\\/de\\\/preise\\\/\"]}]},{\"@type\":\"BreadcrumbList\",\"@id\":\"https:\\\/\\\/www.campingdebocht.nl\\\/de\\\/preise\\\/#breadcrumb\",\"itemListElement\":[{\"@type\":\"ListItem\",\"position\":1,\"name\":\"Home\",\"item\":\"https:\\\/\\\/www.campingdebocht.nl\\\/de\\\/\"},{\"@type\":\"ListItem\",\"position\":2,\"name\":\"Preise\"}]},{\"@type\":\"WebSite\",\"@id\":\"https:\\\/\\\/www.campingdebocht.nl\\\/#website\",\"url\":\"https:\\\/\\\/www.campingdebocht.nl\\\/\",\"name\":\"Camping De Bocht\",\"description\":\"\",\"publisher\":{\"@id\":\"https:\\\/\\\/www.campingdebocht.nl\\\/#organization\"},\"potentialAction\":[{\"@type\":\"SearchAction\",\"target\":{\"@type\":\"EntryPoint\",\"urlTemplate\":\"https:\\\/\\\/www.campingdebocht.nl\\\/?s={search_term_string}\"},\"query-input\":{\"@type\":\"PropertyValueSpecification\",\"valueRequired\":true,\"valueName\":\"search_term_string\"}}],\"inLanguage\":\"de\"},{\"@type\":\"Organization\",\"@id\":\"https:\\\/\\\/www.campingdebocht.nl\\\/#organization\",\"name\":\"Camping De Bocht\",\"url\":\"https:\\\/\\\/www.campingdebocht.nl\\\/\",\"logo\":{\"@type\":\"ImageObject\",\"inLanguage\":\"de\",\"@id\":\"https:\\\/\\\/www.campingdebocht.nl\\\/#\\\/schema\\\/logo\\\/image\\\/\",\"url\":\"https:\\\/\\\/www.campingdebocht.nl\\\/wp-content\\\/uploads\\\/2018\\\/03\\\/logo.png\",\"contentUrl\":\"https:\\\/\\\/www.campingdebocht.nl\\\/wp-content\\\/uploads\\\/2018\\\/03\\\/logo.png\",\"width\":160,\"height\":101,\"caption\":\"Camping De Bocht\"},\"image\":{\"@id\":\"https:\\\/\\\/www.campingdebocht.nl\\\/#\\\/schema\\\/logo\\\/image\\\/\"},\"sameAs\":[\"https:\\\/\\\/www.facebook.com\\\/DeBocht\\\/\",\"https:\\\/\\\/www.youtube.com\\\/channel\\\/UCGfdDFj8qB5BdynzAA8AD7Q\"]}]}<\/script>\n<!-- \/ Yoast SEO plugin. -->","yoast_head_json":{"title":"Prijzen Camping De Bocht: Kamperen en chalets in Brabant","description":"Zoek je een Chalet in Brabant? Wil je kamperen of een stacaravan huren? Bekijk hier onze camping prijzen, stacaravan prijzen en meer over Camping De Bocht.","robots":{"index":"index","follow":"follow","max-snippet":"max-snippet:-1","max-image-preview":"max-image-preview:large","max-video-preview":"max-video-preview:-1"},"canonical":"https:\/\/www.campingdebocht.nl\/de\/preise\/","og_locale":"de_DE","og_type":"article","og_title":"Prijzen Camping De Bocht: Kamperen en chalets in Brabant","og_description":"Zoek je een Chalet in Brabant? Wil je kamperen of een stacaravan huren? Bekijk hier onze camping prijzen, stacaravan prijzen en meer over Camping De Bocht.","og_url":"https:\/\/www.campingdebocht.nl\/de\/preise\/","og_site_name":"Camping De Bocht","article_publisher":"https:\/\/www.facebook.com\/DeBocht\/","article_modified_time":"2021-01-21T19:15:35+00:00","og_image":[{"width":1200,"height":630,"url":"https:\/\/www.campingdebocht.nl\/wp-content\/uploads\/2018\/12\/camping-de-bocht-social.png","type":"image\/png"}],"twitter_card":"summary_large_image","schema":{"@context":"https:\/\/schema.org","@graph":[{"@type":"WebPage","@id":"https:\/\/www.campingdebocht.nl\/de\/preise\/","url":"https:\/\/www.campingdebocht.nl\/de\/preise\/","name":"Prijzen Camping De Bocht: Kamperen en chalets in Brabant","isPartOf":{"@id":"https:\/\/www.campingdebocht.nl\/#website"},"datePublished":"2021-01-13T19:35:21+00:00","dateModified":"2021-01-21T19:15:35+00:00","description":"Zoek je een Chalet in Brabant? Wil je kamperen of een stacaravan huren? Bekijk hier onze camping prijzen, stacaravan prijzen en meer over Camping De Bocht.","breadcrumb":{"@id":"https:\/\/www.campingdebocht.nl\/de\/preise\/#breadcrumb"},"inLanguage":"de","potentialAction":[{"@type":"ReadAction","target":["https:\/\/www.campingdebocht.nl\/de\/preise\/"]}]},{"@type":"BreadcrumbList","@id":"https:\/\/www.campingdebocht.nl\/de\/preise\/#breadcrumb","itemListElement":[{"@type":"ListItem","position":1,"name":"Home","item":"https:\/\/www.campingdebocht.nl\/de\/"},{"@type":"ListItem","position":2,"name":"Preise"}]},{"@type":"WebSite","@id":"https:\/\/www.campingdebocht.nl\/#website","url":"https:\/\/www.campingdebocht.nl\/","name":"Camping De Bocht","description":"","publisher":{"@id":"https:\/\/www.campingdebocht.nl\/#organization"},"potentialAction":[{"@type":"SearchAction","target":{"@type":"EntryPoint","urlTemplate":"https:\/\/www.campingdebocht.nl\/?s={search_term_string}"},"query-input":{"@type":"PropertyValueSpecification","valueRequired":true,"valueName":"search_term_string"}}],"inLanguage":"de"},{"@type":"Organization","@id":"https:\/\/www.campingdebocht.nl\/#organization","name":"Camping De Bocht","url":"https:\/\/www.campingdebocht.nl\/","logo":{"@type":"ImageObject","inLanguage":"de","@id":"https:\/\/www.campingdebocht.nl\/#\/schema\/logo\/image\/","url":"https:\/\/www.campingdebocht.nl\/wp-content\/uploads\/2018\/03\/logo.png","contentUrl":"https:\/\/www.campingdebocht.nl\/wp-content\/uploads\/2018\/03\/logo.png","width":160,"height":101,"caption":"Camping De Bocht"},"image":{"@id":"https:\/\/www.campingdebocht.nl\/#\/schema\/logo\/image\/"},"sameAs":["https:\/\/www.facebook.com\/DeBocht\/","https:\/\/www.youtube.com\/channel\/UCGfdDFj8qB5BdynzAA8AD7Q"]}]}},"_links":{"self":[{"href":"https:\/\/www.campingdebocht.nl\/de\/wp-json\/wp\/v2\/pages\/1386","targetHints":{"allow":["GET"]}}],"collection":[{"href":"https:\/\/www.campingdebocht.nl\/de\/wp-json\/wp\/v2\/pages"}],"about":[{"href":"https:\/\/www.campingdebocht.nl\/de\/wp-json\/wp\/v2\/types\/page"}],"author":[{"embeddable":true,"href":"https:\/\/www.campingdebocht.nl\/de\/wp-json\/wp\/v2\/users\/1"}],"replies":[{"embeddable":true,"href":"https:\/\/www.campingdebocht.nl\/de\/wp-json\/wp\/v2\/comments?post=1386"}],"version-history":[{"count":2,"href":"https:\/\/www.campingdebocht.nl\/de\/wp-json\/wp\/v2\/pages\/1386\/revisions"}],"predecessor-version":[{"id":1416,"href":"https:\/\/www.campingdebocht.nl\/de\/wp-json\/wp\/v2\/pages\/1386\/revisions\/1416"}],"wp:attachment":[{"href":"https:\/\/www.campingdebocht.nl\/de\/wp-json\/wp\/v2\/media?parent=1386"}],"curies":[{"name":"wp","href":"https:\/\/api.w.org\/{rel}","templated":true}]}}